{"id":23051,"date":"2022-12-21T11:31:06","date_gmt":"2022-12-21T11:31:06","guid":{"rendered":"https:\/\/tuguiaensalamanca.com\/politica-sulla-riservatezza\/"},"modified":"2023-05-29T08:36:36","modified_gmt":"2023-05-29T08:36:36","slug":"politica-sulla-riservatezza","status":"publish","type":"page","link":"https:\/\/tuguiaensalamanca.com\/it\/politica-sulla-riservatezza\/","title":{"rendered":"politica sulla riservatezza"},"content":{"rendered":"\t\t<div data-elementor-type=\"wp-page\" data-elementor-id=\"23051\" class=\"elementor elementor-23051 elementor-17864\" data-elementor-post-type=\"page\">\n\t\t\t\t\t\t<section class=\"elementor-section elementor-top-section elementor-element elementor-element-b1a6d2e elementor-section-boxed elementor-section-height-default elementor-section-height-default sc_fly_static\" data-id=\"b1a6d2e\" data-element_type=\"section\" data-e-type=\"section\">\n\t\t\t\t\t\t<div class=\"elementor-container elementor-column-gap-extended\">\n\t\t\t\t\t<div class=\"elementor-column elementor-col-100 elementor-top-column elementor-element elementor-element-b19bac2 sc_inner_width_none sc_content_align_inherit sc_layouts_column_icons_position_left sc_fly_static\" data-id=\"b19bac2\" data-element_type=\"column\" data-e-type=\"column\">\n\t\t\t<div class=\"elementor-widget-wrap elementor-element-populated\">\n\t\t\t\t\t\t<div class=\"elementor-element elementor-element-7cd7371 sc_fly_static elementor-widget elementor-widget-text-editor\" data-id=\"7cd7371\" data-element_type=\"widget\" data-e-type=\"widget\" data-widget_type=\"text-editor.default\">\n\t\t\t\t<div class=\"elementor-widget-container\">\n\t\t\t\t\t\t\t\t\t<p>Con la presente Informativa sulla privacy rispettiamo la normativa vigente in materia di protezione dei dati e servizi della societ\u00e0 dell&#8217;informazione e del commercio elettronico. TUGUIENSALAMANCA \u2013 Salamanca, tratta i tuoi dati personali quando ce li fornisci attraverso: www.tuguiaensalamanca.com, di seguito, il Web.<br \/>I dati che ci fornisci durante la navigazione sul Web saranno soggetti all&#8217;applicazione della presente Informativa sulla privacy, insieme ad altre Condizioni d&#8217;uso del Web, quando esistono. L&#8217;informativa sulla privacy pu\u00f2 essere modificata, ma \u00e8 tua responsabilit\u00e0 leggerla periodicamente, poich\u00e9 sar\u00e0 applicabile quella in vigore al momento dell&#8217;utilizzo del Web.<\/p>\n<ol>\n<li style=\"list-style-type: none;\">\n<ol>\n<li style=\"list-style-type: none;\">\n<ol>\n<li><strong>RESPONSABILI DEI TUOI DATI, CHI SIAMO NOI?<\/strong><br \/>TUGUIAENSALAMANCA \u00e8 responsabile del trattamento dei tuoi dati personali.<br \/>Se ne hai bisogno, puoi contattare info@tuguiaensalamanca.com o per telefono 696891702.<\/li>\n<li><strong>PRINCIPI E IMPEGNI SULLA PRIVACY<\/strong><br \/>Principio di legalit\u00e0, lealt\u00e0 e trasparenza: Chiederemo il tuo consenso per il trattamento dei dati personali per le diverse finalit\u00e0 di cui ti informiamo in modo trasparente quando necessario. Non invieremo comunicazioni di marketing a meno che tu non ci chieda di farlo. Non offriamo n\u00e9 vendiamo dati personali.<br \/>Principio di minimizzazione dei dati: Verranno richiesti solo i dati personali strettamente necessari per l&#8217;espletamento del rapporto contrattuale e per le finalit\u00e0 definite.<br \/>Principio di limitazione del periodo di conservazione: I dati personali saranno conservati per il tempo necessario a seconda della finalit\u00e0. Il minimo legale sar\u00e0 mantenuto, quando esiste, o 2 anni dall&#8217;ultimo utilizzo, a condizione che tu non abbia precedentemente utilizzato il tuo diritto di recesso.<br \/>Principio di integrit\u00e0 e riservatezza: I dati saranno trattati con adeguata sicurezza e garantendo la totale riservatezza e salvaguardia. Prendiamo tutte le precauzioni per impedire l&#8217;accesso non autorizzato.<\/li>\n<li><strong>QUALI DATI PERSONALI RACCOGLIAMO NEL WEB?<\/strong><br \/>Sul Web possiamo raccogliere i seguenti dati personali.<br \/>Dati che possono identificare l&#8217;utente: nome, email e telefono; coordinate bancarie per effettuare il pagamento e altri dati come l&#8217;indirizzo IP del computer o del dispositivo mobile, nonch\u00e9 le informazioni che otteniamo tramite i cookie. Per maggiori informazioni consulta la cookie policy.<\/li>\n<li><strong>COME VENGONO RACCOLTI I DATI? QUALI SONO LE FINALIT\u00c0 DEL TRATTAMENTO?<\/strong><br \/>\u00c8 necessario leggere l&#8217;informativa sulla privacy prima di iniziare a navigare sul Web. Sei responsabile di garantire che i dati personali che ci fornisci siano veritieri e accurati e di comunicarne eventuali modifiche.<br \/>Possiamo raccogliere o ricevere i tuoi dati attraverso i nostri siti Web, moduli, utilizzando i cookie, sempre dall&#8217;utente interessato e attraverso il consenso nei casi applicabili.<br \/>La base giuridica del trattamento dei tuoi dati personali pu\u00f2 essere:<br \/>\u2014 Consenso dell&#8217;utente<br \/>L&#8217;interesse legittimo di TUGUIAENSALAMANCA di poter offrire il servizio all&#8217;interessato (rispondere alle richieste dell&#8217;utente ed elaborare la prenotazione delle attivit\u00e0) e consentire il funzionamento dei nostri siti Web tramite cookie tecnici e funzionali. Inviare comunicazioni commerciali agli Utenti tramite e-mail, lettera o telefono o altri mezzi di comunicazione equivalenti relativi ai servizi di TUGUIAENSALAMANCA a condizione che l&#8217;Utente abbia acconsentito a tale finalit\u00e0 del trattamento dei dati personali.<br \/>\u2014 Adempimento degli obblighi di legge che comportano il trattamento dei dati personali<br \/>Nel modulo i campi obbligatori sono indicati da asterischi.<br \/>\u2014 I dati che richiediamo sono necessari per fornire il servizio che hai richiesto.<\/li>\n<li><strong>DIAMO VIA I TUOI DATI PERSONALI?<\/strong><br \/>I dati personali possono essere trattati da responsabili del trattamento dei dati di fiducia (terze parti) per conto di TUGUIAENSALAMANCA. I tuoi dati saranno trasferiti anche quando vi \u00e8 un obbligo legale.<\/li>\n<li><strong>COLLEGAMENTI A SITI DI TERZE PARTI<\/strong><br \/>Il nostro sito Web contiene collegamenti che portano ad altri siti Web. Quando si segue uno di questi collegamenti, \u00e8 necessario tenere conto delle politiche sulla privacy di ciascuno dei siti Web a cui si accede, quindi non ne siamo responsabili. Si prega di rivedere tali politiche prima di inviare dati personali a questi siti web<\/li>\n<li><strong>SOCIAL NETWORK E CONTENUTI GENERATI DAGLI UTENTI<\/strong><br \/>Qualsiasi contenuto che invii ai nostri social network \u00e8 pubblico e pu\u00f2 essere visto da chiunque, quindi ti consigliamo di prestare particolare attenzione quando fornisci dati personali, poich\u00e9 non siamo responsabili delle azioni degli utenti. Dal sito Web TUGUIAENSALAMANCA si consiglia di non fornire alcuna informazione personale.<\/li>\n<li><strong>PER QUANTO TEMPO CONSERVIAMO I TUOI DATI PERSONALI?<\/strong><br \/>Secondo il principio di limitazione del periodo di conservazione, i dati personali vengono conservati solo per il tempo necessario per lo scopo descritto in ciascun caso, per soddisfare le vostre esigenze o per adempiere ai nostri obblighi legali. I dati personali forniti saranno conservati fintanto che il rapporto viene mantenuto e non si richiede la loro cancellazione, saranno conservati in conformit\u00e0 con i termini legali stabiliti, quando esistenti, o due anni dall&#8217;ultimo utilizzo degli stessi. Quando non avremo pi\u00f9 bisogno di utilizzare i tuoi dati personali, verranno rimossi dai nostri database.<\/li>\n<li><strong>I TUOI DIRITTI<\/strong><br \/>L&#8217;interessato pu\u00f2 esercitare i seguenti diritti:<br \/>Diritto all&#8217;informazione e alla trasparenza: hai il diritto di ricevere informazioni chiare, complete, trasparenti e di facile comprensione sul modo in cui utilizziamo i tuoi dati personali e sui tuoi diritti. Hai detto informazioni in questa politica.<br \/>Diritto di accesso: hai il diritto di poter accedere ai dati personali che abbiamo su di te (con determinati limiti). Dovresti sapere che pu\u00f2 essere addebitata una tariffa ragionevole per coprire i costi amministrativi sostenuti che ci\u00f2 potrebbe derivare. Richieste di diritti infondate, eccessive o ripetitive potrebbero non essere onorate. Per esercitare questo diritto, contattaci.<br \/>Diritto di rettifica: hai il diritto di poter rettificare i tuoi dati personali quando non sono accurati, hanno cessato di essere corretti o li completano. Per esercitare questo diritto, contattaci.<br \/>Diritto alla cancellazione\/diritto all&#8217;oblio: in alcuni casi, avrai il diritto di far cancellare o rimuovere i tuoi dati personali. Sebbene non sia un diritto incondizionato, poich\u00e9 potrebbero esserci motivi legali o legittimi per mantenerli. Per esercitare questo diritto, contattaci.<br \/>Diritto di revocare il consenso quando il trattamento dei dati \u00e8 basato sul consenso. Puoi revocare il tuo consenso al trattamento dei tuoi dati personali quando il trattamento \u00e8 basato sul tuo consenso. La revoca del consenso non pregiudicher\u00e0 la liceit\u00e0 del trattamento basata sul consenso prestato prima della revoca. Se desideri revocare il tuo consenso, ti preghiamo di contattarci.<br \/>Diritto di presentare un reclamo a un&#8217;autorit\u00e0 di controllo: hai il diritto di segnalare all&#8217;Agenzia spagnola per la protezione dei dati le pratiche di protezione della privacy e dei dati di TURISMO DE SALAMANCA. Contattaci con uno dei mezzi indicati di seguito prima di presentare un reclamo all&#8217;autorit\u00e0 competente in materia di protezione dei dati.<br \/>Diritto alla portabilit\u00e0 dei dati: Lei ha il diritto di trasferire i dati dal nostro database a un altro, ma \u00e8 possibile esercitare tale diritto solo con riferimento ai dati da Lei forniti, quando il trattamento \u00e8 basato sull&#8217;esecuzione di un contratto o previo Suo consenso, e il trattamento \u00e8 effettuato con modalit\u00e0 automatizzate.<br \/>Diritto alla limitazione del trattamento: hai il diritto di richiedere il blocco temporaneo del trattamento dei tuoi dati. Esercitando tale diritto, il trattamento dei tuoi dati sar\u00e0 soggetto a limitazioni, pertanto potranno essere archiviati ma non ulteriormente utilizzati. Questo diritto pu\u00f2 essere esercitato solo in determinate circostanze definite dal GDPR, che indica:<br \/>Che l&#8217;interessato contesti l&#8217;esattezza dei dati personali, durante il periodo che consente al responsabile di verificare l&#8217;esattezza degli stessi.<br \/>Che il trattamento \u00e8 illecito e l&#8217;interessato si oppone alla cancellazione dei dati personali e chiede invece la limitazione del loro utilizzo.<br \/>Che il responsabile non ha pi\u00f9 bisogno dei dati personali ai fini del trattamento, ma l&#8217;interessato ne ha bisogno per la formulazione, l&#8217;esercizio o la difesa dei reclami.<br \/>Che l&#8217;interessato si sia opposto al trattamento ai sensi dell&#8217;articolo 21, comma 1, mentre si verifica se i motivi legittimi del responsabile prevalgono su quelli dell&#8217;interessato.<br \/>Se desideri esercitare questo diritto, ti preghiamo di contattarci. Per elaborare la richiesta, potremmo chiederti di dimostrare la tua identit\u00e0.<\/li>\n<li><strong>CONTATTA LA TUGUIAENSALAMANCA<\/strong><br \/>Se hai domande sul modo in cui trattiamo e utilizziamo i tuoi dati personali o desideri esercitare uno dei diritti descritti, puoi contattarci all&#8217;indirizzo info@tuguiaensalamanca.com o chiamando il numero 696891702.<\/li>\n<\/ol>\n<\/li>\n<\/ol>\n<\/li>\n<\/ol>\n\t\t\t\t\t\t\t\t<\/div>\n\t\t\t\t<\/div>\n\t\t\t\t\t<\/div>\n\t\t<\/div>\n\t\t\t\t\t<\/div>\n\t\t<\/section>\n\t\t\t\t<\/div>\n\t\t","protected":false},"excerpt":{"rendered":"<p>Con la presente Informativa sulla privacy rispettiamo la normativa vigente in materia di protezione dei dati e servizi della societ\u00e0 dell&#8217;informazione e del commercio elettronico. TUGUIENSALAMANCA \u2013 Salamanca, tratta i&hellip;<\/p>\n","protected":false},"author":1,"featured_media":0,"parent":0,"menu_order":0,"comment_status":"closed","ping_status":"closed","template":"elementor_header_footer","meta":{"_acf_changed":false,"rs_blank_template":"","rs_page_bg_color":"","slide_template_v7":"","footnotes":""},"categorias-de-paginas":[],"class_list":["post-23051","page","type-page","status-publish","hentry"],"acf":[],"yoast_head":"<!-- This site is optimized with the Yoast SEO plugin v27.4 - https:\/\/yoast.com\/product\/yoast-seo-wordpress\/ -->\n<title>politica sulla riservatezza - Tu gu\u00eda en Salamanca<\/title>\n<meta name=\"robots\" content=\"noindex, nofollow\" \/>\n<meta property=\"og:locale\" content=\"it_IT\" \/>\n<meta property=\"og:type\" content=\"article\" \/>\n<meta property=\"og:title\" content=\"politica sulla riservatezza - Tu gu\u00eda en Salamanca\" \/>\n<meta property=\"og:description\" content=\"Con la presente Informativa sulla privacy rispettiamo la normativa vigente in materia di protezione dei dati e servizi della societ\u00e0 dell&#8217;informazione e del commercio elettronico. TUGUIENSALAMANCA \u2013 Salamanca, tratta i&hellip;\" \/>\n<meta property=\"og:url\" content=\"https:\/\/tuguiaensalamanca.com\/it\/politica-sulla-riservatezza\/\" \/>\n<meta property=\"og:site_name\" content=\"Tu gu\u00eda en Salamanca\" \/>\n<meta property=\"article:publisher\" content=\"https:\/\/www.facebook.com\/tuguiaensalamanca\/\" \/>\n<meta property=\"article:modified_time\" content=\"2023-05-29T08:36:36+00:00\" \/>\n<meta name=\"twitter:card\" content=\"summary_large_image\" \/>\n<meta name=\"twitter:label1\" content=\"Tempo di lettura stimato\" \/>\n\t<meta name=\"twitter:data1\" content=\"6 minuti\" \/>\n<script type=\"application\/ld+json\" class=\"yoast-schema-graph\">{\"@context\":\"https:\\\/\\\/schema.org\",\"@graph\":[{\"@type\":\"WebPage\",\"@id\":\"https:\\\/\\\/tuguiaensalamanca.com\\\/it\\\/politica-sulla-riservatezza\\\/\",\"url\":\"https:\\\/\\\/tuguiaensalamanca.com\\\/it\\\/politica-sulla-riservatezza\\\/\",\"name\":\"politica sulla riservatezza - Tu gu\u00eda en Salamanca\",\"isPartOf\":{\"@id\":\"https:\\\/\\\/tuguiaensalamanca.com\\\/it\\\/#website\"},\"datePublished\":\"2022-12-21T11:31:06+00:00\",\"dateModified\":\"2023-05-29T08:36:36+00:00\",\"breadcrumb\":{\"@id\":\"https:\\\/\\\/tuguiaensalamanca.com\\\/it\\\/politica-sulla-riservatezza\\\/#breadcrumb\"},\"inLanguage\":\"it-IT\",\"potentialAction\":[{\"@type\":\"ReadAction\",\"target\":[\"https:\\\/\\\/tuguiaensalamanca.com\\\/it\\\/politica-sulla-riservatezza\\\/\"]}]},{\"@type\":\"BreadcrumbList\",\"@id\":\"https:\\\/\\\/tuguiaensalamanca.com\\\/it\\\/politica-sulla-riservatezza\\\/#breadcrumb\",\"itemListElement\":[{\"@type\":\"ListItem\",\"position\":1,\"name\":\"Home\",\"item\":\"https:\\\/\\\/tuguiaensalamanca.com\\\/it\\\/\"},{\"@type\":\"ListItem\",\"position\":2,\"name\":\"politica sulla riservatezza\"}]},{\"@type\":\"WebSite\",\"@id\":\"https:\\\/\\\/tuguiaensalamanca.com\\\/it\\\/#website\",\"url\":\"https:\\\/\\\/tuguiaensalamanca.com\\\/it\\\/\",\"name\":\"Tu gu\u00eda en Salamanca\",\"description\":\"Tu gu\u00eda en Salamanca\",\"publisher\":{\"@id\":\"https:\\\/\\\/tuguiaensalamanca.com\\\/it\\\/#organization\"},\"alternateName\":\"Tu gu\u00eda en Salamanca\",\"potentialAction\":[{\"@type\":\"SearchAction\",\"target\":{\"@type\":\"EntryPoint\",\"urlTemplate\":\"https:\\\/\\\/tuguiaensalamanca.com\\\/it\\\/?s={search_term_string}\"},\"query-input\":{\"@type\":\"PropertyValueSpecification\",\"valueRequired\":true,\"valueName\":\"search_term_string\"}}],\"inLanguage\":\"it-IT\"},{\"@type\":\"Organization\",\"@id\":\"https:\\\/\\\/tuguiaensalamanca.com\\\/it\\\/#organization\",\"name\":\"Tu gu\u00eda en Salamanca\",\"alternateName\":\"Tu gu\u00eda en Salamanca\",\"url\":\"https:\\\/\\\/tuguiaensalamanca.com\\\/it\\\/\",\"logo\":{\"@type\":\"ImageObject\",\"inLanguage\":\"it-IT\",\"@id\":\"https:\\\/\\\/tuguiaensalamanca.com\\\/it\\\/#\\\/schema\\\/logo\\\/image\\\/\",\"url\":\"https:\\\/\\\/tuguiaensalamanca.com\\\/wp-content\\\/uploads\\\/2020\\\/06\\\/logoAlexiaGrande-1.svg\",\"contentUrl\":\"https:\\\/\\\/tuguiaensalamanca.com\\\/wp-content\\\/uploads\\\/2020\\\/06\\\/logoAlexiaGrande-1.svg\",\"width\":1779,\"height\":714,\"caption\":\"Tu gu\u00eda en Salamanca\"},\"image\":{\"@id\":\"https:\\\/\\\/tuguiaensalamanca.com\\\/it\\\/#\\\/schema\\\/logo\\\/image\\\/\"},\"sameAs\":[\"https:\\\/\\\/www.facebook.com\\\/tuguiaensalamanca\\\/\",\"https:\\\/\\\/www.instagram.com\\\/tuguiaensalamanca\\\/\",\"https:\\\/\\\/www.youtube.com\\\/@TUGUIAENSALAMANCA-rr5be\"]}]}<\/script>\n<!-- \/ Yoast SEO plugin. -->","yoast_head_json":{"title":"politica sulla riservatezza - Tu gu\u00eda en Salamanca","robots":{"index":"noindex","follow":"nofollow"},"og_locale":"it_IT","og_type":"article","og_title":"politica sulla riservatezza - Tu gu\u00eda en Salamanca","og_description":"Con la presente Informativa sulla privacy rispettiamo la normativa vigente in materia di protezione dei dati e servizi della societ\u00e0 dell&#8217;informazione e del commercio elettronico. TUGUIENSALAMANCA \u2013 Salamanca, tratta i&hellip;","og_url":"https:\/\/tuguiaensalamanca.com\/it\/politica-sulla-riservatezza\/","og_site_name":"Tu gu\u00eda en Salamanca","article_publisher":"https:\/\/www.facebook.com\/tuguiaensalamanca\/","article_modified_time":"2023-05-29T08:36:36+00:00","twitter_card":"summary_large_image","twitter_misc":{"Tempo di lettura stimato":"6 minuti"},"schema":{"@context":"https:\/\/schema.org","@graph":[{"@type":"WebPage","@id":"https:\/\/tuguiaensalamanca.com\/it\/politica-sulla-riservatezza\/","url":"https:\/\/tuguiaensalamanca.com\/it\/politica-sulla-riservatezza\/","name":"politica sulla riservatezza - Tu gu\u00eda en Salamanca","isPartOf":{"@id":"https:\/\/tuguiaensalamanca.com\/it\/#website"},"datePublished":"2022-12-21T11:31:06+00:00","dateModified":"2023-05-29T08:36:36+00:00","breadcrumb":{"@id":"https:\/\/tuguiaensalamanca.com\/it\/politica-sulla-riservatezza\/#breadcrumb"},"inLanguage":"it-IT","potentialAction":[{"@type":"ReadAction","target":["https:\/\/tuguiaensalamanca.com\/it\/politica-sulla-riservatezza\/"]}]},{"@type":"BreadcrumbList","@id":"https:\/\/tuguiaensalamanca.com\/it\/politica-sulla-riservatezza\/#breadcrumb","itemListElement":[{"@type":"ListItem","position":1,"name":"Home","item":"https:\/\/tuguiaensalamanca.com\/it\/"},{"@type":"ListItem","position":2,"name":"politica sulla riservatezza"}]},{"@type":"WebSite","@id":"https:\/\/tuguiaensalamanca.com\/it\/#website","url":"https:\/\/tuguiaensalamanca.com\/it\/","name":"Tu gu\u00eda en Salamanca","description":"Tu gu\u00eda en Salamanca","publisher":{"@id":"https:\/\/tuguiaensalamanca.com\/it\/#organization"},"alternateName":"Tu gu\u00eda en Salamanca","potentialAction":[{"@type":"SearchAction","target":{"@type":"EntryPoint","urlTemplate":"https:\/\/tuguiaensalamanca.com\/it\/?s={search_term_string}"},"query-input":{"@type":"PropertyValueSpecification","valueRequired":true,"valueName":"search_term_string"}}],"inLanguage":"it-IT"},{"@type":"Organization","@id":"https:\/\/tuguiaensalamanca.com\/it\/#organization","name":"Tu gu\u00eda en Salamanca","alternateName":"Tu gu\u00eda en Salamanca","url":"https:\/\/tuguiaensalamanca.com\/it\/","logo":{"@type":"ImageObject","inLanguage":"it-IT","@id":"https:\/\/tuguiaensalamanca.com\/it\/#\/schema\/logo\/image\/","url":"https:\/\/tuguiaensalamanca.com\/wp-content\/uploads\/2020\/06\/logoAlexiaGrande-1.svg","contentUrl":"https:\/\/tuguiaensalamanca.com\/wp-content\/uploads\/2020\/06\/logoAlexiaGrande-1.svg","width":1779,"height":714,"caption":"Tu gu\u00eda en Salamanca"},"image":{"@id":"https:\/\/tuguiaensalamanca.com\/it\/#\/schema\/logo\/image\/"},"sameAs":["https:\/\/www.facebook.com\/tuguiaensalamanca\/","https:\/\/www.instagram.com\/tuguiaensalamanca\/","https:\/\/www.youtube.com\/@TUGUIAENSALAMANCA-rr5be"]}]}},"_links":{"self":[{"href":"https:\/\/tuguiaensalamanca.com\/it\/wp-json\/wp\/v2\/pages\/23051","targetHints":{"allow":["GET"]}}],"collection":[{"href":"https:\/\/tuguiaensalamanca.com\/it\/wp-json\/wp\/v2\/pages"}],"about":[{"href":"https:\/\/tuguiaensalamanca.com\/it\/wp-json\/wp\/v2\/types\/page"}],"author":[{"embeddable":true,"href":"https:\/\/tuguiaensalamanca.com\/it\/wp-json\/wp\/v2\/users\/1"}],"replies":[{"embeddable":true,"href":"https:\/\/tuguiaensalamanca.com\/it\/wp-json\/wp\/v2\/comments?post=23051"}],"version-history":[{"count":0,"href":"https:\/\/tuguiaensalamanca.com\/it\/wp-json\/wp\/v2\/pages\/23051\/revisions"}],"wp:attachment":[{"href":"https:\/\/tuguiaensalamanca.com\/it\/wp-json\/wp\/v2\/media?parent=23051"}],"wp:term":[{"taxonomy":"categorias-de-paginas","embeddable":true,"href":"https:\/\/tuguiaensalamanca.com\/it\/wp-json\/wp\/v2\/categorias-de-paginas?post=23051"}],"curies":[{"name":"wp","href":"https:\/\/api.w.org\/{rel}","templated":true}]}}