{"id":23034,"date":"2023-02-23T12:02:37","date_gmt":"2023-02-23T12:02:37","guid":{"rendered":"https:\/\/tuguiaensalamanca.com\/missione-visione-e-valori\/"},"modified":"2023-11-03T14:14:33","modified_gmt":"2023-11-03T14:14:33","slug":"missione-visione-e-valori","status":"publish","type":"page","link":"https:\/\/tuguiaensalamanca.com\/it\/missione-visione-e-valori\/","title":{"rendered":"Missione, visione e valori"},"content":{"rendered":"\t\t<div data-elementor-type=\"wp-page\" data-elementor-id=\"23034\" class=\"elementor elementor-23034 elementor-18701\" data-elementor-post-type=\"page\">\n\t\t\t\t\t\t<section class=\"elementor-section elementor-top-section elementor-element elementor-element-cb9c43d scheme_default elementor-section-full_width elementor-section-height-default elementor-section-height-default sc_fly_static\" data-id=\"cb9c43d\" data-element_type=\"section\" data-e-type=\"section\" data-settings=\"{&quot;background_background&quot;:&quot;classic&quot;}\">\n\t\t\t\t\t\t\t<div class=\"elementor-background-overlay\"><\/div>\n\t\t\t\t\t\t\t<div class=\"elementor-container elementor-column-gap-extended\">\n\t\t\t\t\t<div class=\"elementor-column elementor-col-100 elementor-top-column elementor-element elementor-element-be95422 up-translateZ sc_inner_width_none sc_content_align_inherit sc_layouts_column_icons_position_left sc_fly_static\" data-id=\"be95422\" data-element_type=\"column\" data-e-type=\"column\" data-settings=\"{&quot;background_background&quot;:&quot;classic&quot;}\">\n\t\t\t<div class=\"elementor-widget-wrap elementor-element-populated\">\n\t\t\t\t\t\t<div class=\"elementor-element elementor-element-d970f35 sc_fly_static elementor-widget elementor-widget-spacer\" data-id=\"d970f35\" data-element_type=\"widget\" data-e-type=\"widget\" data-widget_type=\"spacer.default\">\n\t\t\t\t<div class=\"elementor-widget-container\">\n\t\t\t\t\t\t\t<div class=\"elementor-spacer\">\n\t\t\t<div class=\"elementor-spacer-inner\"><\/div>\n\t\t<\/div>\n\t\t\t\t\t\t<\/div>\n\t\t\t\t<\/div>\n\t\t\t\t<div class=\"elementor-element elementor-element-2950e09 scheme_dark sc_fly_static elementor-widget elementor-widget-trx_sc_title\" data-id=\"2950e09\" data-element_type=\"widget\" data-e-type=\"widget\" data-widget_type=\"trx_sc_title.default\">\n\t\t\t\t<div class=\"elementor-widget-container\">\n\t\t\t\t\t<div\t\tclass=\"sc_title scheme_dark sc_title_default\" ><h1 class=\"sc_item_title sc_title_title sc_align_center sc_item_title_style_default sc_item_title_tag\"\n\t\t\t><span class=\"sc_item_title_text\">Missione, visione e valori<\/span><\/h1><\/div>\t\t\t\t<\/div>\n\t\t\t\t<\/div>\n\t\t\t\t<div class=\"elementor-element elementor-element-b44fec3 elementor-align-center sc_fly_static elementor-widget elementor-widget-breadcrumbs\" data-id=\"b44fec3\" data-element_type=\"widget\" data-e-type=\"widget\" data-widget_type=\"breadcrumbs.default\">\n\t\t\t\t<div class=\"elementor-widget-container\">\n\t\t\t\t\t<p id=\"breadcrumbs\"><span><span><a href=\"https:\/\/tuguiaensalamanca.com\/it\/\">Home<\/a><\/span><\/span><\/p>\t\t\t\t<\/div>\n\t\t\t\t<\/div>\n\t\t\t\t<div class=\"elementor-element elementor-element-fe652a1 sc_fly_static elementor-widget elementor-widget-spacer\" data-id=\"fe652a1\" data-element_type=\"widget\" data-e-type=\"widget\" data-widget_type=\"spacer.default\">\n\t\t\t\t<div class=\"elementor-widget-container\">\n\t\t\t\t\t\t\t<div class=\"elementor-spacer\">\n\t\t\t<div class=\"elementor-spacer-inner\"><\/div>\n\t\t<\/div>\n\t\t\t\t\t\t<\/div>\n\t\t\t\t<\/div>\n\t\t\t\t\t<\/div>\n\t\t<\/div>\n\t\t\t\t\t<\/div>\n\t\t<\/section>\n\t\t\t\t<section class=\"elementor-section elementor-top-section elementor-element elementor-element-b1a6d2e elementor-section-boxed elementor-section-height-default elementor-section-height-default sc_fly_static\" data-id=\"b1a6d2e\" data-element_type=\"section\" data-e-type=\"section\">\n\t\t\t\t\t\t<div class=\"elementor-container elementor-column-gap-extended\">\n\t\t\t\t\t<div class=\"elementor-column elementor-col-100 elementor-top-column elementor-element elementor-element-b19bac2 sc_inner_width_none sc_content_align_inherit sc_layouts_column_icons_position_left sc_fly_static\" data-id=\"b19bac2\" data-element_type=\"column\" data-e-type=\"column\">\n\t\t\t<div class=\"elementor-widget-wrap elementor-element-populated\">\n\t\t\t\t\t\t<div class=\"elementor-element elementor-element-5a4fd55 sc_height_medium sc_fly_static elementor-widget elementor-widget-spacer\" data-id=\"5a4fd55\" data-element_type=\"widget\" data-e-type=\"widget\" data-widget_type=\"spacer.default\">\n\t\t\t\t<div class=\"elementor-widget-container\">\n\t\t\t\t\t\t\t<div class=\"elementor-spacer\">\n\t\t\t<div class=\"elementor-spacer-inner\"><\/div>\n\t\t<\/div>\n\t\t\t\t\t\t<\/div>\n\t\t\t\t<\/div>\n\t\t\t\t<div class=\"elementor-element elementor-element-94c2f05 sc_fly_static elementor-widget elementor-widget-heading\" data-id=\"94c2f05\" data-element_type=\"widget\" data-e-type=\"widget\" data-widget_type=\"heading.default\">\n\t\t\t\t<div class=\"elementor-widget-container\">\n\t\t\t\t\t<h2 class=\"elementor-heading-title elementor-size-default\">Missione<\/h2>\t\t\t\t<\/div>\n\t\t\t\t<\/div>\n\t\t\t\t<div class=\"elementor-element elementor-element-4f6b5f1 sc_height_tiny sc_fly_static elementor-widget elementor-widget-spacer\" data-id=\"4f6b5f1\" data-element_type=\"widget\" data-e-type=\"widget\" data-widget_type=\"spacer.default\">\n\t\t\t\t<div class=\"elementor-widget-container\">\n\t\t\t\t\t\t\t<div class=\"elementor-spacer\">\n\t\t\t<div class=\"elementor-spacer-inner\"><\/div>\n\t\t<\/div>\n\t\t\t\t\t\t<\/div>\n\t\t\t\t<\/div>\n\t\t\t\t<div class=\"elementor-element elementor-element-530f0f3 sc_fly_static elementor-widget elementor-widget-text-editor\" data-id=\"530f0f3\" data-element_type=\"widget\" data-e-type=\"widget\" data-widget_type=\"text-editor.default\">\n\t\t\t\t<div class=\"elementor-widget-container\">\n\t\t\t\t\t\t\t\t\t<p>La missione di <strong>TUGUIAENSALAMANCA<\/strong> \u00e8 offrire ai passeggeri nazionali e internazionali visite guidate di alta qualit\u00e0, sicurezza e sostenibilit\u00e0 ambientale, socioculturale ed economica principalmente a Salamanca, cos\u00ec come nella provincia e nella regione di Castilla y Le\u00f3n. Il nostro obiettivo principale \u00e8 fornire un&#8217;attenzione personalizzata, con una buona comunicazione e velocit\u00e0, realizzando i sogni dei nostri clienti di vivere e godere di esperienze uniche.<\/p>\n<p>Crediamo che il turismo sia la <strong>piu grande scuola del mondo<\/strong>, che possa aiutare a <strong>trasformare parti della nostra vita<\/strong>, contribuendo alla <strong>rigenerazione del nostro pianeta.<\/strong> Attraverso <strong>visite ed esperienze innovative<\/strong>, insegniamo conoscenza, apprezzamento e alternative per l&#8217;uso sostenibile de<strong>l<\/strong> <strong>patrimonio naturale e culturale.<\/strong><\/p>\n<p>Con l&#8217;obiettivo di creare esperienze da vivere con tutti i sensi, progettiamo visite guidate in quattro lingue e organizziamo il tuo viaggio in Castilla y Le\u00f3n.<\/p>\n\t\t\t\t\t\t\t\t<\/div>\n\t\t\t\t<\/div>\n\t\t\t\t<div class=\"elementor-element elementor-element-4cf948a sc_height_small sc_fly_static elementor-widget elementor-widget-spacer\" data-id=\"4cf948a\" data-element_type=\"widget\" data-e-type=\"widget\" data-widget_type=\"spacer.default\">\n\t\t\t\t<div class=\"elementor-widget-container\">\n\t\t\t\t\t\t\t<div class=\"elementor-spacer\">\n\t\t\t<div class=\"elementor-spacer-inner\"><\/div>\n\t\t<\/div>\n\t\t\t\t\t\t<\/div>\n\t\t\t\t<\/div>\n\t\t\t\t<div class=\"elementor-element elementor-element-b53bdcf sc_fly_static elementor-widget elementor-widget-heading\" data-id=\"b53bdcf\" data-element_type=\"widget\" data-e-type=\"widget\" data-widget_type=\"heading.default\">\n\t\t\t\t<div class=\"elementor-widget-container\">\n\t\t\t\t\t<h2 class=\"elementor-heading-title elementor-size-default\">Visione<\/h2>\t\t\t\t<\/div>\n\t\t\t\t<\/div>\n\t\t\t\t<div class=\"elementor-element elementor-element-e017b48 sc_height_tiny sc_fly_static elementor-widget elementor-widget-spacer\" data-id=\"e017b48\" data-element_type=\"widget\" data-e-type=\"widget\" data-widget_type=\"spacer.default\">\n\t\t\t\t<div class=\"elementor-widget-container\">\n\t\t\t\t\t\t\t<div class=\"elementor-spacer\">\n\t\t\t<div class=\"elementor-spacer-inner\"><\/div>\n\t\t<\/div>\n\t\t\t\t\t\t<\/div>\n\t\t\t\t<\/div>\n\t\t\t\t<div class=\"elementor-element elementor-element-db1807e sc_fly_static elementor-widget elementor-widget-text-editor\" data-id=\"db1807e\" data-element_type=\"widget\" data-e-type=\"widget\" data-widget_type=\"text-editor.default\">\n\t\t\t\t<div class=\"elementor-widget-container\">\n\t\t\t\t\t\t\t\t\t<p>La nostra visione \u00e8 quella di essere un&#8217;azienda di riferimento nel settore turistico di Salamanca, offrendo visite uniche e innovative, ed essendo la preferita da clienti stranieri, visitatori che necessitano di un viaggio su misura attraverso la regione e turisti in cerca di esperienze innovative. interessante ed ecosostenibile.<\/p>\n<p>Ci proiettiamo a crescere come azienda sostenibile, aumentando la redditivit\u00e0 della nostra attivit\u00e0, lavorando in modo ecologicamente responsabile, economicamente equo e socio-culturale inclusivo.<\/p>\n<p>Vogliamo essere un&#8217;azienda di esempio per la progettazione e lo sviluppo di visite turistiche sostenibili di qualit\u00e0, sorprendendo continuamente il nostro ambiente con la nostra innovazione, la nostra professionalit\u00e0 e il nostro impegno.<\/p>\n\t\t\t\t\t\t\t\t<\/div>\n\t\t\t\t<\/div>\n\t\t\t\t<div class=\"elementor-element elementor-element-9f8cdc1 sc_height_small sc_fly_static elementor-widget elementor-widget-spacer\" data-id=\"9f8cdc1\" data-element_type=\"widget\" data-e-type=\"widget\" data-widget_type=\"spacer.default\">\n\t\t\t\t<div class=\"elementor-widget-container\">\n\t\t\t\t\t\t\t<div class=\"elementor-spacer\">\n\t\t\t<div class=\"elementor-spacer-inner\"><\/div>\n\t\t<\/div>\n\t\t\t\t\t\t<\/div>\n\t\t\t\t<\/div>\n\t\t\t\t<div class=\"elementor-element elementor-element-4f8c3b9 sc_fly_static elementor-widget elementor-widget-heading\" data-id=\"4f8c3b9\" data-element_type=\"widget\" data-e-type=\"widget\" data-widget_type=\"heading.default\">\n\t\t\t\t<div class=\"elementor-widget-container\">\n\t\t\t\t\t<h2 class=\"elementor-heading-title elementor-size-default\">Valori<\/h2>\t\t\t\t<\/div>\n\t\t\t\t<\/div>\n\t\t\t\t<div class=\"elementor-element elementor-element-003b6cb sc_height_tiny sc_fly_static elementor-widget elementor-widget-spacer\" data-id=\"003b6cb\" data-element_type=\"widget\" data-e-type=\"widget\" data-widget_type=\"spacer.default\">\n\t\t\t\t<div class=\"elementor-widget-container\">\n\t\t\t\t\t\t\t<div class=\"elementor-spacer\">\n\t\t\t<div class=\"elementor-spacer-inner\"><\/div>\n\t\t<\/div>\n\t\t\t\t\t\t<\/div>\n\t\t\t\t<\/div>\n\t\t\t\t<div class=\"elementor-element elementor-element-3043c45 sc_fly_static elementor-widget elementor-widget-text-editor\" data-id=\"3043c45\" data-element_type=\"widget\" data-e-type=\"widget\" data-widget_type=\"text-editor.default\">\n\t\t\t\t<div class=\"elementor-widget-container\">\n\t\t\t\t\t\t\t\t\t<p>Impegnati ad essere una squadra con un&#8217;ottima predisposizione al lavoro, ben addestrati, esperti, dinamici, efficaci, con un&#8217;elevata capacit\u00e0 di risposta, con lo stesso scopo e un obiettivo di lavoro focalizzato sulla soddisfazione del turista.<\/p>\n<ul>\n<li><strong>Qualit\u00e0<\/strong> nei nostri servizi e attenzione personalizzata ai nostri clienti per ottenere la loro fiducia e lealt\u00e0. Inoltre, offriamo <strong>tariffe competitive<\/strong>, con un elevato rapporto qualit\u00e0-prezzo che soddisfano le esigenze dei nostri clienti.<\/li>\n<li><strong>Incentrato sul cliente<\/strong>: la soddisfazione dei nostri clienti \u00e8 essenziale per il successo di TUGUIAENSALAMANCA. Conosciamo il tuo interesse quando ascoltiamo, comprendiamo e anticipiamo le tue esigenze e riusciamo a soddisfare le tue aspettative, oltre che attraverso sondaggi sulla soddisfazione, opinioni su Tripadvisor, sito Web e commenti sui social network. Analizziamo tutti i commenti, le opinioni e le critiche per migliorare giorno dopo giorno.<\/li>\n<li><strong>Etica e responsabilit\u00e0 sociale<\/strong> con i nostri dipendenti, fornitori e clienti. Ci impegniamo costantemente a praticare i pi\u00f9 elevati standard di integrit\u00e0. Siamo onesti, etici ed equi in tutte le nostre attivit\u00e0. Ci assumiamo la responsabilit\u00e0 delle nostre azioni e trattiamo tutti con rispetto, per assicurarci di rimanere un&#8217;azienda affidabile. Collaboriamo anche con diverse ONG della citt\u00e0, associazioni per disabili e anziani, scuole, istituti&#8230; Crediamo che la conoscenza della storia, dei monumenti e degli spazi di Salamanca debba essere accessibile e di pubblico dominio, motivo per cui facciamo il nostro pezzo di sabbia in modo che sia cos\u00ec, e tutti possiamo godere e amare la nostra citt\u00e0 e la nostra regione.<\/li>\n<li><strong>Sostenibilit\u00e0 e sicurezza:<\/strong> ci impegniamo per la sostenibilit\u00e0 a tutti i livelli: le nostre attivit\u00e0 sono rispettose dell&#8217;ambiente, socioculturalmente eque, economicamente eque e redditizie. Abbiamo una visione a lungo termine, motivo per cui coinvolgiamo sia i nostri clienti nel processo di miglioramento continuo, sia i nostri fornitori scelti con cura. Implementiamo anche misure di sicurezza e protezione per prevenire la diffusione di COVID-19.<\/li>\n<li><strong>Visite innovative e originali<\/strong> che coinvolgono esperienze di vita uniche. Siamo aperti a idee che sfidano il quotidiano e l&#8217;esistente. Siamo costantemente alla ricerca di nuovi servizi, modi per far conoscere qualcosa da scoprire.<\/li>\n<\/ul>\n\t\t\t\t\t\t\t\t<\/div>\n\t\t\t\t<\/div>\n\t\t\t\t<div class=\"elementor-element elementor-element-71cc53c sc_height_medium sc_fly_static elementor-widget elementor-widget-spacer\" data-id=\"71cc53c\" data-element_type=\"widget\" data-e-type=\"widget\" data-widget_type=\"spacer.default\">\n\t\t\t\t<div class=\"elementor-widget-container\">\n\t\t\t\t\t\t\t<div class=\"elementor-spacer\">\n\t\t\t<div class=\"elementor-spacer-inner\"><\/div>\n\t\t<\/div>\n\t\t\t\t\t\t<\/div>\n\t\t\t\t<\/div>\n\t\t\t\t\t<\/div>\n\t\t<\/div>\n\t\t\t\t\t<\/div>\n\t\t<\/section>\n\t\t\t\t<\/div>\n\t\t","protected":false},"excerpt":{"rendered":"<p>Missione, visione e valori Missione La missione di TUGUIAENSALAMANCA \u00e8 offrire ai passeggeri nazionali e internazionali visite guidate di alta qualit\u00e0, sicurezza e sostenibilit\u00e0 ambientale, socioculturale ed economica principalmente a&hellip;<\/p>\n","protected":false},"author":1,"featured_media":0,"parent":0,"menu_order":0,"comment_status":"closed","ping_status":"closed","template":"elementor_header_footer","meta":{"_acf_changed":false,"rs_blank_template":"","rs_page_bg_color":"","slide_template_v7":"","footnotes":""},"categorias-de-paginas":[],"class_list":["post-23034","page","type-page","status-publish","hentry"],"acf":[],"yoast_head":"<!-- This site is optimized with the Yoast SEO plugin v27.4 - https:\/\/yoast.com\/product\/yoast-seo-wordpress\/ -->\n<title>Missione, visione e valori di Tu Gu\u00eda en Salamanca<\/title>\n<meta name=\"description\" content=\"Tu Gu\u00eda en Salamanca si propone di fornire visite guidate di alta qualit\u00e0 a Salamanca, rispettando il patrimonio culturale della citt\u00e0.\" \/>\n<meta name=\"robots\" content=\"index, follow, max-snippet:-1, max-image-preview:large, max-video-preview:-1\" \/>\n<link rel=\"canonical\" href=\"https:\/\/tuguiaensalamanca.com\/it\/missione-visione-e-valori\/\" \/>\n<meta property=\"og:locale\" content=\"it_IT\" \/>\n<meta property=\"og:type\" content=\"article\" \/>\n<meta property=\"og:title\" content=\"Missione, visione e valori di Tu Gu\u00eda en Salamanca\" \/>\n<meta property=\"og:description\" content=\"Tu Gu\u00eda en Salamanca si propone di fornire visite guidate di alta qualit\u00e0 a Salamanca, rispettando il patrimonio culturale della citt\u00e0.\" \/>\n<meta property=\"og:url\" content=\"https:\/\/tuguiaensalamanca.com\/it\/missione-visione-e-valori\/\" \/>\n<meta property=\"og:site_name\" content=\"Tu gu\u00eda en Salamanca\" \/>\n<meta property=\"article:publisher\" content=\"https:\/\/www.facebook.com\/tuguiaensalamanca\/\" \/>\n<meta property=\"article:modified_time\" content=\"2023-11-03T14:14:33+00:00\" \/>\n<meta name=\"twitter:card\" content=\"summary_large_image\" \/>\n<meta name=\"twitter:label1\" content=\"Tempo di lettura stimato\" \/>\n\t<meta name=\"twitter:data1\" content=\"4 minuti\" \/>\n<script type=\"application\/ld+json\" class=\"yoast-schema-graph\">{\"@context\":\"https:\\\/\\\/schema.org\",\"@graph\":[{\"@type\":\"WebPage\",\"@id\":\"https:\\\/\\\/tuguiaensalamanca.com\\\/it\\\/missione-visione-e-valori\\\/\",\"url\":\"https:\\\/\\\/tuguiaensalamanca.com\\\/it\\\/missione-visione-e-valori\\\/\",\"name\":\"Missione, visione e valori di Tu Gu\u00eda en Salamanca\",\"isPartOf\":{\"@id\":\"https:\\\/\\\/tuguiaensalamanca.com\\\/it\\\/#website\"},\"datePublished\":\"2023-02-23T12:02:37+00:00\",\"dateModified\":\"2023-11-03T14:14:33+00:00\",\"description\":\"Tu Gu\u00eda en Salamanca si propone di fornire visite guidate di alta qualit\u00e0 a Salamanca, rispettando il patrimonio culturale della citt\u00e0.\",\"breadcrumb\":{\"@id\":\"https:\\\/\\\/tuguiaensalamanca.com\\\/it\\\/missione-visione-e-valori\\\/#breadcrumb\"},\"inLanguage\":\"it-IT\",\"potentialAction\":[{\"@type\":\"ReadAction\",\"target\":[\"https:\\\/\\\/tuguiaensalamanca.com\\\/it\\\/missione-visione-e-valori\\\/\"]}]},{\"@type\":\"BreadcrumbList\",\"@id\":\"https:\\\/\\\/tuguiaensalamanca.com\\\/it\\\/missione-visione-e-valori\\\/#breadcrumb\",\"itemListElement\":[{\"@type\":\"ListItem\",\"position\":1,\"name\":\"Home\",\"item\":\"https:\\\/\\\/tuguiaensalamanca.com\\\/it\\\/\"},{\"@type\":\"ListItem\",\"position\":2,\"name\":\"Missione, visione e valori\"}]},{\"@type\":\"WebSite\",\"@id\":\"https:\\\/\\\/tuguiaensalamanca.com\\\/it\\\/#website\",\"url\":\"https:\\\/\\\/tuguiaensalamanca.com\\\/it\\\/\",\"name\":\"Tu gu\u00eda en Salamanca\",\"description\":\"Tu gu\u00eda en Salamanca\",\"publisher\":{\"@id\":\"https:\\\/\\\/tuguiaensalamanca.com\\\/it\\\/#organization\"},\"alternateName\":\"Tu gu\u00eda en Salamanca\",\"potentialAction\":[{\"@type\":\"SearchAction\",\"target\":{\"@type\":\"EntryPoint\",\"urlTemplate\":\"https:\\\/\\\/tuguiaensalamanca.com\\\/it\\\/?s={search_term_string}\"},\"query-input\":{\"@type\":\"PropertyValueSpecification\",\"valueRequired\":true,\"valueName\":\"search_term_string\"}}],\"inLanguage\":\"it-IT\"},{\"@type\":\"Organization\",\"@id\":\"https:\\\/\\\/tuguiaensalamanca.com\\\/it\\\/#organization\",\"name\":\"Tu gu\u00eda en Salamanca\",\"alternateName\":\"Tu gu\u00eda en Salamanca\",\"url\":\"https:\\\/\\\/tuguiaensalamanca.com\\\/it\\\/\",\"logo\":{\"@type\":\"ImageObject\",\"inLanguage\":\"it-IT\",\"@id\":\"https:\\\/\\\/tuguiaensalamanca.com\\\/it\\\/#\\\/schema\\\/logo\\\/image\\\/\",\"url\":\"https:\\\/\\\/tuguiaensalamanca.com\\\/wp-content\\\/uploads\\\/2020\\\/06\\\/logoAlexiaGrande-1.svg\",\"contentUrl\":\"https:\\\/\\\/tuguiaensalamanca.com\\\/wp-content\\\/uploads\\\/2020\\\/06\\\/logoAlexiaGrande-1.svg\",\"width\":1779,\"height\":714,\"caption\":\"Tu gu\u00eda en Salamanca\"},\"image\":{\"@id\":\"https:\\\/\\\/tuguiaensalamanca.com\\\/it\\\/#\\\/schema\\\/logo\\\/image\\\/\"},\"sameAs\":[\"https:\\\/\\\/www.facebook.com\\\/tuguiaensalamanca\\\/\",\"https:\\\/\\\/www.instagram.com\\\/tuguiaensalamanca\\\/\",\"https:\\\/\\\/www.youtube.com\\\/@TUGUIAENSALAMANCA-rr5be\"]}]}<\/script>\n<!-- \/ Yoast SEO plugin. -->","yoast_head_json":{"title":"Missione, visione e valori di Tu Gu\u00eda en Salamanca","description":"Tu Gu\u00eda en Salamanca si propone di fornire visite guidate di alta qualit\u00e0 a Salamanca, rispettando il patrimonio culturale della citt\u00e0.","robots":{"index":"index","follow":"follow","max-snippet":"max-snippet:-1","max-image-preview":"max-image-preview:large","max-video-preview":"max-video-preview:-1"},"canonical":"https:\/\/tuguiaensalamanca.com\/it\/missione-visione-e-valori\/","og_locale":"it_IT","og_type":"article","og_title":"Missione, visione e valori di Tu Gu\u00eda en Salamanca","og_description":"Tu Gu\u00eda en Salamanca si propone di fornire visite guidate di alta qualit\u00e0 a Salamanca, rispettando il patrimonio culturale della citt\u00e0.","og_url":"https:\/\/tuguiaensalamanca.com\/it\/missione-visione-e-valori\/","og_site_name":"Tu gu\u00eda en Salamanca","article_publisher":"https:\/\/www.facebook.com\/tuguiaensalamanca\/","article_modified_time":"2023-11-03T14:14:33+00:00","twitter_card":"summary_large_image","twitter_misc":{"Tempo di lettura stimato":"4 minuti"},"schema":{"@context":"https:\/\/schema.org","@graph":[{"@type":"WebPage","@id":"https:\/\/tuguiaensalamanca.com\/it\/missione-visione-e-valori\/","url":"https:\/\/tuguiaensalamanca.com\/it\/missione-visione-e-valori\/","name":"Missione, visione e valori di Tu Gu\u00eda en Salamanca","isPartOf":{"@id":"https:\/\/tuguiaensalamanca.com\/it\/#website"},"datePublished":"2023-02-23T12:02:37+00:00","dateModified":"2023-11-03T14:14:33+00:00","description":"Tu Gu\u00eda en Salamanca si propone di fornire visite guidate di alta qualit\u00e0 a Salamanca, rispettando il patrimonio culturale della citt\u00e0.","breadcrumb":{"@id":"https:\/\/tuguiaensalamanca.com\/it\/missione-visione-e-valori\/#breadcrumb"},"inLanguage":"it-IT","potentialAction":[{"@type":"ReadAction","target":["https:\/\/tuguiaensalamanca.com\/it\/missione-visione-e-valori\/"]}]},{"@type":"BreadcrumbList","@id":"https:\/\/tuguiaensalamanca.com\/it\/missione-visione-e-valori\/#breadcrumb","itemListElement":[{"@type":"ListItem","position":1,"name":"Home","item":"https:\/\/tuguiaensalamanca.com\/it\/"},{"@type":"ListItem","position":2,"name":"Missione, visione e valori"}]},{"@type":"WebSite","@id":"https:\/\/tuguiaensalamanca.com\/it\/#website","url":"https:\/\/tuguiaensalamanca.com\/it\/","name":"Tu gu\u00eda en Salamanca","description":"Tu gu\u00eda en Salamanca","publisher":{"@id":"https:\/\/tuguiaensalamanca.com\/it\/#organization"},"alternateName":"Tu gu\u00eda en Salamanca","potentialAction":[{"@type":"SearchAction","target":{"@type":"EntryPoint","urlTemplate":"https:\/\/tuguiaensalamanca.com\/it\/?s={search_term_string}"},"query-input":{"@type":"PropertyValueSpecification","valueRequired":true,"valueName":"search_term_string"}}],"inLanguage":"it-IT"},{"@type":"Organization","@id":"https:\/\/tuguiaensalamanca.com\/it\/#organization","name":"Tu gu\u00eda en Salamanca","alternateName":"Tu gu\u00eda en Salamanca","url":"https:\/\/tuguiaensalamanca.com\/it\/","logo":{"@type":"ImageObject","inLanguage":"it-IT","@id":"https:\/\/tuguiaensalamanca.com\/it\/#\/schema\/logo\/image\/","url":"https:\/\/tuguiaensalamanca.com\/wp-content\/uploads\/2020\/06\/logoAlexiaGrande-1.svg","contentUrl":"https:\/\/tuguiaensalamanca.com\/wp-content\/uploads\/2020\/06\/logoAlexiaGrande-1.svg","width":1779,"height":714,"caption":"Tu gu\u00eda en Salamanca"},"image":{"@id":"https:\/\/tuguiaensalamanca.com\/it\/#\/schema\/logo\/image\/"},"sameAs":["https:\/\/www.facebook.com\/tuguiaensalamanca\/","https:\/\/www.instagram.com\/tuguiaensalamanca\/","https:\/\/www.youtube.com\/@TUGUIAENSALAMANCA-rr5be"]}]}},"_links":{"self":[{"href":"https:\/\/tuguiaensalamanca.com\/it\/wp-json\/wp\/v2\/pages\/23034","targetHints":{"allow":["GET"]}}],"collection":[{"href":"https:\/\/tuguiaensalamanca.com\/it\/wp-json\/wp\/v2\/pages"}],"about":[{"href":"https:\/\/tuguiaensalamanca.com\/it\/wp-json\/wp\/v2\/types\/page"}],"author":[{"embeddable":true,"href":"https:\/\/tuguiaensalamanca.com\/it\/wp-json\/wp\/v2\/users\/1"}],"replies":[{"embeddable":true,"href":"https:\/\/tuguiaensalamanca.com\/it\/wp-json\/wp\/v2\/comments?post=23034"}],"version-history":[{"count":0,"href":"https:\/\/tuguiaensalamanca.com\/it\/wp-json\/wp\/v2\/pages\/23034\/revisions"}],"wp:attachment":[{"href":"https:\/\/tuguiaensalamanca.com\/it\/wp-json\/wp\/v2\/media?parent=23034"}],"wp:term":[{"taxonomy":"categorias-de-paginas","embeddable":true,"href":"https:\/\/tuguiaensalamanca.com\/it\/wp-json\/wp\/v2\/categorias-de-paginas?post=23034"}],"curies":[{"name":"wp","href":"https:\/\/api.w.org\/{rel}","templated":true}]}}