{"id":23026,"date":"2022-12-21T16:36:40","date_gmt":"2022-12-21T15:36:40","guid":{"rendered":"https:\/\/tuguiaensalamanca.com\/avviso-legale\/"},"modified":"2023-05-29T07:27:40","modified_gmt":"2023-05-29T07:27:40","slug":"avviso-legale","status":"publish","type":"page","link":"https:\/\/tuguiaensalamanca.com\/it\/avviso-legale\/","title":{"rendered":"Avviso legale"},"content":{"rendered":"<p>Trattamento dei dati ricavati dal modulo web<\/p>\n<p><b>Clausola informativa: modulo web<\/b><\/p>\n<p>In ottemperanza alla normativa vigente in materia di protezione dei dati personali, ti informiamo che i dati personali che ci fornisci al momento della compilazione del modulo diventeranno di responsabilit\u00e0 di:<br \/> TUGUIAENSALAMANCA<b>, con email:<\/b><\/p>\n<p><a href=\"mailto:info@tuguiaensalamanca.com\">info@tuguiaensalamanca.com<\/a> e telefono <a href=\"tel:696891702\">696 89 17 02.<\/a><\/p>\n<p>Trattiamo le informazioni che ci fornisci per rispondere alla tua domanda e per prenotare l&#8217;attivit\u00e0, attraverso il modulo I dati forniti saranno conservati fino alla risoluzione della richiesta effettuata. I dati non saranno ceduti a terzi se non nei casi in cui vi sia un obbligo di legge. Lei ha il diritto di ottenere la conferma dell&#8217;esistenza o meno <b>TUGUIAENSALAMANCA<\/b>stiamo trattando i tuoi dati personali pertanto hai il diritto di accedere ai tuoi dati personali, rettificare dati inesatti o richiederne la cancellazione quando i dati non sono pi\u00f9 necessari per gli scopi per i quali sono stati raccolti.<\/p>\n<p>La compilazione di tutti i campi \u00e8 obbligatoria e implica il Suo espresso consenso al trattamento dei Suoi dati personali per le finalit\u00e0 indicate; il mancato rispetto pu\u00f2 comportare l&#8217;impossibilit\u00e0 da parte nostra di rispondere al servizio richiesto. Per maggiori informazioni leggi il Politica sulla riservatezza.<\/p>\n","protected":false},"excerpt":{"rendered":"<p>Trattamento dei dati ricavati dal modulo web Clausola informativa: modulo web In ottemperanza alla normativa vigente in materia di protezione dei dati personali, ti informiamo che i dati personali che&hellip;<\/p>\n","protected":false},"author":1,"featured_media":0,"parent":0,"menu_order":0,"comment_status":"closed","ping_status":"closed","template":"elementor_header_footer","meta":{"_acf_changed":false,"rs_blank_template":"","rs_page_bg_color":"","slide_template_v7":"","footnotes":""},"categorias-de-paginas":[],"class_list":["post-23026","page","type-page","status-publish","hentry"],"acf":[],"yoast_head":"<!-- This site is optimized with the Yoast SEO plugin v27.4 - https:\/\/yoast.com\/product\/yoast-seo-wordpress\/ -->\n<title>Avviso legale - Tu gu\u00eda en Salamanca<\/title>\n<meta name=\"robots\" content=\"noindex, nofollow\" \/>\n<meta property=\"og:locale\" content=\"it_IT\" \/>\n<meta property=\"og:type\" content=\"article\" \/>\n<meta property=\"og:title\" content=\"Avviso legale - Tu gu\u00eda en Salamanca\" \/>\n<meta property=\"og:description\" content=\"Trattamento dei dati ricavati dal modulo web Clausola informativa: modulo web In ottemperanza alla normativa vigente in materia di protezione dei dati personali, ti informiamo che i dati personali che&hellip;\" \/>\n<meta property=\"og:url\" content=\"https:\/\/tuguiaensalamanca.com\/it\/avviso-legale\/\" \/>\n<meta property=\"og:site_name\" content=\"Tu gu\u00eda en Salamanca\" \/>\n<meta property=\"article:publisher\" content=\"https:\/\/www.facebook.com\/tuguiaensalamanca\/\" \/>\n<meta property=\"article:modified_time\" content=\"2023-05-29T07:27:40+00:00\" \/>\n<meta name=\"twitter:card\" content=\"summary_large_image\" \/>\n<meta name=\"twitter:label1\" content=\"Tempo di lettura stimato\" \/>\n\t<meta name=\"twitter:data1\" content=\"1 minuto\" \/>\n<script type=\"application\/ld+json\" class=\"yoast-schema-graph\">{\"@context\":\"https:\\\/\\\/schema.org\",\"@graph\":[{\"@type\":\"WebPage\",\"@id\":\"https:\\\/\\\/tuguiaensalamanca.com\\\/it\\\/avviso-legale\\\/\",\"url\":\"https:\\\/\\\/tuguiaensalamanca.com\\\/it\\\/avviso-legale\\\/\",\"name\":\"Avviso legale - Tu gu\u00eda en Salamanca\",\"isPartOf\":{\"@id\":\"https:\\\/\\\/tuguiaensalamanca.com\\\/it\\\/#website\"},\"datePublished\":\"2022-12-21T15:36:40+00:00\",\"dateModified\":\"2023-05-29T07:27:40+00:00\",\"breadcrumb\":{\"@id\":\"https:\\\/\\\/tuguiaensalamanca.com\\\/it\\\/avviso-legale\\\/#breadcrumb\"},\"inLanguage\":\"it-IT\",\"potentialAction\":[{\"@type\":\"ReadAction\",\"target\":[\"https:\\\/\\\/tuguiaensalamanca.com\\\/it\\\/avviso-legale\\\/\"]}]},{\"@type\":\"BreadcrumbList\",\"@id\":\"https:\\\/\\\/tuguiaensalamanca.com\\\/it\\\/avviso-legale\\\/#breadcrumb\",\"itemListElement\":[{\"@type\":\"ListItem\",\"position\":1,\"name\":\"Home\",\"item\":\"https:\\\/\\\/tuguiaensalamanca.com\\\/it\\\/\"},{\"@type\":\"ListItem\",\"position\":2,\"name\":\"Avviso legale\"}]},{\"@type\":\"WebSite\",\"@id\":\"https:\\\/\\\/tuguiaensalamanca.com\\\/it\\\/#website\",\"url\":\"https:\\\/\\\/tuguiaensalamanca.com\\\/it\\\/\",\"name\":\"Tu gu\u00eda en Salamanca\",\"description\":\"Tu gu\u00eda en Salamanca\",\"publisher\":{\"@id\":\"https:\\\/\\\/tuguiaensalamanca.com\\\/it\\\/#organization\"},\"alternateName\":\"Tu gu\u00eda en Salamanca\",\"potentialAction\":[{\"@type\":\"SearchAction\",\"target\":{\"@type\":\"EntryPoint\",\"urlTemplate\":\"https:\\\/\\\/tuguiaensalamanca.com\\\/it\\\/?s={search_term_string}\"},\"query-input\":{\"@type\":\"PropertyValueSpecification\",\"valueRequired\":true,\"valueName\":\"search_term_string\"}}],\"inLanguage\":\"it-IT\"},{\"@type\":\"Organization\",\"@id\":\"https:\\\/\\\/tuguiaensalamanca.com\\\/it\\\/#organization\",\"name\":\"Tu gu\u00eda en Salamanca\",\"alternateName\":\"Tu gu\u00eda en Salamanca\",\"url\":\"https:\\\/\\\/tuguiaensalamanca.com\\\/it\\\/\",\"logo\":{\"@type\":\"ImageObject\",\"inLanguage\":\"it-IT\",\"@id\":\"https:\\\/\\\/tuguiaensalamanca.com\\\/it\\\/#\\\/schema\\\/logo\\\/image\\\/\",\"url\":\"https:\\\/\\\/tuguiaensalamanca.com\\\/wp-content\\\/uploads\\\/2020\\\/06\\\/logoAlexiaGrande-1.svg\",\"contentUrl\":\"https:\\\/\\\/tuguiaensalamanca.com\\\/wp-content\\\/uploads\\\/2020\\\/06\\\/logoAlexiaGrande-1.svg\",\"width\":1779,\"height\":714,\"caption\":\"Tu gu\u00eda en Salamanca\"},\"image\":{\"@id\":\"https:\\\/\\\/tuguiaensalamanca.com\\\/it\\\/#\\\/schema\\\/logo\\\/image\\\/\"},\"sameAs\":[\"https:\\\/\\\/www.facebook.com\\\/tuguiaensalamanca\\\/\",\"https:\\\/\\\/www.instagram.com\\\/tuguiaensalamanca\\\/\",\"https:\\\/\\\/www.youtube.com\\\/@TUGUIAENSALAMANCA-rr5be\"]}]}<\/script>\n<!-- \/ Yoast SEO plugin. -->","yoast_head_json":{"title":"Avviso legale - Tu gu\u00eda en Salamanca","robots":{"index":"noindex","follow":"nofollow"},"og_locale":"it_IT","og_type":"article","og_title":"Avviso legale - Tu gu\u00eda en Salamanca","og_description":"Trattamento dei dati ricavati dal modulo web Clausola informativa: modulo web In ottemperanza alla normativa vigente in materia di protezione dei dati personali, ti informiamo che i dati personali che&hellip;","og_url":"https:\/\/tuguiaensalamanca.com\/it\/avviso-legale\/","og_site_name":"Tu gu\u00eda en Salamanca","article_publisher":"https:\/\/www.facebook.com\/tuguiaensalamanca\/","article_modified_time":"2023-05-29T07:27:40+00:00","twitter_card":"summary_large_image","twitter_misc":{"Tempo di lettura stimato":"1 minuto"},"schema":{"@context":"https:\/\/schema.org","@graph":[{"@type":"WebPage","@id":"https:\/\/tuguiaensalamanca.com\/it\/avviso-legale\/","url":"https:\/\/tuguiaensalamanca.com\/it\/avviso-legale\/","name":"Avviso legale - Tu gu\u00eda en Salamanca","isPartOf":{"@id":"https:\/\/tuguiaensalamanca.com\/it\/#website"},"datePublished":"2022-12-21T15:36:40+00:00","dateModified":"2023-05-29T07:27:40+00:00","breadcrumb":{"@id":"https:\/\/tuguiaensalamanca.com\/it\/avviso-legale\/#breadcrumb"},"inLanguage":"it-IT","potentialAction":[{"@type":"ReadAction","target":["https:\/\/tuguiaensalamanca.com\/it\/avviso-legale\/"]}]},{"@type":"BreadcrumbList","@id":"https:\/\/tuguiaensalamanca.com\/it\/avviso-legale\/#breadcrumb","itemListElement":[{"@type":"ListItem","position":1,"name":"Home","item":"https:\/\/tuguiaensalamanca.com\/it\/"},{"@type":"ListItem","position":2,"name":"Avviso legale"}]},{"@type":"WebSite","@id":"https:\/\/tuguiaensalamanca.com\/it\/#website","url":"https:\/\/tuguiaensalamanca.com\/it\/","name":"Tu gu\u00eda en Salamanca","description":"Tu gu\u00eda en Salamanca","publisher":{"@id":"https:\/\/tuguiaensalamanca.com\/it\/#organization"},"alternateName":"Tu gu\u00eda en Salamanca","potentialAction":[{"@type":"SearchAction","target":{"@type":"EntryPoint","urlTemplate":"https:\/\/tuguiaensalamanca.com\/it\/?s={search_term_string}"},"query-input":{"@type":"PropertyValueSpecification","valueRequired":true,"valueName":"search_term_string"}}],"inLanguage":"it-IT"},{"@type":"Organization","@id":"https:\/\/tuguiaensalamanca.com\/it\/#organization","name":"Tu gu\u00eda en Salamanca","alternateName":"Tu gu\u00eda en Salamanca","url":"https:\/\/tuguiaensalamanca.com\/it\/","logo":{"@type":"ImageObject","inLanguage":"it-IT","@id":"https:\/\/tuguiaensalamanca.com\/it\/#\/schema\/logo\/image\/","url":"https:\/\/tuguiaensalamanca.com\/wp-content\/uploads\/2020\/06\/logoAlexiaGrande-1.svg","contentUrl":"https:\/\/tuguiaensalamanca.com\/wp-content\/uploads\/2020\/06\/logoAlexiaGrande-1.svg","width":1779,"height":714,"caption":"Tu gu\u00eda en Salamanca"},"image":{"@id":"https:\/\/tuguiaensalamanca.com\/it\/#\/schema\/logo\/image\/"},"sameAs":["https:\/\/www.facebook.com\/tuguiaensalamanca\/","https:\/\/www.instagram.com\/tuguiaensalamanca\/","https:\/\/www.youtube.com\/@TUGUIAENSALAMANCA-rr5be"]}]}},"_links":{"self":[{"href":"https:\/\/tuguiaensalamanca.com\/it\/wp-json\/wp\/v2\/pages\/23026","targetHints":{"allow":["GET"]}}],"collection":[{"href":"https:\/\/tuguiaensalamanca.com\/it\/wp-json\/wp\/v2\/pages"}],"about":[{"href":"https:\/\/tuguiaensalamanca.com\/it\/wp-json\/wp\/v2\/types\/page"}],"author":[{"embeddable":true,"href":"https:\/\/tuguiaensalamanca.com\/it\/wp-json\/wp\/v2\/users\/1"}],"replies":[{"embeddable":true,"href":"https:\/\/tuguiaensalamanca.com\/it\/wp-json\/wp\/v2\/comments?post=23026"}],"version-history":[{"count":0,"href":"https:\/\/tuguiaensalamanca.com\/it\/wp-json\/wp\/v2\/pages\/23026\/revisions"}],"wp:attachment":[{"href":"https:\/\/tuguiaensalamanca.com\/it\/wp-json\/wp\/v2\/media?parent=23026"}],"wp:term":[{"taxonomy":"categorias-de-paginas","embeddable":true,"href":"https:\/\/tuguiaensalamanca.com\/it\/wp-json\/wp\/v2\/categorias-de-paginas?post=23026"}],"curies":[{"name":"wp","href":"https:\/\/api.w.org\/{rel}","templated":true}]}}