{"id":23024,"date":"2023-04-28T06:37:22","date_gmt":"2023-04-28T06:37:22","guid":{"rendered":"https:\/\/tuguiaensalamanca.com\/accessibilita\/"},"modified":"2023-05-29T07:21:57","modified_gmt":"2023-05-29T07:21:57","slug":"accessibilita","status":"publish","type":"page","link":"https:\/\/tuguiaensalamanca.com\/it\/accessibilita\/","title":{"rendered":"Accessibilit\u00e0"},"content":{"rendered":"\t\t<div data-elementor-type=\"wp-page\" data-elementor-id=\"23024\" class=\"elementor elementor-23024 elementor-22139\" data-elementor-post-type=\"page\">\n\t\t\t\t\t\t<section class=\"elementor-section elementor-top-section elementor-element elementor-element-b1a6d2e elementor-section-boxed elementor-section-height-default elementor-section-height-default sc_fly_static\" data-id=\"b1a6d2e\" data-element_type=\"section\" data-e-type=\"section\">\n\t\t\t\t\t\t<div class=\"elementor-container elementor-column-gap-extended\">\n\t\t\t\t\t<div class=\"elementor-column elementor-col-100 elementor-top-column elementor-element elementor-element-b19bac2 sc_inner_width_none sc_content_align_inherit sc_layouts_column_icons_position_left sc_fly_static\" data-id=\"b19bac2\" data-element_type=\"column\" data-e-type=\"column\">\n\t\t\t<div class=\"elementor-widget-wrap elementor-element-populated\">\n\t\t\t\t\t\t<div class=\"elementor-element elementor-element-7cd7371 sc_fly_static elementor-widget elementor-widget-text-editor\" data-id=\"7cd7371\" data-element_type=\"widget\" data-e-type=\"widget\" data-widget_type=\"text-editor.default\">\n\t\t\t\t<div class=\"elementor-widget-container\">\n\t\t\t\t\t\t\t\t\t<p><strong><span style=\"font-size: 20px;\">Accessibilit\u00e0<\/span><\/strong><br \/>Questa dichiarazione di accessibilit\u00e0 si applica al sito web https:\/\/tuguiaensalamanca.com<\/p>\n<p><strong>Stato di conformit\u00e0<\/strong><br \/>Questo sito web \u00e8 parzialmente conforme al RD 1112\/2018 per le eccezioni e la mancanza di conformit\u00e0 degli aspetti indicati al punto successivo.<\/p>\n<p><strong>Contenuto non accessibile<\/strong><br \/>I contenuti elencati di seguito non sono accessibili per i seguenti motivi:<\/p>\n<p>Mancato rispetto del RD 1112\/2018<\/p>\n<p>Potrebbero esserci documenti Office in PDF e altri formati pubblicati dopo il 20 settembre 2018 che non soddisfano pienamente i requisiti di accessibilit\u00e0. I documenti completamente accessibili possono essere richiesti dal modulo di contatto per formalizzare reclami e domande.<\/p>\n<p>Potrebbero esserci errori di codice di modifica specifici su alcune pagine web. [4 .1.1 Procesamiento]<\/p>\n<p>Potrebbero esserci degli aspetti di contrasto che non soddisfano il minimo richiesto, 3:1, rispetto ai colori adiacenti dello sfondo della sezione di web in questione. [9 .1.4.11 Contraste no textual]<\/p>\n<p>Potrebbero esserci alcuni elementi non di testo non etichettati correttamente [2 .5.3 Etiqueta en el nombre] y [4 .1.2 Nombre funci\u00f3n y valor]<\/p>\n<p>I motori di ricerca ricercano automaticamente senza la necessit\u00e0 di ordinare alcuna azione da parte dell&#8217;utente [3 .2.2 Al recibir entradas]<\/p>\n<p><strong>Onere sproporzionato<\/strong><\/p>\n<p>Non si applica.<\/p>\n<p>Il contenuto non rientra nell&#8217;ambito di applicazione della legge applicabile<\/p>\n<p>Potrebbero esserci file Office in PDF o altri formati che non soddisfano completamente tutti i requisiti di accessibilit\u00e0. Sebbene siano stati compiuti sforzi per garantire che la maggior parte di essi rispetti.<\/p>\n<p><strong>Preparati per la seguente dichiarazione di accessibilit\u00e0<\/strong><br \/>Questa dichiarazione \u00e8 stata preparata il 18 dicembre 2022.<\/p>\n<p>Il metodo utilizzato per la redazione del comunicato \u00e8 stato un&#8217;autovalutazione effettuata dall&#8217;ente stesso.<\/p>\n<p><strong>Osservazioni e informazioni di contatto<\/strong><br \/>Puoi effettuare comunicazioni sui requisiti di accessibilit\u00e0 (articolo 10.2.a del RD 1112\/2018) quali:<\/p>\n<p>Segnala qualsiasi possibile violazione da parte di questo sito web<br \/>Trasmetti altre difficolt\u00e0 di accesso ai contenuti<br \/>Formulare qualsiasi altra domanda o suggerimento per il miglioramento relativo all&#8217;accessibilit\u00e0 del sito Web tramite il modulo di contatto di questo sito Web<\/p>\n<p><strong>pu\u00f2 presentare<\/strong><br \/>Reclamo in merito al rispetto dei requisiti del RD 1112\/2018 o<br \/>Richiesta di informazioni accessibili riguardanti:<br \/>Contenuti esclusi dall&#8217;ambito di applicazione del RD 1112\/2018 come stabilito dall&#8217;articolo 3, comma 4<br \/>Contenuti esenti dal rispetto dei requisiti di accessibilit\u00e0 per l&#8217;imposizione di un onere sproporzionato<br \/>Nella Richiesta di informazioni accessibili devono essere chiaramente specificati i fatti, i motivi e la richiesta che consentono di verificare che si tratti di una richiesta ragionevole e legittima.<br \/>Reclami e reclami sulle informazioni accessibili saranno effettuati tramite il modulo di contatto su questo sito web.<\/p>\n<p><strong>Contenuto facoltativo<\/strong><br \/>Questo portale \u00e8 progettato per poter modificare la dimensione del testo e il colore, nonch\u00e9 lo sfondo della pagina attraverso le opzioni di configurazione standard dei browser.<\/p>\n<p>Se si desidera modificare la dimensione del carattere del testo nei principali browser grafici utilizzare i seguenti menu:<\/p>\n<p>Internet Explorer, Mozilla e Firefox: Visualizza &gt; dimensione del testo<br \/>Opera: vista &gt; Ingrandisci<br \/>Safari: Visualizza &gt; Rendere il testo pi\u00f9 grande<br \/>Chrome: controlla la pagina corrente&gt; dimensione del testo<br \/>Per ridimensionare tutto sulla pagina:<br \/>Ctrl + + per aumentarlo<br \/>Ctrl + \u2013 per diminuirlo<br \/>Ctrl + 0 ripristina la dimensione originale del testo<br \/>Se quello che vuoi \u00e8 cancellare il foglio di stile o modificare il colore del testo, puoi consultare la pagina Come modificare la dimensione del testo o i colori del WAI, che pu\u00f2 essere letta tradotta in spagnolo in Come modificare la dimensione del testo o colori?<\/p>\n\t\t\t\t\t\t\t\t<\/div>\n\t\t\t\t<\/div>\n\t\t\t\t\t<\/div>\n\t\t<\/div>\n\t\t\t\t\t<\/div>\n\t\t<\/section>\n\t\t\t\t<\/div>\n\t\t","protected":false},"excerpt":{"rendered":"<p>Accessibilit\u00e0Questa dichiarazione di accessibilit\u00e0 si applica al sito web https:\/\/tuguiaensalamanca.com Stato di conformit\u00e0Questo sito web \u00e8 parzialmente conforme al RD 1112\/2018 per le eccezioni e la mancanza di conformit\u00e0 degli&hellip;<\/p>\n","protected":false},"author":1,"featured_media":0,"parent":0,"menu_order":0,"comment_status":"closed","ping_status":"closed","template":"elementor_header_footer","meta":{"_acf_changed":false,"rs_blank_template":"","rs_page_bg_color":"","slide_template_v7":"","footnotes":""},"categorias-de-paginas":[],"class_list":["post-23024","page","type-page","status-publish","hentry"],"acf":[],"yoast_head":"<!-- This site is optimized with the Yoast SEO plugin v27.4 - https:\/\/yoast.com\/product\/yoast-seo-wordpress\/ -->\n<title>Accessibilit\u00e0 - Tu gu\u00eda en Salamanca<\/title>\n<meta name=\"robots\" content=\"noindex, nofollow\" \/>\n<meta property=\"og:locale\" content=\"it_IT\" \/>\n<meta property=\"og:type\" content=\"article\" \/>\n<meta property=\"og:title\" content=\"Accessibilit\u00e0 - Tu gu\u00eda en Salamanca\" \/>\n<meta property=\"og:description\" content=\"Accessibilit\u00e0Questa dichiarazione di accessibilit\u00e0 si applica al sito web https:\/\/tuguiaensalamanca.com Stato di conformit\u00e0Questo sito web \u00e8 parzialmente conforme al RD 1112\/2018 per le eccezioni e la mancanza di conformit\u00e0 degli&hellip;\" \/>\n<meta property=\"og:url\" content=\"https:\/\/tuguiaensalamanca.com\/it\/accessibilita\/\" \/>\n<meta property=\"og:site_name\" content=\"Tu gu\u00eda en Salamanca\" \/>\n<meta property=\"article:publisher\" content=\"https:\/\/www.facebook.com\/tuguiaensalamanca\/\" \/>\n<meta property=\"article:modified_time\" content=\"2023-05-29T07:21:57+00:00\" \/>\n<meta name=\"twitter:card\" content=\"summary_large_image\" \/>\n<meta name=\"twitter:label1\" content=\"Tempo di lettura stimato\" \/>\n\t<meta name=\"twitter:data1\" content=\"3 minuti\" \/>\n<script type=\"application\/ld+json\" class=\"yoast-schema-graph\">{\"@context\":\"https:\\\/\\\/schema.org\",\"@graph\":[{\"@type\":\"WebPage\",\"@id\":\"https:\\\/\\\/tuguiaensalamanca.com\\\/it\\\/accessibilita\\\/\",\"url\":\"https:\\\/\\\/tuguiaensalamanca.com\\\/it\\\/accessibilita\\\/\",\"name\":\"Accessibilit\u00e0 - Tu gu\u00eda en Salamanca\",\"isPartOf\":{\"@id\":\"https:\\\/\\\/tuguiaensalamanca.com\\\/it\\\/#website\"},\"datePublished\":\"2023-04-28T06:37:22+00:00\",\"dateModified\":\"2023-05-29T07:21:57+00:00\",\"breadcrumb\":{\"@id\":\"https:\\\/\\\/tuguiaensalamanca.com\\\/it\\\/accessibilita\\\/#breadcrumb\"},\"inLanguage\":\"it-IT\",\"potentialAction\":[{\"@type\":\"ReadAction\",\"target\":[\"https:\\\/\\\/tuguiaensalamanca.com\\\/it\\\/accessibilita\\\/\"]}]},{\"@type\":\"BreadcrumbList\",\"@id\":\"https:\\\/\\\/tuguiaensalamanca.com\\\/it\\\/accessibilita\\\/#breadcrumb\",\"itemListElement\":[{\"@type\":\"ListItem\",\"position\":1,\"name\":\"Home\",\"item\":\"https:\\\/\\\/tuguiaensalamanca.com\\\/it\\\/\"},{\"@type\":\"ListItem\",\"position\":2,\"name\":\"Accessibilit\u00e0\"}]},{\"@type\":\"WebSite\",\"@id\":\"https:\\\/\\\/tuguiaensalamanca.com\\\/it\\\/#website\",\"url\":\"https:\\\/\\\/tuguiaensalamanca.com\\\/it\\\/\",\"name\":\"Tu gu\u00eda en Salamanca\",\"description\":\"Tu gu\u00eda en Salamanca\",\"publisher\":{\"@id\":\"https:\\\/\\\/tuguiaensalamanca.com\\\/it\\\/#organization\"},\"alternateName\":\"Tu gu\u00eda en Salamanca\",\"potentialAction\":[{\"@type\":\"SearchAction\",\"target\":{\"@type\":\"EntryPoint\",\"urlTemplate\":\"https:\\\/\\\/tuguiaensalamanca.com\\\/it\\\/?s={search_term_string}\"},\"query-input\":{\"@type\":\"PropertyValueSpecification\",\"valueRequired\":true,\"valueName\":\"search_term_string\"}}],\"inLanguage\":\"it-IT\"},{\"@type\":\"Organization\",\"@id\":\"https:\\\/\\\/tuguiaensalamanca.com\\\/it\\\/#organization\",\"name\":\"Tu gu\u00eda en Salamanca\",\"alternateName\":\"Tu gu\u00eda en Salamanca\",\"url\":\"https:\\\/\\\/tuguiaensalamanca.com\\\/it\\\/\",\"logo\":{\"@type\":\"ImageObject\",\"inLanguage\":\"it-IT\",\"@id\":\"https:\\\/\\\/tuguiaensalamanca.com\\\/it\\\/#\\\/schema\\\/logo\\\/image\\\/\",\"url\":\"https:\\\/\\\/tuguiaensalamanca.com\\\/wp-content\\\/uploads\\\/2020\\\/06\\\/logoAlexiaGrande-1.svg\",\"contentUrl\":\"https:\\\/\\\/tuguiaensalamanca.com\\\/wp-content\\\/uploads\\\/2020\\\/06\\\/logoAlexiaGrande-1.svg\",\"width\":1779,\"height\":714,\"caption\":\"Tu gu\u00eda en Salamanca\"},\"image\":{\"@id\":\"https:\\\/\\\/tuguiaensalamanca.com\\\/it\\\/#\\\/schema\\\/logo\\\/image\\\/\"},\"sameAs\":[\"https:\\\/\\\/www.facebook.com\\\/tuguiaensalamanca\\\/\",\"https:\\\/\\\/www.instagram.com\\\/tuguiaensalamanca\\\/\",\"https:\\\/\\\/www.youtube.com\\\/@TUGUIAENSALAMANCA-rr5be\"]}]}<\/script>\n<!-- \/ Yoast SEO plugin. -->","yoast_head_json":{"title":"Accessibilit\u00e0 - Tu gu\u00eda en Salamanca","robots":{"index":"noindex","follow":"nofollow"},"og_locale":"it_IT","og_type":"article","og_title":"Accessibilit\u00e0 - Tu gu\u00eda en Salamanca","og_description":"Accessibilit\u00e0Questa dichiarazione di accessibilit\u00e0 si applica al sito web https:\/\/tuguiaensalamanca.com Stato di conformit\u00e0Questo sito web \u00e8 parzialmente conforme al RD 1112\/2018 per le eccezioni e la mancanza di conformit\u00e0 degli&hellip;","og_url":"https:\/\/tuguiaensalamanca.com\/it\/accessibilita\/","og_site_name":"Tu gu\u00eda en Salamanca","article_publisher":"https:\/\/www.facebook.com\/tuguiaensalamanca\/","article_modified_time":"2023-05-29T07:21:57+00:00","twitter_card":"summary_large_image","twitter_misc":{"Tempo di lettura stimato":"3 minuti"},"schema":{"@context":"https:\/\/schema.org","@graph":[{"@type":"WebPage","@id":"https:\/\/tuguiaensalamanca.com\/it\/accessibilita\/","url":"https:\/\/tuguiaensalamanca.com\/it\/accessibilita\/","name":"Accessibilit\u00e0 - Tu gu\u00eda en Salamanca","isPartOf":{"@id":"https:\/\/tuguiaensalamanca.com\/it\/#website"},"datePublished":"2023-04-28T06:37:22+00:00","dateModified":"2023-05-29T07:21:57+00:00","breadcrumb":{"@id":"https:\/\/tuguiaensalamanca.com\/it\/accessibilita\/#breadcrumb"},"inLanguage":"it-IT","potentialAction":[{"@type":"ReadAction","target":["https:\/\/tuguiaensalamanca.com\/it\/accessibilita\/"]}]},{"@type":"BreadcrumbList","@id":"https:\/\/tuguiaensalamanca.com\/it\/accessibilita\/#breadcrumb","itemListElement":[{"@type":"ListItem","position":1,"name":"Home","item":"https:\/\/tuguiaensalamanca.com\/it\/"},{"@type":"ListItem","position":2,"name":"Accessibilit\u00e0"}]},{"@type":"WebSite","@id":"https:\/\/tuguiaensalamanca.com\/it\/#website","url":"https:\/\/tuguiaensalamanca.com\/it\/","name":"Tu gu\u00eda en Salamanca","description":"Tu gu\u00eda en Salamanca","publisher":{"@id":"https:\/\/tuguiaensalamanca.com\/it\/#organization"},"alternateName":"Tu gu\u00eda en Salamanca","potentialAction":[{"@type":"SearchAction","target":{"@type":"EntryPoint","urlTemplate":"https:\/\/tuguiaensalamanca.com\/it\/?s={search_term_string}"},"query-input":{"@type":"PropertyValueSpecification","valueRequired":true,"valueName":"search_term_string"}}],"inLanguage":"it-IT"},{"@type":"Organization","@id":"https:\/\/tuguiaensalamanca.com\/it\/#organization","name":"Tu gu\u00eda en Salamanca","alternateName":"Tu gu\u00eda en Salamanca","url":"https:\/\/tuguiaensalamanca.com\/it\/","logo":{"@type":"ImageObject","inLanguage":"it-IT","@id":"https:\/\/tuguiaensalamanca.com\/it\/#\/schema\/logo\/image\/","url":"https:\/\/tuguiaensalamanca.com\/wp-content\/uploads\/2020\/06\/logoAlexiaGrande-1.svg","contentUrl":"https:\/\/tuguiaensalamanca.com\/wp-content\/uploads\/2020\/06\/logoAlexiaGrande-1.svg","width":1779,"height":714,"caption":"Tu gu\u00eda en Salamanca"},"image":{"@id":"https:\/\/tuguiaensalamanca.com\/it\/#\/schema\/logo\/image\/"},"sameAs":["https:\/\/www.facebook.com\/tuguiaensalamanca\/","https:\/\/www.instagram.com\/tuguiaensalamanca\/","https:\/\/www.youtube.com\/@TUGUIAENSALAMANCA-rr5be"]}]}},"_links":{"self":[{"href":"https:\/\/tuguiaensalamanca.com\/it\/wp-json\/wp\/v2\/pages\/23024","targetHints":{"allow":["GET"]}}],"collection":[{"href":"https:\/\/tuguiaensalamanca.com\/it\/wp-json\/wp\/v2\/pages"}],"about":[{"href":"https:\/\/tuguiaensalamanca.com\/it\/wp-json\/wp\/v2\/types\/page"}],"author":[{"embeddable":true,"href":"https:\/\/tuguiaensalamanca.com\/it\/wp-json\/wp\/v2\/users\/1"}],"replies":[{"embeddable":true,"href":"https:\/\/tuguiaensalamanca.com\/it\/wp-json\/wp\/v2\/comments?post=23024"}],"version-history":[{"count":0,"href":"https:\/\/tuguiaensalamanca.com\/it\/wp-json\/wp\/v2\/pages\/23024\/revisions"}],"wp:attachment":[{"href":"https:\/\/tuguiaensalamanca.com\/it\/wp-json\/wp\/v2\/media?parent=23024"}],"wp:term":[{"taxonomy":"categorias-de-paginas","embeddable":true,"href":"https:\/\/tuguiaensalamanca.com\/it\/wp-json\/wp\/v2\/categorias-de-paginas?post=23024"}],"curies":[{"name":"wp","href":"https:\/\/api.w.org\/{rel}","templated":true}]}}