{"id":28794,"date":"2026-03-19T18:23:16","date_gmt":"2026-03-19T17:23:16","guid":{"rendered":"https:\/\/tuguiaensalamanca.com\/?page_id=28794"},"modified":"2026-03-19T18:37:10","modified_gmt":"2026-03-19T17:37:10","slug":"visite-guidee-musees-salamanque","status":"publish","type":"page","link":"https:\/\/tuguiaensalamanca.com\/fr\/visites\/visites-privees\/visite-guidee-musees-salamanque\/","title":{"rendered":"Visite guid\u00e9e des mus\u00e9es incontournables de Salamanque : Casa Lis et Santa Clara"},"content":{"rendered":"","protected":false},"excerpt":{"rendered":"","protected":false},"author":25,"featured_media":28779,"parent":22897,"menu_order":0,"comment_status":"closed","ping_status":"closed","template":"","meta":{"_acf_changed":false,"rs_blank_template":"","rs_page_bg_color":"","slide_template_v7":"","footnotes":""},"categorias-de-paginas":[282,267,264],"class_list":["post-28794","page","type-page","status-publish","has-post-thumbnail","hentry","categorias-de-paginas-groupe-prive","categorias-de-paginas-tour-privado-fr","categorias-de-paginas-visitas-fr"],"acf":[],"yoast_head":"<!-- This site is optimized with the Yoast SEO plugin v27.4 - https:\/\/yoast.com\/product\/yoast-seo-wordpress\/ -->\n<title>Visite guid\u00e9e mus\u00e9es Salamanque<\/title>\n<meta name=\"description\" content=\"D\u00e9couvrez les mus\u00e9es incontournables de Salamanque avec un guide officiel. Casa Lis et Santa Clara en petit groupe. R\u00e9servez maintenant.\" \/>\n<meta name=\"robots\" content=\"index, follow, max-snippet:-1, max-image-preview:large, max-video-preview:-1\" \/>\n<link rel=\"canonical\" href=\"https:\/\/tuguiaensalamanca.com\/fr\/visites\/visites-privees\/visite-guidee-musees-salamanque\/\" \/>\n<meta property=\"og:locale\" content=\"fr_FR\" \/>\n<meta property=\"og:type\" content=\"article\" \/>\n<meta property=\"og:title\" content=\"Visite guid\u00e9e mus\u00e9es Salamanque\" \/>\n<meta property=\"og:description\" content=\"D\u00e9couvrez les mus\u00e9es incontournables de Salamanque avec un guide officiel. Casa Lis et Santa Clara en petit groupe. R\u00e9servez maintenant.\" \/>\n<meta property=\"og:url\" content=\"https:\/\/tuguiaensalamanca.com\/fr\/visites\/visites-privees\/visite-guidee-musees-salamanque\/\" \/>\n<meta property=\"og:site_name\" content=\"Tu gu\u00eda en Salamanca\" \/>\n<meta property=\"article:publisher\" content=\"https:\/\/www.facebook.com\/tuguiaensalamanca\/\" \/>\n<meta property=\"article:modified_time\" content=\"2026-03-19T17:37:10+00:00\" \/>\n<meta property=\"og:image\" content=\"https:\/\/tuguiaensalamanca.com\/wp-content\/uploads\/2026\/03\/15466799539_cc02a575e3_b.jpg\" \/>\n\t<meta property=\"og:image:width\" content=\"1024\" \/>\n\t<meta property=\"og:image:height\" content=\"768\" \/>\n\t<meta property=\"og:image:type\" content=\"image\/jpeg\" \/>\n<meta name=\"twitter:card\" content=\"summary_large_image\" \/>\n<meta name=\"twitter:label1\" content=\"Dur\u00e9e de lecture estim\u00e9e\" \/>\n\t<meta name=\"twitter:data1\" content=\"1 minute\" \/>\n<script type=\"application\/ld+json\" class=\"yoast-schema-graph\">{\"@context\":\"https:\\\/\\\/schema.org\",\"@graph\":[{\"@type\":\"WebPage\",\"@id\":\"https:\\\/\\\/tuguiaensalamanca.com\\\/fr\\\/visites\\\/visites-privees\\\/visite-guidee-musees-salamanque\\\/\",\"url\":\"https:\\\/\\\/tuguiaensalamanca.com\\\/fr\\\/visites\\\/visites-privees\\\/visite-guidee-musees-salamanque\\\/\",\"name\":\"Visite guid\u00e9e mus\u00e9es Salamanque\",\"isPartOf\":{\"@id\":\"https:\\\/\\\/tuguiaensalamanca.com\\\/fr\\\/#website\"},\"primaryImageOfPage\":{\"@id\":\"https:\\\/\\\/tuguiaensalamanca.com\\\/fr\\\/visites\\\/visites-privees\\\/visite-guidee-musees-salamanque\\\/#primaryimage\"},\"image\":{\"@id\":\"https:\\\/\\\/tuguiaensalamanca.com\\\/fr\\\/visites\\\/visites-privees\\\/visite-guidee-musees-salamanque\\\/#primaryimage\"},\"thumbnailUrl\":\"https:\\\/\\\/tuguiaensalamanca.com\\\/wp-content\\\/uploads\\\/2026\\\/03\\\/15466799539_cc02a575e3_b.jpg\",\"datePublished\":\"2026-03-19T17:23:16+00:00\",\"dateModified\":\"2026-03-19T17:37:10+00:00\",\"description\":\"D\u00e9couvrez les mus\u00e9es incontournables de Salamanque avec un guide officiel. Casa Lis et Santa Clara en petit groupe. R\u00e9servez maintenant.\",\"breadcrumb\":{\"@id\":\"https:\\\/\\\/tuguiaensalamanca.com\\\/fr\\\/visites\\\/visites-privees\\\/visite-guidee-musees-salamanque\\\/#breadcrumb\"},\"inLanguage\":\"fr-FR\",\"potentialAction\":[{\"@type\":\"ReadAction\",\"target\":[\"https:\\\/\\\/tuguiaensalamanca.com\\\/fr\\\/visites\\\/visites-privees\\\/visite-guidee-musees-salamanque\\\/\"]}]},{\"@type\":\"ImageObject\",\"inLanguage\":\"fr-FR\",\"@id\":\"https:\\\/\\\/tuguiaensalamanca.com\\\/fr\\\/visites\\\/visites-privees\\\/visite-guidee-musees-salamanque\\\/#primaryimage\",\"url\":\"https:\\\/\\\/tuguiaensalamanca.com\\\/wp-content\\\/uploads\\\/2026\\\/03\\\/15466799539_cc02a575e3_b.jpg\",\"contentUrl\":\"https:\\\/\\\/tuguiaensalamanca.com\\\/wp-content\\\/uploads\\\/2026\\\/03\\\/15466799539_cc02a575e3_b.jpg\",\"width\":1024,\"height\":768,\"caption\":\"Vidrieras Casa Lis Salamanca\"},{\"@type\":\"BreadcrumbList\",\"@id\":\"https:\\\/\\\/tuguiaensalamanca.com\\\/fr\\\/visites\\\/visites-privees\\\/visite-guidee-musees-salamanque\\\/#breadcrumb\",\"itemListElement\":[{\"@type\":\"ListItem\",\"position\":1,\"name\":\"Accueil\",\"item\":\"https:\\\/\\\/tuguiaensalamanca.com\\\/fr\\\/\"},{\"@type\":\"ListItem\",\"position\":2,\"name\":\"Visites\",\"item\":\"https:\\\/\\\/tuguiaensalamanca.com\\\/fr\\\/visites\\\/\"},{\"@type\":\"ListItem\",\"position\":3,\"name\":\"visites priv\u00e9es\",\"item\":\"https:\\\/\\\/tuguiaensalamanca.com\\\/fr\\\/visites\\\/visites-privees\\\/\"},{\"@type\":\"ListItem\",\"position\":4,\"name\":\"Visite guid\u00e9e des mus\u00e9es incontournables de Salamanque : Casa Lis et Santa Clara\"}]},{\"@type\":\"WebSite\",\"@id\":\"https:\\\/\\\/tuguiaensalamanca.com\\\/fr\\\/#website\",\"url\":\"https:\\\/\\\/tuguiaensalamanca.com\\\/fr\\\/\",\"name\":\"Tu gu\u00eda en Salamanca\",\"description\":\"Especialistas en turismo de calidad\",\"publisher\":{\"@id\":\"https:\\\/\\\/tuguiaensalamanca.com\\\/fr\\\/#organization\"},\"alternateName\":\"Tu gu\u00eda en Salamanca\",\"potentialAction\":[{\"@type\":\"SearchAction\",\"target\":{\"@type\":\"EntryPoint\",\"urlTemplate\":\"https:\\\/\\\/tuguiaensalamanca.com\\\/fr\\\/?s={search_term_string}\"},\"query-input\":{\"@type\":\"PropertyValueSpecification\",\"valueRequired\":true,\"valueName\":\"search_term_string\"}}],\"inLanguage\":\"fr-FR\"},{\"@type\":\"Organization\",\"@id\":\"https:\\\/\\\/tuguiaensalamanca.com\\\/fr\\\/#organization\",\"name\":\"Tu gu\u00eda en Salamanca\",\"alternateName\":\"Tu gu\u00eda en Salamanca\",\"url\":\"https:\\\/\\\/tuguiaensalamanca.com\\\/fr\\\/\",\"logo\":{\"@type\":\"ImageObject\",\"inLanguage\":\"fr-FR\",\"@id\":\"https:\\\/\\\/tuguiaensalamanca.com\\\/fr\\\/#\\\/schema\\\/logo\\\/image\\\/\",\"url\":\"https:\\\/\\\/tuguiaensalamanca.com\\\/wp-content\\\/uploads\\\/2020\\\/06\\\/logoAlexiaGrande-1.svg\",\"contentUrl\":\"https:\\\/\\\/tuguiaensalamanca.com\\\/wp-content\\\/uploads\\\/2020\\\/06\\\/logoAlexiaGrande-1.svg\",\"width\":1779,\"height\":714,\"caption\":\"Tu gu\u00eda en Salamanca\"},\"image\":{\"@id\":\"https:\\\/\\\/tuguiaensalamanca.com\\\/fr\\\/#\\\/schema\\\/logo\\\/image\\\/\"},\"sameAs\":[\"https:\\\/\\\/www.facebook.com\\\/tuguiaensalamanca\\\/\",\"https:\\\/\\\/www.instagram.com\\\/tuguiaensalamanca\\\/\",\"https:\\\/\\\/www.youtube.com\\\/@TUGUIAENSALAMANCA-rr5be\"]}]}<\/script>\n<!-- \/ Yoast SEO plugin. -->","yoast_head_json":{"title":"Visite guid\u00e9e mus\u00e9es Salamanque","description":"D\u00e9couvrez les mus\u00e9es incontournables de Salamanque avec un guide officiel. Casa Lis et Santa Clara en petit groupe. R\u00e9servez maintenant.","robots":{"index":"index","follow":"follow","max-snippet":"max-snippet:-1","max-image-preview":"max-image-preview:large","max-video-preview":"max-video-preview:-1"},"canonical":"https:\/\/tuguiaensalamanca.com\/fr\/visites\/visites-privees\/visite-guidee-musees-salamanque\/","og_locale":"fr_FR","og_type":"article","og_title":"Visite guid\u00e9e mus\u00e9es Salamanque","og_description":"D\u00e9couvrez les mus\u00e9es incontournables de Salamanque avec un guide officiel. Casa Lis et Santa Clara en petit groupe. R\u00e9servez maintenant.","og_url":"https:\/\/tuguiaensalamanca.com\/fr\/visites\/visites-privees\/visite-guidee-musees-salamanque\/","og_site_name":"Tu gu\u00eda en Salamanca","article_publisher":"https:\/\/www.facebook.com\/tuguiaensalamanca\/","article_modified_time":"2026-03-19T17:37:10+00:00","og_image":[{"width":1024,"height":768,"url":"https:\/\/tuguiaensalamanca.com\/wp-content\/uploads\/2026\/03\/15466799539_cc02a575e3_b.jpg","type":"image\/jpeg"}],"twitter_card":"summary_large_image","twitter_misc":{"Dur\u00e9e de lecture estim\u00e9e":"1 minute"},"schema":{"@context":"https:\/\/schema.org","@graph":[{"@type":"WebPage","@id":"https:\/\/tuguiaensalamanca.com\/fr\/visites\/visites-privees\/visite-guidee-musees-salamanque\/","url":"https:\/\/tuguiaensalamanca.com\/fr\/visites\/visites-privees\/visite-guidee-musees-salamanque\/","name":"Visite guid\u00e9e mus\u00e9es Salamanque","isPartOf":{"@id":"https:\/\/tuguiaensalamanca.com\/fr\/#website"},"primaryImageOfPage":{"@id":"https:\/\/tuguiaensalamanca.com\/fr\/visites\/visites-privees\/visite-guidee-musees-salamanque\/#primaryimage"},"image":{"@id":"https:\/\/tuguiaensalamanca.com\/fr\/visites\/visites-privees\/visite-guidee-musees-salamanque\/#primaryimage"},"thumbnailUrl":"https:\/\/tuguiaensalamanca.com\/wp-content\/uploads\/2026\/03\/15466799539_cc02a575e3_b.jpg","datePublished":"2026-03-19T17:23:16+00:00","dateModified":"2026-03-19T17:37:10+00:00","description":"D\u00e9couvrez les mus\u00e9es incontournables de Salamanque avec un guide officiel. Casa Lis et Santa Clara en petit groupe. R\u00e9servez maintenant.","breadcrumb":{"@id":"https:\/\/tuguiaensalamanca.com\/fr\/visites\/visites-privees\/visite-guidee-musees-salamanque\/#breadcrumb"},"inLanguage":"fr-FR","potentialAction":[{"@type":"ReadAction","target":["https:\/\/tuguiaensalamanca.com\/fr\/visites\/visites-privees\/visite-guidee-musees-salamanque\/"]}]},{"@type":"ImageObject","inLanguage":"fr-FR","@id":"https:\/\/tuguiaensalamanca.com\/fr\/visites\/visites-privees\/visite-guidee-musees-salamanque\/#primaryimage","url":"https:\/\/tuguiaensalamanca.com\/wp-content\/uploads\/2026\/03\/15466799539_cc02a575e3_b.jpg","contentUrl":"https:\/\/tuguiaensalamanca.com\/wp-content\/uploads\/2026\/03\/15466799539_cc02a575e3_b.jpg","width":1024,"height":768,"caption":"Vidrieras Casa Lis Salamanca"},{"@type":"BreadcrumbList","@id":"https:\/\/tuguiaensalamanca.com\/fr\/visites\/visites-privees\/visite-guidee-musees-salamanque\/#breadcrumb","itemListElement":[{"@type":"ListItem","position":1,"name":"Accueil","item":"https:\/\/tuguiaensalamanca.com\/fr\/"},{"@type":"ListItem","position":2,"name":"Visites","item":"https:\/\/tuguiaensalamanca.com\/fr\/visites\/"},{"@type":"ListItem","position":3,"name":"visites priv\u00e9es","item":"https:\/\/tuguiaensalamanca.com\/fr\/visites\/visites-privees\/"},{"@type":"ListItem","position":4,"name":"Visite guid\u00e9e des mus\u00e9es incontournables de Salamanque : Casa Lis et Santa Clara"}]},{"@type":"WebSite","@id":"https:\/\/tuguiaensalamanca.com\/fr\/#website","url":"https:\/\/tuguiaensalamanca.com\/fr\/","name":"Tu gu\u00eda en Salamanca","description":"Especialistas en turismo de calidad","publisher":{"@id":"https:\/\/tuguiaensalamanca.com\/fr\/#organization"},"alternateName":"Tu gu\u00eda en Salamanca","potentialAction":[{"@type":"SearchAction","target":{"@type":"EntryPoint","urlTemplate":"https:\/\/tuguiaensalamanca.com\/fr\/?s={search_term_string}"},"query-input":{"@type":"PropertyValueSpecification","valueRequired":true,"valueName":"search_term_string"}}],"inLanguage":"fr-FR"},{"@type":"Organization","@id":"https:\/\/tuguiaensalamanca.com\/fr\/#organization","name":"Tu gu\u00eda en Salamanca","alternateName":"Tu gu\u00eda en Salamanca","url":"https:\/\/tuguiaensalamanca.com\/fr\/","logo":{"@type":"ImageObject","inLanguage":"fr-FR","@id":"https:\/\/tuguiaensalamanca.com\/fr\/#\/schema\/logo\/image\/","url":"https:\/\/tuguiaensalamanca.com\/wp-content\/uploads\/2020\/06\/logoAlexiaGrande-1.svg","contentUrl":"https:\/\/tuguiaensalamanca.com\/wp-content\/uploads\/2020\/06\/logoAlexiaGrande-1.svg","width":1779,"height":714,"caption":"Tu gu\u00eda en Salamanca"},"image":{"@id":"https:\/\/tuguiaensalamanca.com\/fr\/#\/schema\/logo\/image\/"},"sameAs":["https:\/\/www.facebook.com\/tuguiaensalamanca\/","https:\/\/www.instagram.com\/tuguiaensalamanca\/","https:\/\/www.youtube.com\/@TUGUIAENSALAMANCA-rr5be"]}]}},"_links":{"self":[{"href":"https:\/\/tuguiaensalamanca.com\/fr\/wp-json\/wp\/v2\/pages\/28794","targetHints":{"allow":["GET"]}}],"collection":[{"href":"https:\/\/tuguiaensalamanca.com\/fr\/wp-json\/wp\/v2\/pages"}],"about":[{"href":"https:\/\/tuguiaensalamanca.com\/fr\/wp-json\/wp\/v2\/types\/page"}],"author":[{"embeddable":true,"href":"https:\/\/tuguiaensalamanca.com\/fr\/wp-json\/wp\/v2\/users\/25"}],"replies":[{"embeddable":true,"href":"https:\/\/tuguiaensalamanca.com\/fr\/wp-json\/wp\/v2\/comments?post=28794"}],"version-history":[{"count":1,"href":"https:\/\/tuguiaensalamanca.com\/fr\/wp-json\/wp\/v2\/pages\/28794\/revisions"}],"predecessor-version":[{"id":28795,"href":"https:\/\/tuguiaensalamanca.com\/fr\/wp-json\/wp\/v2\/pages\/28794\/revisions\/28795"}],"up":[{"embeddable":true,"href":"https:\/\/tuguiaensalamanca.com\/fr\/wp-json\/wp\/v2\/pages\/22897"}],"wp:featuredmedia":[{"embeddable":true,"href":"https:\/\/tuguiaensalamanca.com\/fr\/wp-json\/wp\/v2\/media\/28779"}],"wp:attachment":[{"href":"https:\/\/tuguiaensalamanca.com\/fr\/wp-json\/wp\/v2\/media?parent=28794"}],"wp:term":[{"taxonomy":"categorias-de-paginas","embeddable":true,"href":"https:\/\/tuguiaensalamanca.com\/fr\/wp-json\/wp\/v2\/categorias-de-paginas?post=28794"}],"curies":[{"name":"wp","href":"https:\/\/api.w.org\/{rel}","templated":true}]}}