{"id":28637,"date":"2026-01-25T18:51:04","date_gmt":"2026-01-25T17:51:04","guid":{"rendered":"https:\/\/tuguiaensalamanca.com\/?page_id=28637"},"modified":"2026-01-26T13:24:13","modified_gmt":"2026-01-26T12:24:13","slug":"visite-cathedrales-salamanque-ieronimus","status":"publish","type":"page","link":"https:\/\/tuguiaensalamanca.com\/fr\/visites\/visites-privees\/visite-cathedrales-salamanque-ieronimus\/","title":{"rendered":"Visite guid\u00e9e des Cath\u00e9drales de Salamanque et des tours d\u2019Ieronimus"},"content":{"rendered":"","protected":false},"excerpt":{"rendered":"","protected":false},"author":25,"featured_media":25113,"parent":22897,"menu_order":0,"comment_status":"closed","ping_status":"closed","template":"","meta":{"_acf_changed":false,"rs_blank_template":"","rs_page_bg_color":"","slide_template_v7":"","footnotes":""},"categorias-de-paginas":[278,267,264],"class_list":["post-28637","page","type-page","status-publish","has-post-thumbnail","hentry","categorias-de-paginas-prive-le-plus-populaire","categorias-de-paginas-tour-privado-fr","categorias-de-paginas-visitas-fr"],"acf":[],"yoast_head":"<!-- This site is optimized with the Yoast SEO plugin v27.4 - https:\/\/yoast.com\/product\/yoast-seo-wordpress\/ -->\n<title>Visite Cath\u00e9drales Salamanque Ieronimus<\/title>\n<meta name=\"description\" content=\"D\u00e9couvrez les Cath\u00e9drales de Salamanque et montez aux tours Ieronimus lors d\u2019une visite guid\u00e9e unique: art, histoire et vues panoramiques.\" \/>\n<meta name=\"robots\" content=\"index, follow, max-snippet:-1, max-image-preview:large, max-video-preview:-1\" \/>\n<link rel=\"canonical\" href=\"https:\/\/tuguiaensalamanca.com\/fr\/visites\/visites-privees\/visite-cathedrales-salamanque-ieronimus\/\" \/>\n<meta property=\"og:locale\" content=\"fr_FR\" \/>\n<meta property=\"og:type\" content=\"article\" \/>\n<meta property=\"og:title\" content=\"Visite Cath\u00e9drales Salamanque Ieronimus\" \/>\n<meta property=\"og:description\" content=\"D\u00e9couvrez les Cath\u00e9drales de Salamanque et montez aux tours Ieronimus lors d\u2019une visite guid\u00e9e unique: art, histoire et vues panoramiques.\" \/>\n<meta property=\"og:url\" content=\"https:\/\/tuguiaensalamanca.com\/fr\/visites\/visites-privees\/visite-cathedrales-salamanque-ieronimus\/\" \/>\n<meta property=\"og:site_name\" content=\"Tu gu\u00eda en Salamanca\" \/>\n<meta property=\"article:publisher\" content=\"https:\/\/www.facebook.com\/tuguiaensalamanca\/\" \/>\n<meta property=\"article:modified_time\" content=\"2026-01-26T12:24:13+00:00\" \/>\n<meta property=\"og:image\" content=\"https:\/\/tuguiaensalamanca.com\/wp-content\/uploads\/2024\/07\/Ieronimus-scaled.jpg\" \/>\n\t<meta property=\"og:image:width\" content=\"2560\" \/>\n\t<meta property=\"og:image:height\" content=\"1708\" \/>\n\t<meta property=\"og:image:type\" content=\"image\/jpeg\" \/>\n<meta name=\"twitter:card\" content=\"summary_large_image\" \/>\n<meta name=\"twitter:label1\" content=\"Dur\u00e9e de lecture estim\u00e9e\" \/>\n\t<meta name=\"twitter:data1\" content=\"1 minute\" \/>\n<script type=\"application\/ld+json\" class=\"yoast-schema-graph\">{\"@context\":\"https:\\\/\\\/schema.org\",\"@graph\":[{\"@type\":\"WebPage\",\"@id\":\"https:\\\/\\\/tuguiaensalamanca.com\\\/fr\\\/visites\\\/visites-privees\\\/visite-cathedrales-salamanque-ieronimus\\\/\",\"url\":\"https:\\\/\\\/tuguiaensalamanca.com\\\/fr\\\/visites\\\/visites-privees\\\/visite-cathedrales-salamanque-ieronimus\\\/\",\"name\":\"Visite Cath\u00e9drales Salamanque Ieronimus\",\"isPartOf\":{\"@id\":\"https:\\\/\\\/tuguiaensalamanca.com\\\/fr\\\/#website\"},\"primaryImageOfPage\":{\"@id\":\"https:\\\/\\\/tuguiaensalamanca.com\\\/fr\\\/visites\\\/visites-privees\\\/visite-cathedrales-salamanque-ieronimus\\\/#primaryimage\"},\"image\":{\"@id\":\"https:\\\/\\\/tuguiaensalamanca.com\\\/fr\\\/visites\\\/visites-privees\\\/visite-cathedrales-salamanque-ieronimus\\\/#primaryimage\"},\"thumbnailUrl\":\"https:\\\/\\\/tuguiaensalamanca.com\\\/wp-content\\\/uploads\\\/2024\\\/07\\\/Ieronimus-scaled.jpg\",\"datePublished\":\"2026-01-25T17:51:04+00:00\",\"dateModified\":\"2026-01-26T12:24:13+00:00\",\"description\":\"D\u00e9couvrez les Cath\u00e9drales de Salamanque et montez aux tours Ieronimus lors d\u2019une visite guid\u00e9e unique: art, histoire et vues panoramiques.\",\"breadcrumb\":{\"@id\":\"https:\\\/\\\/tuguiaensalamanca.com\\\/fr\\\/visites\\\/visites-privees\\\/visite-cathedrales-salamanque-ieronimus\\\/#breadcrumb\"},\"inLanguage\":\"fr-FR\",\"potentialAction\":[{\"@type\":\"ReadAction\",\"target\":[\"https:\\\/\\\/tuguiaensalamanca.com\\\/fr\\\/visites\\\/visites-privees\\\/visite-cathedrales-salamanque-ieronimus\\\/\"]}]},{\"@type\":\"ImageObject\",\"inLanguage\":\"fr-FR\",\"@id\":\"https:\\\/\\\/tuguiaensalamanca.com\\\/fr\\\/visites\\\/visites-privees\\\/visite-cathedrales-salamanque-ieronimus\\\/#primaryimage\",\"url\":\"https:\\\/\\\/tuguiaensalamanca.com\\\/wp-content\\\/uploads\\\/2024\\\/07\\\/Ieronimus-scaled.jpg\",\"contentUrl\":\"https:\\\/\\\/tuguiaensalamanca.com\\\/wp-content\\\/uploads\\\/2024\\\/07\\\/Ieronimus-scaled.jpg\",\"width\":2560,\"height\":1708,\"caption\":\"Vue panoramique tours des Cath\u00e9drales de Salamanque\"},{\"@type\":\"BreadcrumbList\",\"@id\":\"https:\\\/\\\/tuguiaensalamanca.com\\\/fr\\\/visites\\\/visites-privees\\\/visite-cathedrales-salamanque-ieronimus\\\/#breadcrumb\",\"itemListElement\":[{\"@type\":\"ListItem\",\"position\":1,\"name\":\"Accueil\",\"item\":\"https:\\\/\\\/tuguiaensalamanca.com\\\/fr\\\/\"},{\"@type\":\"ListItem\",\"position\":2,\"name\":\"Visites\",\"item\":\"https:\\\/\\\/tuguiaensalamanca.com\\\/fr\\\/visites\\\/\"},{\"@type\":\"ListItem\",\"position\":3,\"name\":\"visites priv\u00e9es\",\"item\":\"https:\\\/\\\/tuguiaensalamanca.com\\\/fr\\\/visites\\\/visites-privees\\\/\"},{\"@type\":\"ListItem\",\"position\":4,\"name\":\"Visite guid\u00e9e des Cath\u00e9drales de Salamanque et des tours d\u2019Ieronimus\"}]},{\"@type\":\"WebSite\",\"@id\":\"https:\\\/\\\/tuguiaensalamanca.com\\\/fr\\\/#website\",\"url\":\"https:\\\/\\\/tuguiaensalamanca.com\\\/fr\\\/\",\"name\":\"Tu gu\u00eda en Salamanca\",\"description\":\"Especialistas en turismo de calidad\",\"publisher\":{\"@id\":\"https:\\\/\\\/tuguiaensalamanca.com\\\/fr\\\/#organization\"},\"alternateName\":\"Tu gu\u00eda en Salamanca\",\"potentialAction\":[{\"@type\":\"SearchAction\",\"target\":{\"@type\":\"EntryPoint\",\"urlTemplate\":\"https:\\\/\\\/tuguiaensalamanca.com\\\/fr\\\/?s={search_term_string}\"},\"query-input\":{\"@type\":\"PropertyValueSpecification\",\"valueRequired\":true,\"valueName\":\"search_term_string\"}}],\"inLanguage\":\"fr-FR\"},{\"@type\":\"Organization\",\"@id\":\"https:\\\/\\\/tuguiaensalamanca.com\\\/fr\\\/#organization\",\"name\":\"Tu gu\u00eda en Salamanca\",\"alternateName\":\"Tu gu\u00eda en Salamanca\",\"url\":\"https:\\\/\\\/tuguiaensalamanca.com\\\/fr\\\/\",\"logo\":{\"@type\":\"ImageObject\",\"inLanguage\":\"fr-FR\",\"@id\":\"https:\\\/\\\/tuguiaensalamanca.com\\\/fr\\\/#\\\/schema\\\/logo\\\/image\\\/\",\"url\":\"https:\\\/\\\/tuguiaensalamanca.com\\\/wp-content\\\/uploads\\\/2020\\\/06\\\/logoAlexiaGrande-1.svg\",\"contentUrl\":\"https:\\\/\\\/tuguiaensalamanca.com\\\/wp-content\\\/uploads\\\/2020\\\/06\\\/logoAlexiaGrande-1.svg\",\"width\":1779,\"height\":714,\"caption\":\"Tu gu\u00eda en Salamanca\"},\"image\":{\"@id\":\"https:\\\/\\\/tuguiaensalamanca.com\\\/fr\\\/#\\\/schema\\\/logo\\\/image\\\/\"},\"sameAs\":[\"https:\\\/\\\/www.facebook.com\\\/tuguiaensalamanca\\\/\",\"https:\\\/\\\/www.instagram.com\\\/tuguiaensalamanca\\\/\",\"https:\\\/\\\/www.youtube.com\\\/@TUGUIAENSALAMANCA-rr5be\"]}]}<\/script>\n<!-- \/ Yoast SEO plugin. -->","yoast_head_json":{"title":"Visite Cath\u00e9drales Salamanque Ieronimus","description":"D\u00e9couvrez les Cath\u00e9drales de Salamanque et montez aux tours Ieronimus lors d\u2019une visite guid\u00e9e unique: art, histoire et vues panoramiques.","robots":{"index":"index","follow":"follow","max-snippet":"max-snippet:-1","max-image-preview":"max-image-preview:large","max-video-preview":"max-video-preview:-1"},"canonical":"https:\/\/tuguiaensalamanca.com\/fr\/visites\/visites-privees\/visite-cathedrales-salamanque-ieronimus\/","og_locale":"fr_FR","og_type":"article","og_title":"Visite Cath\u00e9drales Salamanque Ieronimus","og_description":"D\u00e9couvrez les Cath\u00e9drales de Salamanque et montez aux tours Ieronimus lors d\u2019une visite guid\u00e9e unique: art, histoire et vues panoramiques.","og_url":"https:\/\/tuguiaensalamanca.com\/fr\/visites\/visites-privees\/visite-cathedrales-salamanque-ieronimus\/","og_site_name":"Tu gu\u00eda en Salamanca","article_publisher":"https:\/\/www.facebook.com\/tuguiaensalamanca\/","article_modified_time":"2026-01-26T12:24:13+00:00","og_image":[{"width":2560,"height":1708,"url":"https:\/\/tuguiaensalamanca.com\/wp-content\/uploads\/2024\/07\/Ieronimus-scaled.jpg","type":"image\/jpeg"}],"twitter_card":"summary_large_image","twitter_misc":{"Dur\u00e9e de lecture estim\u00e9e":"1 minute"},"schema":{"@context":"https:\/\/schema.org","@graph":[{"@type":"WebPage","@id":"https:\/\/tuguiaensalamanca.com\/fr\/visites\/visites-privees\/visite-cathedrales-salamanque-ieronimus\/","url":"https:\/\/tuguiaensalamanca.com\/fr\/visites\/visites-privees\/visite-cathedrales-salamanque-ieronimus\/","name":"Visite Cath\u00e9drales Salamanque Ieronimus","isPartOf":{"@id":"https:\/\/tuguiaensalamanca.com\/fr\/#website"},"primaryImageOfPage":{"@id":"https:\/\/tuguiaensalamanca.com\/fr\/visites\/visites-privees\/visite-cathedrales-salamanque-ieronimus\/#primaryimage"},"image":{"@id":"https:\/\/tuguiaensalamanca.com\/fr\/visites\/visites-privees\/visite-cathedrales-salamanque-ieronimus\/#primaryimage"},"thumbnailUrl":"https:\/\/tuguiaensalamanca.com\/wp-content\/uploads\/2024\/07\/Ieronimus-scaled.jpg","datePublished":"2026-01-25T17:51:04+00:00","dateModified":"2026-01-26T12:24:13+00:00","description":"D\u00e9couvrez les Cath\u00e9drales de Salamanque et montez aux tours Ieronimus lors d\u2019une visite guid\u00e9e unique: art, histoire et vues panoramiques.","breadcrumb":{"@id":"https:\/\/tuguiaensalamanca.com\/fr\/visites\/visites-privees\/visite-cathedrales-salamanque-ieronimus\/#breadcrumb"},"inLanguage":"fr-FR","potentialAction":[{"@type":"ReadAction","target":["https:\/\/tuguiaensalamanca.com\/fr\/visites\/visites-privees\/visite-cathedrales-salamanque-ieronimus\/"]}]},{"@type":"ImageObject","inLanguage":"fr-FR","@id":"https:\/\/tuguiaensalamanca.com\/fr\/visites\/visites-privees\/visite-cathedrales-salamanque-ieronimus\/#primaryimage","url":"https:\/\/tuguiaensalamanca.com\/wp-content\/uploads\/2024\/07\/Ieronimus-scaled.jpg","contentUrl":"https:\/\/tuguiaensalamanca.com\/wp-content\/uploads\/2024\/07\/Ieronimus-scaled.jpg","width":2560,"height":1708,"caption":"Vue panoramique tours des Cath\u00e9drales de Salamanque"},{"@type":"BreadcrumbList","@id":"https:\/\/tuguiaensalamanca.com\/fr\/visites\/visites-privees\/visite-cathedrales-salamanque-ieronimus\/#breadcrumb","itemListElement":[{"@type":"ListItem","position":1,"name":"Accueil","item":"https:\/\/tuguiaensalamanca.com\/fr\/"},{"@type":"ListItem","position":2,"name":"Visites","item":"https:\/\/tuguiaensalamanca.com\/fr\/visites\/"},{"@type":"ListItem","position":3,"name":"visites priv\u00e9es","item":"https:\/\/tuguiaensalamanca.com\/fr\/visites\/visites-privees\/"},{"@type":"ListItem","position":4,"name":"Visite guid\u00e9e des Cath\u00e9drales de Salamanque et des tours d\u2019Ieronimus"}]},{"@type":"WebSite","@id":"https:\/\/tuguiaensalamanca.com\/fr\/#website","url":"https:\/\/tuguiaensalamanca.com\/fr\/","name":"Tu gu\u00eda en Salamanca","description":"Especialistas en turismo de calidad","publisher":{"@id":"https:\/\/tuguiaensalamanca.com\/fr\/#organization"},"alternateName":"Tu gu\u00eda en Salamanca","potentialAction":[{"@type":"SearchAction","target":{"@type":"EntryPoint","urlTemplate":"https:\/\/tuguiaensalamanca.com\/fr\/?s={search_term_string}"},"query-input":{"@type":"PropertyValueSpecification","valueRequired":true,"valueName":"search_term_string"}}],"inLanguage":"fr-FR"},{"@type":"Organization","@id":"https:\/\/tuguiaensalamanca.com\/fr\/#organization","name":"Tu gu\u00eda en Salamanca","alternateName":"Tu gu\u00eda en Salamanca","url":"https:\/\/tuguiaensalamanca.com\/fr\/","logo":{"@type":"ImageObject","inLanguage":"fr-FR","@id":"https:\/\/tuguiaensalamanca.com\/fr\/#\/schema\/logo\/image\/","url":"https:\/\/tuguiaensalamanca.com\/wp-content\/uploads\/2020\/06\/logoAlexiaGrande-1.svg","contentUrl":"https:\/\/tuguiaensalamanca.com\/wp-content\/uploads\/2020\/06\/logoAlexiaGrande-1.svg","width":1779,"height":714,"caption":"Tu gu\u00eda en Salamanca"},"image":{"@id":"https:\/\/tuguiaensalamanca.com\/fr\/#\/schema\/logo\/image\/"},"sameAs":["https:\/\/www.facebook.com\/tuguiaensalamanca\/","https:\/\/www.instagram.com\/tuguiaensalamanca\/","https:\/\/www.youtube.com\/@TUGUIAENSALAMANCA-rr5be"]}]}},"_links":{"self":[{"href":"https:\/\/tuguiaensalamanca.com\/fr\/wp-json\/wp\/v2\/pages\/28637","targetHints":{"allow":["GET"]}}],"collection":[{"href":"https:\/\/tuguiaensalamanca.com\/fr\/wp-json\/wp\/v2\/pages"}],"about":[{"href":"https:\/\/tuguiaensalamanca.com\/fr\/wp-json\/wp\/v2\/types\/page"}],"author":[{"embeddable":true,"href":"https:\/\/tuguiaensalamanca.com\/fr\/wp-json\/wp\/v2\/users\/25"}],"replies":[{"embeddable":true,"href":"https:\/\/tuguiaensalamanca.com\/fr\/wp-json\/wp\/v2\/comments?post=28637"}],"version-history":[{"count":0,"href":"https:\/\/tuguiaensalamanca.com\/fr\/wp-json\/wp\/v2\/pages\/28637\/revisions"}],"up":[{"embeddable":true,"href":"https:\/\/tuguiaensalamanca.com\/fr\/wp-json\/wp\/v2\/pages\/22897"}],"wp:featuredmedia":[{"embeddable":true,"href":"https:\/\/tuguiaensalamanca.com\/fr\/wp-json\/wp\/v2\/media\/25113"}],"wp:attachment":[{"href":"https:\/\/tuguiaensalamanca.com\/fr\/wp-json\/wp\/v2\/media?parent=28637"}],"wp:term":[{"taxonomy":"categorias-de-paginas","embeddable":true,"href":"https:\/\/tuguiaensalamanca.com\/fr\/wp-json\/wp\/v2\/categorias-de-paginas?post=28637"}],"curies":[{"name":"wp","href":"https:\/\/api.w.org\/{rel}","templated":true}]}}