{"id":23049,"date":"2022-12-21T11:31:06","date_gmt":"2022-12-21T11:31:06","guid":{"rendered":"https:\/\/tuguiaensalamanca.com\/politique-de-confidentialite\/"},"modified":"2023-05-29T08:14:09","modified_gmt":"2023-05-29T08:14:09","slug":"politique-de-confidentialite","status":"publish","type":"page","link":"https:\/\/tuguiaensalamanca.com\/fr\/politique-de-confidentialite\/","title":{"rendered":"Politique de confidentialit\u00e9"},"content":{"rendered":"\t\t<div data-elementor-type=\"wp-page\" data-elementor-id=\"23049\" class=\"elementor elementor-23049 elementor-17864\" data-elementor-post-type=\"page\">\n\t\t\t\t\t\t<section class=\"elementor-section elementor-top-section elementor-element elementor-element-b1a6d2e elementor-section-boxed elementor-section-height-default elementor-section-height-default sc_fly_static\" data-id=\"b1a6d2e\" data-element_type=\"section\" data-e-type=\"section\">\n\t\t\t\t\t\t<div class=\"elementor-container elementor-column-gap-extended\">\n\t\t\t\t\t<div class=\"elementor-column elementor-col-100 elementor-top-column elementor-element elementor-element-b19bac2 sc_inner_width_none sc_content_align_inherit sc_layouts_column_icons_position_left sc_fly_static\" data-id=\"b19bac2\" data-element_type=\"column\" data-e-type=\"column\">\n\t\t\t<div class=\"elementor-widget-wrap elementor-element-populated\">\n\t\t\t\t\t\t<div class=\"elementor-element elementor-element-7cd7371 sc_fly_static elementor-widget elementor-widget-text-editor\" data-id=\"7cd7371\" data-element_type=\"widget\" data-e-type=\"widget\" data-widget_type=\"text-editor.default\">\n\t\t\t\t<div class=\"elementor-widget-container\">\n\t\t\t\t\t\t\t\t\t<p>Avec cette politique de confidentialit\u00e9, nous respectons la l\u00e9gislation en vigueur sur la protection des donn\u00e9es et les services de la soci\u00e9t\u00e9 de l&rsquo;information et du commerce \u00e9lectronique. TUGUIENSALAMANCA \u2013 Salamanca, traite vos donn\u00e9es personnelles lorsque vous nous les fournissez via : www.tuguiaensalamanca.com, ci-apr\u00e8s, le Web.<br \/>Les donn\u00e9es que vous nous fournissez lors de la navigation sur le Web seront soumises \u00e0 l&rsquo;application de la pr\u00e9sente politique de confidentialit\u00e9, ainsi que des autres conditions d&rsquo;utilisation du Web, lorsqu&rsquo;elles existent. La politique de confidentialit\u00e9 peut \u00eatre modifi\u00e9e, mais il est de votre responsabilit\u00e9 de la lire p\u00e9riodiquement, car celle en vigueur au moment de l&rsquo;utilisation du Web sera applicable.<\/p>\n<ol>\n<li style=\"list-style-type: none;\">\n<ol>\n<li style=\"list-style-type: none;\">\n<ol>\n<li><strong>RESPONSABLES DE VOS DONN\u00c9ES, QUI SOMMES-NOUS ?<\/strong><br \/>TUGUIAENSALAMANCA est responsable du traitement de vos donn\u00e9es personnelles.<br \/>Si vous en avez besoin, vous pouvez contacter info@tuguiaensalamanca.com ou par t\u00e9l\u00e9phone 696891702.<\/li>\n<li><strong>PRINCIPES ET ENGAGEMENTS DE CONFIDENTIALIT\u00c9<\/strong><br \/>Principe de l\u00e9galit\u00e9, loyaut\u00e9 et transparence : Nous vous demanderons votre consentement pour le traitement des donn\u00e9es personnelles aux diff\u00e9rentes finalit\u00e9s dont nous vous informons de mani\u00e8re transparente lorsque cela est n\u00e9cessaire. Nous n&rsquo;enverrons pas de communications marketing \u00e0 moins que vous ne nous le demandiez. Nous n&rsquo;offrons ni ne vendons de donn\u00e9es personnelles.<br \/>Principe de minimisation des donn\u00e9es : Seules les donn\u00e9es personnelles strictement n\u00e9cessaires seront demand\u00e9es pour l&rsquo;ex\u00e9cution de la relation contractuelle et pour les finalit\u00e9s d\u00e9finies.<br \/>Principe de limitation de la dur\u00e9e de conservation : Les donn\u00e9es personnelles seront conserv\u00e9es le temps n\u00e9cessaire selon la finalit\u00e9. Le minimum l\u00e9gal sera maintenu, lorsqu&rsquo;il existe, soit 2 ans \u00e0 compter de la derni\u00e8re utilisation, \u00e0 condition que vous n&rsquo;ayez pas utilis\u00e9 auparavant votre droit de r\u00e9tractation.<br \/>Principe d&rsquo;int\u00e9grit\u00e9 et de confidentialit\u00e9 : Les donn\u00e9es seront trait\u00e9es avec une s\u00e9curit\u00e9 ad\u00e9quate et garantissant une confidentialit\u00e9 et une sauvegarde totales. Nous prenons toutes les pr\u00e9cautions pour emp\u00eacher tout acc\u00e8s non autoris\u00e9.<\/li>\n<li><strong>QUELLES DONN\u00c9ES PERSONNELLES COLLECTONS-NOUS SUR LE WEB ?<\/strong><br \/>Sur le Web, nous pouvons collecter les donn\u00e9es personnelles suivantes.<br \/>Donn\u00e9es permettant d&rsquo;identifier l&rsquo;utilisateur : nom, email et t\u00e9l\u00e9phone ; coordonn\u00e9es bancaires pour effectuer le paiement, et d&rsquo;autres donn\u00e9es telles que l&rsquo;adresse IP de l&rsquo;ordinateur ou de l&rsquo;appareil mobile, ainsi que les informations que nous obtenons gr\u00e2ce aux cookies. Pour plus d&rsquo;informations, consultez la politique relative aux cookies.<\/li>\n<li><strong>COMMENT LES DONN\u00c9ES SONT-ELLES COLLECT\u00c9ES ? QUELLES SONT LES FINALITES DU TRAITEMENT ?<\/strong><br \/>Vous devriez lire la politique de confidentialit\u00e9 avant de commencer \u00e0 naviguer sur le Web. Vous \u00eates responsable de vous assurer que les donn\u00e9es personnelles que vous nous fournissez sont v\u00e9ridiques et exactes, et de communiquer toute modification de celles-ci.<br \/>Nous pouvons collecter ou recevoir vos donn\u00e9es via nos sites Web, formulaires, en utilisant des cookies, toujours par l&rsquo;utilisateur int\u00e9ress\u00e9 et avec son consentement dans les cas applicables.<br \/>La base l\u00e9gale pour le traitement de vos donn\u00e9es personnelles peut \u00eatre :<br \/>\u2014 Consentement de l&rsquo;utilisateur<br \/>L&rsquo;int\u00e9r\u00eat l\u00e9gitime de TUGUIAENSALAMANCA est de pouvoir offrir le service \u00e0 l&rsquo;int\u00e9ress\u00e9 (r\u00e9pondre aux exigences de l&rsquo;utilisateur et traiter la r\u00e9servation d&rsquo;activit\u00e9s) et permettre le fonctionnement de nos sites Web par le biais de cookies techniques et fonctionnels. Envoyer des communications commerciales aux Utilisateurs par e-mail, courrier ou t\u00e9l\u00e9phone ou tout autre moyen de communication \u00e9quivalent li\u00e9 aux services de TUGUIAENSALAMANCA tant que l&rsquo;Utilisateur a consenti \u00e0 cette finalit\u00e9 de traitement des donn\u00e9es personnelles.<br \/>\u2014 Respect des obligations l\u00e9gales qui impliquent le traitement des donn\u00e9es personnelles<br \/>Dans le formulaire, les champs obligatoires sont indiqu\u00e9s par des ast\u00e9risques.<br \/>\u2014 Les donn\u00e9es que nous demandons sont n\u00e9cessaires pour fournir le service que vous avez demand\u00e9.<\/li>\n<li><strong>DONNONS-NOUS VOS DONN\u00c9ES PERSONNELLES ?<\/strong><br \/>Les donn\u00e9es personnelles peuvent \u00eatre trait\u00e9es par des processeurs de donn\u00e9es de confiance (tiers) pour le compte de TUGUIAENSALAMANCA. Vos donn\u00e9es seront \u00e9galement transf\u00e9r\u00e9es en cas d&rsquo;obligation l\u00e9gale.<\/li>\n<li><strong>LIENS VERS DES SITES TIERS<\/strong><br \/>Notre site Web contient des liens qui m\u00e8nent \u00e0 d&rsquo;autres sites Web. Lorsque vous suivez l&rsquo;un de ces liens, vous devez tenir compte des politiques de confidentialit\u00e9 de chacun des sites Web auxquels vous acc\u00e9dez, nous n&rsquo;en sommes donc pas responsables. Veuillez consulter ces politiques avant de soumettre des donn\u00e9es personnelles \u00e0 ces sites Web<\/li>\n<li><strong>R\u00c9SEAUX SOCIAUX ET CONTENU G\u00c9N\u00c9R\u00c9 PAR LES UTILISATEURS<\/strong><br \/>Tout contenu que vous envoyez \u00e0 nos r\u00e9seaux sociaux est public et peut \u00eatre vu par n&rsquo;importe qui, nous vous recommandons donc d&rsquo;\u00eatre particuli\u00e8rement prudent lorsque vous fournissez des donn\u00e9es personnelles, car nous ne sommes pas responsables des actions des utilisateurs. Depuis le site Web de TUGUIAENSALAMANCA, nous vous recommandons de ne fournir aucune information personnelle.<\/li>\n<li><strong>COMBIEN DE TEMPS CONSERVONS-NOUS VOS DONN\u00c9ES PERSONNELLES ?<\/strong><br \/>Selon le principe de limitation de la dur\u00e9e de conservation, les donn\u00e9es personnelles ne sont conserv\u00e9es qu&rsquo;aussi longtemps que nous en avons besoin pour la finalit\u00e9 d\u00e9crite dans chaque cas, pour satisfaire vos besoins ou pour nous conformer \u00e0 nos obligations l\u00e9gales. Les donn\u00e9es personnelles fournies seront conserv\u00e9es tant que la relation est maintenue et que vous ne demandez pas leur suppression, elles seront conserv\u00e9es conform\u00e9ment aux d\u00e9lais l\u00e9gaux \u00e9tablis, lorsqu&rsquo;elles existent, ou deux ans \u00e0 compter de la derni\u00e8re utilisation de celles-ci. Lorsque nous n&rsquo;aurons plus besoin d&rsquo;utiliser vos donn\u00e9es personnelles, elles seront supprim\u00e9es de nos bases de donn\u00e9es.<\/li>\n<li><strong>TES DROITS<\/strong><br \/>L&rsquo;int\u00e9ress\u00e9 peut exercer les droits suivants :<br \/>Droit \u00e0 l&rsquo;information et \u00e0 la transparence : Vous avez le droit de recevoir des informations claires, compl\u00e8tes, transparentes et faciles \u00e0 comprendre sur la mani\u00e8re dont nous utilisons vos donn\u00e9es personnelles et sur vos droits. Vous avez dit des informations dans cette politique.<br \/>Droit d&rsquo;acc\u00e8s : Vous avez le droit de pouvoir acc\u00e9der aux donn\u00e9es personnelles que nous poss\u00e9dons \u00e0 votre sujet (avec certaines limites). Il faut savoir que des frais raisonnables peuvent \u00eatre factur\u00e9s pour couvrir les frais administratifs encourus que cela peut en d\u00e9couler. Les demandes de droits non fond\u00e9es, excessives ou r\u00e9p\u00e9titives peuvent ne pas \u00eatre honor\u00e9es. Pour exercer ce droit, contactez-nous.<br \/>Droit de rectification : Vous avez le droit de pouvoir faire rectifier vos donn\u00e9es personnelles lorsqu&rsquo;elles ne sont pas exactes, ont cess\u00e9 d&rsquo;\u00eatre correctes ou les compl\u00e8tent. Pour exercer ce droit, contactez-nous.<br \/>Droit \u00e0 l&rsquo;effacement\/droit \u00e0 l&rsquo;oubli : Dans certains cas, vous aurez le droit de faire effacer ou supprimer vos donn\u00e9es personnelles. Bien qu&rsquo;il ne s&rsquo;agisse pas d&rsquo;un droit inconditionnel, car il peut y avoir des raisons l\u00e9gales ou l\u00e9gitimes de les maintenir. Pour exercer ce droit, contactez-nous.<br \/>Droit de retirer son consentement lorsque le traitement des donn\u00e9es est fond\u00e9 sur le consentement. Vous pouvez retirer votre consentement au traitement de vos donn\u00e9es personnelles lorsque le traitement est fond\u00e9 sur votre consentement. Le retrait du consentement n&rsquo;affectera pas la l\u00e9galit\u00e9 du traitement fond\u00e9 sur le consentement avant son retrait. Si vous souhaitez retirer votre consentement, veuillez nous contacter.<br \/>Droit de d\u00e9poser une r\u00e9clamation aupr\u00e8s d&rsquo;une autorit\u00e9 de contr\u00f4le : vous avez le droit de signaler \u00e0 l&rsquo;Agence espagnole de protection des donn\u00e9es les pratiques de confidentialit\u00e9 et de protection des donn\u00e9es de TURISMO DE SALAMANCA. Contactez-nous par l&rsquo;un des moyens indiqu\u00e9s ci-dessous avant de d\u00e9poser une r\u00e9clamation aupr\u00e8s de l&rsquo;autorit\u00e9 comp\u00e9tente en mati\u00e8re de protection des donn\u00e9es.<br \/>Droit \u00e0 la portabilit\u00e9 des donn\u00e9es : vous avez le droit de transf\u00e9rer des donn\u00e9es de notre base de donn\u00e9es vers une autre, mais il n&rsquo;est possible d&rsquo;exercer ce droit qu&rsquo;en ce qui concerne les donn\u00e9es que vous avez fournies, lorsque le traitement est bas\u00e9 sur l&rsquo;ex\u00e9cution d&rsquo;un contrat ou sur votre consentement, et le traitement est effectu\u00e9 par des moyens automatis\u00e9s.<br \/>Droit \u00e0 la limitation du traitement : Vous avez le droit de demander le blocage temporaire du traitement de vos donn\u00e9es. En exer\u00e7ant ce droit, le traitement de vos donn\u00e9es sera soumis \u00e0 des limitations, de sorte qu&rsquo;il peut \u00eatre stock\u00e9 mais pas utilis\u00e9 davantage. Ce droit ne peut \u00eatre exerc\u00e9 que dans certaines circonstances d\u00e9finies par le RGPD, qui indique :<br \/>Que l&rsquo;int\u00e9ress\u00e9 conteste l&rsquo;exactitude des donn\u00e9es personnelles, pendant la p\u00e9riode qui permet au responsable de v\u00e9rifier l&rsquo;exactitude de celles-ci.<br \/>Que le traitement est ill\u00e9gal et que l&rsquo;int\u00e9ress\u00e9 s&rsquo;oppose \u00e0 la suppression des donn\u00e9es personnelles et demande \u00e0 la place la limitation de son utilisation.<br \/>Que le responsable n&rsquo;a plus besoin des donn\u00e9es personnelles aux fins du traitement, mais que l&rsquo;int\u00e9ress\u00e9 en a besoin pour la formulation, l&rsquo;exercice ou la d\u00e9fense de r\u00e9clamations.<br \/>Que l&rsquo;int\u00e9ress\u00e9 s&rsquo;est oppos\u00e9 au traitement pr\u00e9vu \u00e0 l&rsquo;article 21, paragraphe 1, alors qu&rsquo;il est v\u00e9rifi\u00e9 si les motifs l\u00e9gitimes du responsable pr\u00e9valent sur ceux de l&rsquo;int\u00e9ress\u00e9.<br \/>Si vous souhaitez exercer ce droit, veuillez nous contacter. Pour traiter la demande, nous pouvons vous demander de justifier de votre identit\u00e9.<\/li>\n<li><strong>CONTACTEZ VOTRE TUGUIAENSALAMANCA<\/strong><br \/>Si vous avez des questions sur la mani\u00e8re dont nous traitons et utilisons vos donn\u00e9es personnelles ou si vous souhaitez exercer l&rsquo;un des droits d\u00e9crits, vous pouvez nous contacter \u00e0 info@tuguiaensalamanca.com ou en appelant le 696891702.<\/li>\n<\/ol>\n<\/li>\n<\/ol>\n<\/li>\n<\/ol>\n\t\t\t\t\t\t\t\t<\/div>\n\t\t\t\t<\/div>\n\t\t\t\t\t<\/div>\n\t\t<\/div>\n\t\t\t\t\t<\/div>\n\t\t<\/section>\n\t\t\t\t<\/div>\n\t\t","protected":false},"excerpt":{"rendered":"<p>Avec cette politique de confidentialit\u00e9, nous respectons la l\u00e9gislation en vigueur sur la protection des donn\u00e9es et les services de la soci\u00e9t\u00e9 de l&rsquo;information et du commerce \u00e9lectronique. TUGUIENSALAMANCA \u2013&hellip;<\/p>\n","protected":false},"author":1,"featured_media":0,"parent":0,"menu_order":0,"comment_status":"closed","ping_status":"closed","template":"elementor_header_footer","meta":{"_acf_changed":false,"rs_blank_template":"","rs_page_bg_color":"","slide_template_v7":"","footnotes":""},"categorias-de-paginas":[],"class_list":["post-23049","page","type-page","status-publish","hentry"],"acf":[],"yoast_head":"<!-- This site is optimized with the Yoast SEO plugin v27.4 - https:\/\/yoast.com\/product\/yoast-seo-wordpress\/ -->\n<title>Politique de confidentialit\u00e9 - Tu gu\u00eda en Salamanca<\/title>\n<meta name=\"robots\" content=\"noindex, nofollow\" \/>\n<meta property=\"og:locale\" content=\"fr_FR\" \/>\n<meta property=\"og:type\" content=\"article\" \/>\n<meta property=\"og:title\" content=\"Politique de confidentialit\u00e9 - Tu gu\u00eda en Salamanca\" \/>\n<meta property=\"og:description\" content=\"Avec cette politique de confidentialit\u00e9, nous respectons la l\u00e9gislation en vigueur sur la protection des donn\u00e9es et les services de la soci\u00e9t\u00e9 de l&rsquo;information et du commerce \u00e9lectronique. TUGUIENSALAMANCA \u2013&hellip;\" \/>\n<meta property=\"og:url\" content=\"https:\/\/tuguiaensalamanca.com\/fr\/politique-de-confidentialite\/\" \/>\n<meta property=\"og:site_name\" content=\"Tu gu\u00eda en Salamanca\" \/>\n<meta property=\"article:publisher\" content=\"https:\/\/www.facebook.com\/tuguiaensalamanca\/\" \/>\n<meta property=\"article:modified_time\" content=\"2023-05-29T08:14:09+00:00\" \/>\n<meta name=\"twitter:card\" content=\"summary_large_image\" \/>\n<meta name=\"twitter:label1\" content=\"Dur\u00e9e de lecture estim\u00e9e\" \/>\n\t<meta name=\"twitter:data1\" content=\"8 minutes\" \/>\n<script type=\"application\/ld+json\" class=\"yoast-schema-graph\">{\"@context\":\"https:\\\/\\\/schema.org\",\"@graph\":[{\"@type\":\"WebPage\",\"@id\":\"https:\\\/\\\/tuguiaensalamanca.com\\\/fr\\\/politique-de-confidentialite\\\/\",\"url\":\"https:\\\/\\\/tuguiaensalamanca.com\\\/fr\\\/politique-de-confidentialite\\\/\",\"name\":\"Politique de confidentialit\u00e9 - Tu gu\u00eda en Salamanca\",\"isPartOf\":{\"@id\":\"https:\\\/\\\/tuguiaensalamanca.com\\\/fr\\\/#website\"},\"datePublished\":\"2022-12-21T11:31:06+00:00\",\"dateModified\":\"2023-05-29T08:14:09+00:00\",\"breadcrumb\":{\"@id\":\"https:\\\/\\\/tuguiaensalamanca.com\\\/fr\\\/politique-de-confidentialite\\\/#breadcrumb\"},\"inLanguage\":\"fr-FR\",\"potentialAction\":[{\"@type\":\"ReadAction\",\"target\":[\"https:\\\/\\\/tuguiaensalamanca.com\\\/fr\\\/politique-de-confidentialite\\\/\"]}]},{\"@type\":\"BreadcrumbList\",\"@id\":\"https:\\\/\\\/tuguiaensalamanca.com\\\/fr\\\/politique-de-confidentialite\\\/#breadcrumb\",\"itemListElement\":[{\"@type\":\"ListItem\",\"position\":1,\"name\":\"Accueil\",\"item\":\"https:\\\/\\\/tuguiaensalamanca.com\\\/fr\\\/\"},{\"@type\":\"ListItem\",\"position\":2,\"name\":\"Politique de confidentialit\u00e9\"}]},{\"@type\":\"WebSite\",\"@id\":\"https:\\\/\\\/tuguiaensalamanca.com\\\/fr\\\/#website\",\"url\":\"https:\\\/\\\/tuguiaensalamanca.com\\\/fr\\\/\",\"name\":\"Tu gu\u00eda en Salamanca\",\"description\":\"Especialistas en turismo de calidad\",\"publisher\":{\"@id\":\"https:\\\/\\\/tuguiaensalamanca.com\\\/fr\\\/#organization\"},\"alternateName\":\"Tu gu\u00eda en Salamanca\",\"potentialAction\":[{\"@type\":\"SearchAction\",\"target\":{\"@type\":\"EntryPoint\",\"urlTemplate\":\"https:\\\/\\\/tuguiaensalamanca.com\\\/fr\\\/?s={search_term_string}\"},\"query-input\":{\"@type\":\"PropertyValueSpecification\",\"valueRequired\":true,\"valueName\":\"search_term_string\"}}],\"inLanguage\":\"fr-FR\"},{\"@type\":\"Organization\",\"@id\":\"https:\\\/\\\/tuguiaensalamanca.com\\\/fr\\\/#organization\",\"name\":\"Tu gu\u00eda en Salamanca\",\"alternateName\":\"Tu gu\u00eda en Salamanca\",\"url\":\"https:\\\/\\\/tuguiaensalamanca.com\\\/fr\\\/\",\"logo\":{\"@type\":\"ImageObject\",\"inLanguage\":\"fr-FR\",\"@id\":\"https:\\\/\\\/tuguiaensalamanca.com\\\/fr\\\/#\\\/schema\\\/logo\\\/image\\\/\",\"url\":\"https:\\\/\\\/tuguiaensalamanca.com\\\/wp-content\\\/uploads\\\/2020\\\/06\\\/logoAlexiaGrande-1.svg\",\"contentUrl\":\"https:\\\/\\\/tuguiaensalamanca.com\\\/wp-content\\\/uploads\\\/2020\\\/06\\\/logoAlexiaGrande-1.svg\",\"width\":1779,\"height\":714,\"caption\":\"Tu gu\u00eda en Salamanca\"},\"image\":{\"@id\":\"https:\\\/\\\/tuguiaensalamanca.com\\\/fr\\\/#\\\/schema\\\/logo\\\/image\\\/\"},\"sameAs\":[\"https:\\\/\\\/www.facebook.com\\\/tuguiaensalamanca\\\/\",\"https:\\\/\\\/www.instagram.com\\\/tuguiaensalamanca\\\/\",\"https:\\\/\\\/www.youtube.com\\\/@TUGUIAENSALAMANCA-rr5be\"]}]}<\/script>\n<!-- \/ Yoast SEO plugin. -->","yoast_head_json":{"title":"Politique de confidentialit\u00e9 - Tu gu\u00eda en Salamanca","robots":{"index":"noindex","follow":"nofollow"},"og_locale":"fr_FR","og_type":"article","og_title":"Politique de confidentialit\u00e9 - Tu gu\u00eda en Salamanca","og_description":"Avec cette politique de confidentialit\u00e9, nous respectons la l\u00e9gislation en vigueur sur la protection des donn\u00e9es et les services de la soci\u00e9t\u00e9 de l&rsquo;information et du commerce \u00e9lectronique. TUGUIENSALAMANCA \u2013&hellip;","og_url":"https:\/\/tuguiaensalamanca.com\/fr\/politique-de-confidentialite\/","og_site_name":"Tu gu\u00eda en Salamanca","article_publisher":"https:\/\/www.facebook.com\/tuguiaensalamanca\/","article_modified_time":"2023-05-29T08:14:09+00:00","twitter_card":"summary_large_image","twitter_misc":{"Dur\u00e9e de lecture estim\u00e9e":"8 minutes"},"schema":{"@context":"https:\/\/schema.org","@graph":[{"@type":"WebPage","@id":"https:\/\/tuguiaensalamanca.com\/fr\/politique-de-confidentialite\/","url":"https:\/\/tuguiaensalamanca.com\/fr\/politique-de-confidentialite\/","name":"Politique de confidentialit\u00e9 - Tu gu\u00eda en Salamanca","isPartOf":{"@id":"https:\/\/tuguiaensalamanca.com\/fr\/#website"},"datePublished":"2022-12-21T11:31:06+00:00","dateModified":"2023-05-29T08:14:09+00:00","breadcrumb":{"@id":"https:\/\/tuguiaensalamanca.com\/fr\/politique-de-confidentialite\/#breadcrumb"},"inLanguage":"fr-FR","potentialAction":[{"@type":"ReadAction","target":["https:\/\/tuguiaensalamanca.com\/fr\/politique-de-confidentialite\/"]}]},{"@type":"BreadcrumbList","@id":"https:\/\/tuguiaensalamanca.com\/fr\/politique-de-confidentialite\/#breadcrumb","itemListElement":[{"@type":"ListItem","position":1,"name":"Accueil","item":"https:\/\/tuguiaensalamanca.com\/fr\/"},{"@type":"ListItem","position":2,"name":"Politique de confidentialit\u00e9"}]},{"@type":"WebSite","@id":"https:\/\/tuguiaensalamanca.com\/fr\/#website","url":"https:\/\/tuguiaensalamanca.com\/fr\/","name":"Tu gu\u00eda en Salamanca","description":"Especialistas en turismo de calidad","publisher":{"@id":"https:\/\/tuguiaensalamanca.com\/fr\/#organization"},"alternateName":"Tu gu\u00eda en Salamanca","potentialAction":[{"@type":"SearchAction","target":{"@type":"EntryPoint","urlTemplate":"https:\/\/tuguiaensalamanca.com\/fr\/?s={search_term_string}"},"query-input":{"@type":"PropertyValueSpecification","valueRequired":true,"valueName":"search_term_string"}}],"inLanguage":"fr-FR"},{"@type":"Organization","@id":"https:\/\/tuguiaensalamanca.com\/fr\/#organization","name":"Tu gu\u00eda en Salamanca","alternateName":"Tu gu\u00eda en Salamanca","url":"https:\/\/tuguiaensalamanca.com\/fr\/","logo":{"@type":"ImageObject","inLanguage":"fr-FR","@id":"https:\/\/tuguiaensalamanca.com\/fr\/#\/schema\/logo\/image\/","url":"https:\/\/tuguiaensalamanca.com\/wp-content\/uploads\/2020\/06\/logoAlexiaGrande-1.svg","contentUrl":"https:\/\/tuguiaensalamanca.com\/wp-content\/uploads\/2020\/06\/logoAlexiaGrande-1.svg","width":1779,"height":714,"caption":"Tu gu\u00eda en Salamanca"},"image":{"@id":"https:\/\/tuguiaensalamanca.com\/fr\/#\/schema\/logo\/image\/"},"sameAs":["https:\/\/www.facebook.com\/tuguiaensalamanca\/","https:\/\/www.instagram.com\/tuguiaensalamanca\/","https:\/\/www.youtube.com\/@TUGUIAENSALAMANCA-rr5be"]}]}},"_links":{"self":[{"href":"https:\/\/tuguiaensalamanca.com\/fr\/wp-json\/wp\/v2\/pages\/23049","targetHints":{"allow":["GET"]}}],"collection":[{"href":"https:\/\/tuguiaensalamanca.com\/fr\/wp-json\/wp\/v2\/pages"}],"about":[{"href":"https:\/\/tuguiaensalamanca.com\/fr\/wp-json\/wp\/v2\/types\/page"}],"author":[{"embeddable":true,"href":"https:\/\/tuguiaensalamanca.com\/fr\/wp-json\/wp\/v2\/users\/1"}],"replies":[{"embeddable":true,"href":"https:\/\/tuguiaensalamanca.com\/fr\/wp-json\/wp\/v2\/comments?post=23049"}],"version-history":[{"count":0,"href":"https:\/\/tuguiaensalamanca.com\/fr\/wp-json\/wp\/v2\/pages\/23049\/revisions"}],"wp:attachment":[{"href":"https:\/\/tuguiaensalamanca.com\/fr\/wp-json\/wp\/v2\/media?parent=23049"}],"wp:term":[{"taxonomy":"categorias-de-paginas","embeddable":true,"href":"https:\/\/tuguiaensalamanca.com\/fr\/wp-json\/wp\/v2\/categorias-de-paginas?post=23049"}],"curies":[{"name":"wp","href":"https:\/\/api.w.org\/{rel}","templated":true}]}}