{"id":23045,"date":"2022-12-21T16:34:37","date_gmt":"2022-12-21T16:34:37","guid":{"rendered":"https:\/\/tuguiaensalamanca.com\/politique-de-cookies\/"},"modified":"2023-05-29T07:58:36","modified_gmt":"2023-05-29T07:58:36","slug":"politique-de-cookies","status":"publish","type":"page","link":"https:\/\/tuguiaensalamanca.com\/fr\/politique-de-cookies\/","title":{"rendered":"Politique de cookies"},"content":{"rendered":"\t\t<div data-elementor-type=\"wp-page\" data-elementor-id=\"23045\" class=\"elementor elementor-23045 elementor-17871\" data-elementor-post-type=\"page\">\n\t\t\t\t\t\t<section class=\"elementor-section elementor-top-section elementor-element elementor-element-b1a6d2e elementor-section-boxed elementor-section-height-default elementor-section-height-default sc_fly_static\" data-id=\"b1a6d2e\" data-element_type=\"section\" data-e-type=\"section\">\n\t\t\t\t\t\t<div class=\"elementor-container elementor-column-gap-extended\">\n\t\t\t\t\t<div class=\"elementor-column elementor-col-100 elementor-top-column elementor-element elementor-element-b19bac2 sc_inner_width_none sc_content_align_inherit sc_layouts_column_icons_position_left sc_fly_static\" data-id=\"b19bac2\" data-element_type=\"column\" data-e-type=\"column\">\n\t\t\t<div class=\"elementor-widget-wrap elementor-element-populated\">\n\t\t\t\t\t\t<div class=\"elementor-element elementor-element-7cd7371 sc_fly_static elementor-widget elementor-widget-text-editor\" data-id=\"7cd7371\" data-element_type=\"widget\" data-e-type=\"widget\" data-widget_type=\"text-editor.default\">\n\t\t\t\t<div class=\"elementor-widget-container\">\n\t\t\t\t\t\t\t\t\t<p><span style=\"font-weight: 400;\">Sur notre site Web, nous utilisons des cookies afin de fournir un meilleur service et de vous offrir une meilleure exp\u00e9rience de navigation. Nous souhaitons vous informer de mani\u00e8re claire et pr\u00e9cise sur les cookies que nous utilisons, en d\u00e9taillant ci-dessous ce qu&rsquo;est un cookie, \u00e0 quoi il sert, quels types de cookies nous utilisons, quel est leur but et comment vous pouvez les param\u00e9trer ou les d\u00e9sactiver si vous le souhaitez.<\/span><\/p>\n<p><span style=\"font-weight: 400;\">1.- QU&rsquo;EST-CE QU&rsquo;UN COOKIE ET \u200b\u200b\u00c0 QUOI SERT-IL ?<\/span><\/p>\n<p><span style=\"font-weight: 400;\">Un \u00ab\u00a0Cookie\u00a0\u00bb est un petit fichier qui est stock\u00e9 sur l&rsquo;ordinateur, la tablette, le smartphone ou tout autre appareil de l&rsquo;utilisateur avec des informations de navigation. L&rsquo;ensemble de \u00ab\u00a0cookies\u00a0\u00bb de tous nos utilisateurs nous aide \u00e0 am\u00e9liorer la qualit\u00e9 de notre site Web, nous permettant de contr\u00f4ler quelles pages sont utiles, lesquelles ne le sont pas et lesquelles sont susceptibles d&rsquo;\u00eatre am\u00e9lior\u00e9es. Les cookies sont essentiels au fonctionnement d&rsquo;Internet, offrant d&rsquo;innombrables avantages dans la fourniture de services interactifs, facilitant la navigation et la convivialit\u00e9 de notre site Web. En aucun cas les cookies ne pourront nuire \u00e0 votre \u00e9quipement. Au contraire, le fait qu&rsquo;ils soient actifs nous aide \u00e0 identifier et \u00e0 r\u00e9soudre les erreurs.<\/span><\/p>\n<p><span style=\"font-weight: 400;\">2.- QUELS TYPES DE COOKIES UTILISONS-NOUS ?<\/span><\/p>\n<p><b>Selon l&rsquo;entit\u00e9 qui le g\u00e8re :<\/b><\/p>\n<ul>\n<li style=\"font-weight: 400;\" aria-level=\"1\"><b>Cookies propres<\/b> : <span style=\"font-weight: 400;\">Ils sont envoy\u00e9s \u00e0 votre ordinateur \u00e0 partir de nos propres ordinateurs ou domaines et \u00e0 partir desquels nous fournissons le service que vous demandez.<\/span><\/li>\n<li style=\"font-weight: 400;\" aria-level=\"1\"><b>Cookies tiers<\/b><span style=\"font-weight: 400;\">: Ils sont envoy\u00e9s \u00e0 votre ordinateur \u00e0 partir d&rsquo;un ordinateur ou d&rsquo;un domaine qui n&rsquo;est pas g\u00e9r\u00e9 par nous, mais par une autre entit\u00e9 collaboratrice. Comme, par exemple, ceux utilis\u00e9s par les r\u00e9seaux sociaux, ou par des contenus externes comme Google Maps.<\/span><\/li>\n<\/ul>\n<p><b>Selon la dur\u00e9e pendant laquelle ils restent activ\u00e9s :<\/b><\/p>\n<ul>\n<li style=\"font-weight: 400;\" aria-level=\"1\"><b>Cookies de session<\/b><span style=\"font-weight: 400;\">: Ce sont des cookies temporaires qui restent dans le fichier cookie de votre navigateur jusqu&rsquo;\u00e0 ce que vous quittiez la page Web, donc aucun n&rsquo;est enregistr\u00e9 sur le disque dur de votre ordinateur. Les informations obtenues gr\u00e2ce \u00e0 ces cookies sont utilis\u00e9es pour analyser les mod\u00e8les de trafic sur le Web. \u00c0 long terme, cela nous permet de fournir une meilleure exp\u00e9rience pour am\u00e9liorer le contenu et le rendre plus facile \u00e0 utiliser.<\/span><\/li>\n<li style=\"font-weight: 400;\" aria-level=\"1\"><b>Cookies persistants<\/b><span style=\"font-weight: 400;\">: Ils sont stock\u00e9s sur le disque dur et notre site les lit \u00e0 chaque nouvelle visite. Un site Web permanent a une date d&rsquo;expiration sp\u00e9cifique. Le cookie cessera de fonctionner apr\u00e8s cette date. Nous utilisons ces cookies, g\u00e9n\u00e9ralement, pour les inscriptions, les formulaires, les autorisations des utilisateurs, etc.<\/span><\/li>\n<\/ul>\n<p><b>Selon sa destination :<\/b><\/p>\n<ul>\n<li style=\"font-weight: 400;\" aria-level=\"1\"><b>Cookies techniques<\/b><span style=\"font-weight: 400;\">: N\u00e9cessaire \u00e0 la navigation et au bon fonctionnement de notre site. Ils permettent, par exemple, de contr\u00f4ler le trafic et la communication de donn\u00e9es, d&rsquo;acc\u00e9der \u00e0 des parties \u00e0 acc\u00e8s restreint, d&rsquo;effectuer le processus d&rsquo;achat d&rsquo;une commande, d&rsquo;utiliser des \u00e9l\u00e9ments de s\u00e9curit\u00e9, de stocker du contenu pour pouvoir diffuser des vid\u00e9os ou partager du contenu via les r\u00e9seaux sociaux.<\/span><\/li>\n<li style=\"font-weight: 400;\" aria-level=\"1\"><b>Cookies de personnalisation<\/b> <span style=\"font-weight: 400;\">: Ils vous permettent d&rsquo;acc\u00e9der au service avec des caract\u00e9ristiques pr\u00e9d\u00e9finies en fonction d&rsquo;une s\u00e9rie de crit\u00e8res, tels que la langue, le type de navigateur via lequel le service est accessible, la configuration r\u00e9gionale \u00e0 partir de laquelle le service est accessible, etc.<\/span><\/li>\n<li style=\"font-weight: 400;\" aria-level=\"1\"><b>Cookies d&rsquo;analyse<\/b><span style=\"font-weight: 400;\">: Ils nous permettent de quantifier le nombre d&rsquo;utilisateurs et ainsi de r\u00e9aliser la mesure et l&rsquo;analyse statistique de l&rsquo;utilisation faite par les utilisateurs des services fournis. Pour ce faire, votre navigation sur notre site est analys\u00e9e afin d&rsquo;am\u00e9liorer la gamme de produits et services que nous vous proposons.<\/span><\/li>\n<li style=\"font-weight: 400;\" aria-level=\"1\"><b>Cookies publicitaires<\/b> : <span style=\"font-weight: 400;\">Ils permettent la gestion, de la mani\u00e8re la plus efficace possible, des espaces publicitaires qui pourraient figurer sur notre site.<\/span><\/li>\n<li style=\"font-weight: 400;\" aria-level=\"1\"><b>Cookies publicitaires comportementaux<\/b><span style=\"font-weight: 400;\">: Ces cookies stockent des informations sur le comportement des utilisateurs obtenues gr\u00e2ce \u00e0 une observation continue. Gr\u00e2ce \u00e0 eux, nous pouvons conna\u00eetre vos habitudes de navigation sur Internet et vous pr\u00e9senter des informations relatives \u00e0 votre profil de navigation. <\/span><\/li>\n<\/ul>\n<p><span style=\"font-weight: 400;\">3.- COMMENT CONFIGURER OU D\u00c9SACTIVER VOS COOKIES ?<\/span><\/p>\n<p><span style=\"font-weight: 400;\">Vous pouvez autoriser, bloquer ou supprimer les cookies install\u00e9s sur votre ordinateur en configurant les options de votre navigateur Internet. Si vous n&rsquo;autorisez pas l&rsquo;installation de cookies dans votre navigateur, vous devez appuyer sur \u00ab\u00a0Quitter la page\u00a0\u00bb et continuer \u00e0 naviguer sur d&rsquo;autres sites Web. <\/span><\/p>\n<p><span style=\"font-weight: 400;\">Vous pouvez \u00e9galement supprimer les cookies \u00e0 tout moment depuis votre propre navigateur.<\/span><\/p>\n<p><span style=\"font-weight: 400;\">Dans les liens suivants, vous avez \u00e0 votre disposition toutes les informations pour configurer ou d\u00e9sactiver vos cookies dans chaque navigateur :<\/span><\/p>\n<ul>\n<li style=\"font-weight: 400;\" aria-level=\"1\"><a href=\"http:\/\/support.google.com\/chrome\/answer\/95647?hl=es\"><span style=\"font-weight: 400;\">Google Chrome<\/span><\/a><\/li>\n<li style=\"font-weight: 400;\" aria-level=\"1\"><a href=\"http:\/\/support.mozilla.org\/es\/kb\/habilitar-y-deshabilitar-cookies-que-los-sitios-we\"><span style=\"font-weight: 400;\">Mozilla Firefox<\/span><\/a><\/li>\n<li style=\"font-weight: 400;\" aria-level=\"1\"><a href=\"http:\/\/windows.microsoft.com\/es-es\/windows-vista\/block-or-allow-cookies\"><span style=\"font-weight: 400;\">Internet Explorer<\/span><\/a><\/li>\n<li style=\"font-weight: 400;\" aria-level=\"1\"><a href=\"http:\/\/support.apple.com\/kb\/ph5042?viewlocale=es_es\"><span style=\"font-weight: 400;\">Safari<\/span><\/a><\/li>\n<li style=\"font-weight: 400;\" aria-level=\"1\"><a href=\"http:\/\/support.apple.com\/kb\/ht1677?viewlocale=es_es\"><span style=\"font-weight: 400;\">Safari pour IOS<\/span><\/a> <span style=\"font-weight: 400;\">(iPhone et iPad)<\/span><\/li>\n<li style=\"font-weight: 400;\" aria-level=\"1\"><a href=\"http:\/\/support.google.com\/chrome\/answer\/2392971?hl=es\"><span style=\"font-weight: 400;\">Chrome pour Andro\u00efd<\/span><\/a><\/li>\n<\/ul>\n<p><span style=\"font-weight: 400;\">4.- CONSENTEMENT<\/span><\/p>\n<p><span style=\"font-weight: 400;\">Sur notre site Web, nous ne stockons jamais les donn\u00e9es personnelles de nos utilisateurs, \u00e0 l&rsquo;exception de l&rsquo;adresse IP d\u00e9crite ci-dessus. En naviguant et en continuant sur notre site, vous indiquez explicitement que vous consentez \u00e0 l&rsquo;utilisation des cookies susmentionn\u00e9s, et dans les conditions contenues dans la pr\u00e9sente politique de cookies. Pour toute clarification ou commentaire, vous pouvez contacter info@tuguiaensalamanca.com ou par t\u00e9l\u00e9phone 696 89 17 02.<\/span><\/p>\n\t\t\t\t\t\t\t\t<\/div>\n\t\t\t\t<\/div>\n\t\t\t\t\t<\/div>\n\t\t<\/div>\n\t\t\t\t\t<\/div>\n\t\t<\/section>\n\t\t\t\t<\/div>\n\t\t","protected":false},"excerpt":{"rendered":"<p>Sur notre site Web, nous utilisons des cookies afin de fournir un meilleur service et de vous offrir une meilleure exp\u00e9rience de navigation. Nous souhaitons vous informer de mani\u00e8re claire&hellip;<\/p>\n","protected":false},"author":1,"featured_media":0,"parent":0,"menu_order":0,"comment_status":"closed","ping_status":"closed","template":"elementor_header_footer","meta":{"_acf_changed":false,"rs_blank_template":"","rs_page_bg_color":"","slide_template_v7":"","footnotes":""},"categorias-de-paginas":[],"class_list":["post-23045","page","type-page","status-publish","hentry"],"acf":[],"yoast_head":"<!-- This site is optimized with the Yoast SEO plugin v27.4 - https:\/\/yoast.com\/product\/yoast-seo-wordpress\/ -->\n<title>Politique de cookies - Tu gu\u00eda en Salamanca<\/title>\n<meta name=\"robots\" content=\"noindex, nofollow\" \/>\n<meta property=\"og:locale\" content=\"fr_FR\" \/>\n<meta property=\"og:type\" content=\"article\" \/>\n<meta property=\"og:title\" content=\"Politique de cookies - Tu gu\u00eda en Salamanca\" \/>\n<meta property=\"og:description\" content=\"Sur notre site Web, nous utilisons des cookies afin de fournir un meilleur service et de vous offrir une meilleure exp\u00e9rience de navigation. Nous souhaitons vous informer de mani\u00e8re claire&hellip;\" \/>\n<meta property=\"og:url\" content=\"https:\/\/tuguiaensalamanca.com\/fr\/politique-de-cookies\/\" \/>\n<meta property=\"og:site_name\" content=\"Tu gu\u00eda en Salamanca\" \/>\n<meta property=\"article:publisher\" content=\"https:\/\/www.facebook.com\/tuguiaensalamanca\/\" \/>\n<meta property=\"article:modified_time\" content=\"2023-05-29T07:58:36+00:00\" \/>\n<meta name=\"twitter:card\" content=\"summary_large_image\" \/>\n<meta name=\"twitter:label1\" content=\"Dur\u00e9e de lecture estim\u00e9e\" \/>\n\t<meta name=\"twitter:data1\" content=\"4 minutes\" \/>\n<script type=\"application\/ld+json\" class=\"yoast-schema-graph\">{\"@context\":\"https:\\\/\\\/schema.org\",\"@graph\":[{\"@type\":\"WebPage\",\"@id\":\"https:\\\/\\\/tuguiaensalamanca.com\\\/fr\\\/politique-de-cookies\\\/\",\"url\":\"https:\\\/\\\/tuguiaensalamanca.com\\\/fr\\\/politique-de-cookies\\\/\",\"name\":\"Politique de cookies - Tu gu\u00eda en Salamanca\",\"isPartOf\":{\"@id\":\"https:\\\/\\\/tuguiaensalamanca.com\\\/fr\\\/#website\"},\"datePublished\":\"2022-12-21T16:34:37+00:00\",\"dateModified\":\"2023-05-29T07:58:36+00:00\",\"breadcrumb\":{\"@id\":\"https:\\\/\\\/tuguiaensalamanca.com\\\/fr\\\/politique-de-cookies\\\/#breadcrumb\"},\"inLanguage\":\"fr-FR\",\"potentialAction\":[{\"@type\":\"ReadAction\",\"target\":[\"https:\\\/\\\/tuguiaensalamanca.com\\\/fr\\\/politique-de-cookies\\\/\"]}]},{\"@type\":\"BreadcrumbList\",\"@id\":\"https:\\\/\\\/tuguiaensalamanca.com\\\/fr\\\/politique-de-cookies\\\/#breadcrumb\",\"itemListElement\":[{\"@type\":\"ListItem\",\"position\":1,\"name\":\"Accueil\",\"item\":\"https:\\\/\\\/tuguiaensalamanca.com\\\/fr\\\/\"},{\"@type\":\"ListItem\",\"position\":2,\"name\":\"Politique de cookies\"}]},{\"@type\":\"WebSite\",\"@id\":\"https:\\\/\\\/tuguiaensalamanca.com\\\/fr\\\/#website\",\"url\":\"https:\\\/\\\/tuguiaensalamanca.com\\\/fr\\\/\",\"name\":\"Tu gu\u00eda en Salamanca\",\"description\":\"Especialistas en turismo de calidad\",\"publisher\":{\"@id\":\"https:\\\/\\\/tuguiaensalamanca.com\\\/fr\\\/#organization\"},\"alternateName\":\"Tu gu\u00eda en Salamanca\",\"potentialAction\":[{\"@type\":\"SearchAction\",\"target\":{\"@type\":\"EntryPoint\",\"urlTemplate\":\"https:\\\/\\\/tuguiaensalamanca.com\\\/fr\\\/?s={search_term_string}\"},\"query-input\":{\"@type\":\"PropertyValueSpecification\",\"valueRequired\":true,\"valueName\":\"search_term_string\"}}],\"inLanguage\":\"fr-FR\"},{\"@type\":\"Organization\",\"@id\":\"https:\\\/\\\/tuguiaensalamanca.com\\\/fr\\\/#organization\",\"name\":\"Tu gu\u00eda en Salamanca\",\"alternateName\":\"Tu gu\u00eda en Salamanca\",\"url\":\"https:\\\/\\\/tuguiaensalamanca.com\\\/fr\\\/\",\"logo\":{\"@type\":\"ImageObject\",\"inLanguage\":\"fr-FR\",\"@id\":\"https:\\\/\\\/tuguiaensalamanca.com\\\/fr\\\/#\\\/schema\\\/logo\\\/image\\\/\",\"url\":\"https:\\\/\\\/tuguiaensalamanca.com\\\/wp-content\\\/uploads\\\/2020\\\/06\\\/logoAlexiaGrande-1.svg\",\"contentUrl\":\"https:\\\/\\\/tuguiaensalamanca.com\\\/wp-content\\\/uploads\\\/2020\\\/06\\\/logoAlexiaGrande-1.svg\",\"width\":1779,\"height\":714,\"caption\":\"Tu gu\u00eda en Salamanca\"},\"image\":{\"@id\":\"https:\\\/\\\/tuguiaensalamanca.com\\\/fr\\\/#\\\/schema\\\/logo\\\/image\\\/\"},\"sameAs\":[\"https:\\\/\\\/www.facebook.com\\\/tuguiaensalamanca\\\/\",\"https:\\\/\\\/www.instagram.com\\\/tuguiaensalamanca\\\/\",\"https:\\\/\\\/www.youtube.com\\\/@TUGUIAENSALAMANCA-rr5be\"]}]}<\/script>\n<!-- \/ Yoast SEO plugin. -->","yoast_head_json":{"title":"Politique de cookies - Tu gu\u00eda en Salamanca","robots":{"index":"noindex","follow":"nofollow"},"og_locale":"fr_FR","og_type":"article","og_title":"Politique de cookies - Tu gu\u00eda en Salamanca","og_description":"Sur notre site Web, nous utilisons des cookies afin de fournir un meilleur service et de vous offrir une meilleure exp\u00e9rience de navigation. Nous souhaitons vous informer de mani\u00e8re claire&hellip;","og_url":"https:\/\/tuguiaensalamanca.com\/fr\/politique-de-cookies\/","og_site_name":"Tu gu\u00eda en Salamanca","article_publisher":"https:\/\/www.facebook.com\/tuguiaensalamanca\/","article_modified_time":"2023-05-29T07:58:36+00:00","twitter_card":"summary_large_image","twitter_misc":{"Dur\u00e9e de lecture estim\u00e9e":"4 minutes"},"schema":{"@context":"https:\/\/schema.org","@graph":[{"@type":"WebPage","@id":"https:\/\/tuguiaensalamanca.com\/fr\/politique-de-cookies\/","url":"https:\/\/tuguiaensalamanca.com\/fr\/politique-de-cookies\/","name":"Politique de cookies - Tu gu\u00eda en Salamanca","isPartOf":{"@id":"https:\/\/tuguiaensalamanca.com\/fr\/#website"},"datePublished":"2022-12-21T16:34:37+00:00","dateModified":"2023-05-29T07:58:36+00:00","breadcrumb":{"@id":"https:\/\/tuguiaensalamanca.com\/fr\/politique-de-cookies\/#breadcrumb"},"inLanguage":"fr-FR","potentialAction":[{"@type":"ReadAction","target":["https:\/\/tuguiaensalamanca.com\/fr\/politique-de-cookies\/"]}]},{"@type":"BreadcrumbList","@id":"https:\/\/tuguiaensalamanca.com\/fr\/politique-de-cookies\/#breadcrumb","itemListElement":[{"@type":"ListItem","position":1,"name":"Accueil","item":"https:\/\/tuguiaensalamanca.com\/fr\/"},{"@type":"ListItem","position":2,"name":"Politique de cookies"}]},{"@type":"WebSite","@id":"https:\/\/tuguiaensalamanca.com\/fr\/#website","url":"https:\/\/tuguiaensalamanca.com\/fr\/","name":"Tu gu\u00eda en Salamanca","description":"Especialistas en turismo de calidad","publisher":{"@id":"https:\/\/tuguiaensalamanca.com\/fr\/#organization"},"alternateName":"Tu gu\u00eda en Salamanca","potentialAction":[{"@type":"SearchAction","target":{"@type":"EntryPoint","urlTemplate":"https:\/\/tuguiaensalamanca.com\/fr\/?s={search_term_string}"},"query-input":{"@type":"PropertyValueSpecification","valueRequired":true,"valueName":"search_term_string"}}],"inLanguage":"fr-FR"},{"@type":"Organization","@id":"https:\/\/tuguiaensalamanca.com\/fr\/#organization","name":"Tu gu\u00eda en Salamanca","alternateName":"Tu gu\u00eda en Salamanca","url":"https:\/\/tuguiaensalamanca.com\/fr\/","logo":{"@type":"ImageObject","inLanguage":"fr-FR","@id":"https:\/\/tuguiaensalamanca.com\/fr\/#\/schema\/logo\/image\/","url":"https:\/\/tuguiaensalamanca.com\/wp-content\/uploads\/2020\/06\/logoAlexiaGrande-1.svg","contentUrl":"https:\/\/tuguiaensalamanca.com\/wp-content\/uploads\/2020\/06\/logoAlexiaGrande-1.svg","width":1779,"height":714,"caption":"Tu gu\u00eda en Salamanca"},"image":{"@id":"https:\/\/tuguiaensalamanca.com\/fr\/#\/schema\/logo\/image\/"},"sameAs":["https:\/\/www.facebook.com\/tuguiaensalamanca\/","https:\/\/www.instagram.com\/tuguiaensalamanca\/","https:\/\/www.youtube.com\/@TUGUIAENSALAMANCA-rr5be"]}]}},"_links":{"self":[{"href":"https:\/\/tuguiaensalamanca.com\/fr\/wp-json\/wp\/v2\/pages\/23045","targetHints":{"allow":["GET"]}}],"collection":[{"href":"https:\/\/tuguiaensalamanca.com\/fr\/wp-json\/wp\/v2\/pages"}],"about":[{"href":"https:\/\/tuguiaensalamanca.com\/fr\/wp-json\/wp\/v2\/types\/page"}],"author":[{"embeddable":true,"href":"https:\/\/tuguiaensalamanca.com\/fr\/wp-json\/wp\/v2\/users\/1"}],"replies":[{"embeddable":true,"href":"https:\/\/tuguiaensalamanca.com\/fr\/wp-json\/wp\/v2\/comments?post=23045"}],"version-history":[{"count":0,"href":"https:\/\/tuguiaensalamanca.com\/fr\/wp-json\/wp\/v2\/pages\/23045\/revisions"}],"wp:attachment":[{"href":"https:\/\/tuguiaensalamanca.com\/fr\/wp-json\/wp\/v2\/media?parent=23045"}],"wp:term":[{"taxonomy":"categorias-de-paginas","embeddable":true,"href":"https:\/\/tuguiaensalamanca.com\/fr\/wp-json\/wp\/v2\/categorias-de-paginas?post=23045"}],"curies":[{"name":"wp","href":"https:\/\/api.w.org\/{rel}","templated":true}]}}