{"id":23038,"date":"2023-02-23T12:02:37","date_gmt":"2023-02-23T12:02:37","guid":{"rendered":"https:\/\/tuguiaensalamanca.com\/mission-vision-et-valeurs\/"},"modified":"2023-11-03T14:05:59","modified_gmt":"2023-11-03T14:05:59","slug":"mission-vision-et-valeurs","status":"publish","type":"page","link":"https:\/\/tuguiaensalamanca.com\/fr\/mission-vision-et-valeurs\/","title":{"rendered":"Mission, vision et valeurs"},"content":{"rendered":"\t\t<div data-elementor-type=\"wp-page\" data-elementor-id=\"23038\" class=\"elementor elementor-23038 elementor-18701\" data-elementor-post-type=\"page\">\n\t\t\t\t\t\t<section class=\"elementor-section elementor-top-section elementor-element elementor-element-cb9c43d scheme_default elementor-section-full_width elementor-section-height-default elementor-section-height-default sc_fly_static\" data-id=\"cb9c43d\" data-element_type=\"section\" data-e-type=\"section\" data-settings=\"{&quot;background_background&quot;:&quot;classic&quot;}\">\n\t\t\t\t\t\t\t<div class=\"elementor-background-overlay\"><\/div>\n\t\t\t\t\t\t\t<div class=\"elementor-container elementor-column-gap-extended\">\n\t\t\t\t\t<div class=\"elementor-column elementor-col-100 elementor-top-column elementor-element elementor-element-be95422 up-translateZ sc_inner_width_none sc_content_align_inherit sc_layouts_column_icons_position_left sc_fly_static\" data-id=\"be95422\" data-element_type=\"column\" data-e-type=\"column\" data-settings=\"{&quot;background_background&quot;:&quot;classic&quot;}\">\n\t\t\t<div class=\"elementor-widget-wrap elementor-element-populated\">\n\t\t\t\t\t\t<div class=\"elementor-element elementor-element-d970f35 sc_fly_static elementor-widget elementor-widget-spacer\" data-id=\"d970f35\" data-element_type=\"widget\" data-e-type=\"widget\" data-widget_type=\"spacer.default\">\n\t\t\t\t<div class=\"elementor-widget-container\">\n\t\t\t\t\t\t\t<div class=\"elementor-spacer\">\n\t\t\t<div class=\"elementor-spacer-inner\"><\/div>\n\t\t<\/div>\n\t\t\t\t\t\t<\/div>\n\t\t\t\t<\/div>\n\t\t\t\t<div class=\"elementor-element elementor-element-2950e09 scheme_dark sc_fly_static elementor-widget elementor-widget-trx_sc_title\" data-id=\"2950e09\" data-element_type=\"widget\" data-e-type=\"widget\" data-widget_type=\"trx_sc_title.default\">\n\t\t\t\t<div class=\"elementor-widget-container\">\n\t\t\t\t\t<div\t\tclass=\"sc_title scheme_dark sc_title_default\" ><h1 class=\"sc_item_title sc_title_title sc_align_center sc_item_title_style_default sc_item_title_tag\"\n\t\t\t><span class=\"sc_item_title_text\">Mission, vision et valeurs<\/span><\/h1><\/div>\t\t\t\t<\/div>\n\t\t\t\t<\/div>\n\t\t\t\t<div class=\"elementor-element elementor-element-d3e0862 elementor-align-center sc_fly_static elementor-widget elementor-widget-breadcrumbs\" data-id=\"d3e0862\" data-element_type=\"widget\" data-e-type=\"widget\" data-widget_type=\"breadcrumbs.default\">\n\t\t\t\t<div class=\"elementor-widget-container\">\n\t\t\t\t\t<p id=\"breadcrumbs\"><span><span><a href=\"https:\/\/tuguiaensalamanca.com\/fr\/\">Accueil<\/a><\/span><\/span><\/p>\t\t\t\t<\/div>\n\t\t\t\t<\/div>\n\t\t\t\t<div class=\"elementor-element elementor-element-fe652a1 sc_fly_static elementor-widget elementor-widget-spacer\" data-id=\"fe652a1\" data-element_type=\"widget\" data-e-type=\"widget\" data-widget_type=\"spacer.default\">\n\t\t\t\t<div class=\"elementor-widget-container\">\n\t\t\t\t\t\t\t<div class=\"elementor-spacer\">\n\t\t\t<div class=\"elementor-spacer-inner\"><\/div>\n\t\t<\/div>\n\t\t\t\t\t\t<\/div>\n\t\t\t\t<\/div>\n\t\t\t\t\t<\/div>\n\t\t<\/div>\n\t\t\t\t\t<\/div>\n\t\t<\/section>\n\t\t\t\t<section class=\"elementor-section elementor-top-section elementor-element elementor-element-b1a6d2e elementor-section-boxed elementor-section-height-default elementor-section-height-default sc_fly_static\" data-id=\"b1a6d2e\" data-element_type=\"section\" data-e-type=\"section\">\n\t\t\t\t\t\t<div class=\"elementor-container elementor-column-gap-extended\">\n\t\t\t\t\t<div class=\"elementor-column elementor-col-100 elementor-top-column elementor-element elementor-element-b19bac2 sc_inner_width_none sc_content_align_inherit sc_layouts_column_icons_position_left sc_fly_static\" data-id=\"b19bac2\" data-element_type=\"column\" data-e-type=\"column\">\n\t\t\t<div class=\"elementor-widget-wrap elementor-element-populated\">\n\t\t\t\t\t\t<div class=\"elementor-element elementor-element-5a4fd55 sc_height_medium sc_fly_static elementor-widget elementor-widget-spacer\" data-id=\"5a4fd55\" data-element_type=\"widget\" data-e-type=\"widget\" data-widget_type=\"spacer.default\">\n\t\t\t\t<div class=\"elementor-widget-container\">\n\t\t\t\t\t\t\t<div class=\"elementor-spacer\">\n\t\t\t<div class=\"elementor-spacer-inner\"><\/div>\n\t\t<\/div>\n\t\t\t\t\t\t<\/div>\n\t\t\t\t<\/div>\n\t\t\t\t<div class=\"elementor-element elementor-element-94c2f05 sc_fly_static elementor-widget elementor-widget-heading\" data-id=\"94c2f05\" data-element_type=\"widget\" data-e-type=\"widget\" data-widget_type=\"heading.default\">\n\t\t\t\t<div class=\"elementor-widget-container\">\n\t\t\t\t\t<h2 class=\"elementor-heading-title elementor-size-default\">Mission<\/h2>\t\t\t\t<\/div>\n\t\t\t\t<\/div>\n\t\t\t\t<div class=\"elementor-element elementor-element-4f6b5f1 sc_height_tiny sc_fly_static elementor-widget elementor-widget-spacer\" data-id=\"4f6b5f1\" data-element_type=\"widget\" data-e-type=\"widget\" data-widget_type=\"spacer.default\">\n\t\t\t\t<div class=\"elementor-widget-container\">\n\t\t\t\t\t\t\t<div class=\"elementor-spacer\">\n\t\t\t<div class=\"elementor-spacer-inner\"><\/div>\n\t\t<\/div>\n\t\t\t\t\t\t<\/div>\n\t\t\t\t<\/div>\n\t\t\t\t<div class=\"elementor-element elementor-element-530f0f3 sc_fly_static elementor-widget elementor-widget-text-editor\" data-id=\"530f0f3\" data-element_type=\"widget\" data-e-type=\"widget\" data-widget_type=\"text-editor.default\">\n\t\t\t\t<div class=\"elementor-widget-container\">\n\t\t\t\t\t\t\t\t\t<p>La mission de <strong>TUGUIAENSALAMANCA<\/strong> est d&rsquo;offrir aux passagers nationaux et internationaux des visites guid\u00e9es de haute qualit\u00e9, de s\u00e9curit\u00e9 et de durabilit\u00e9 environnementale, socioculturelle et \u00e9conomique principalement \u00e0 Salamanque, ainsi que dans la province et la r\u00e9gion de Castilla y Le\u00f3n. Notre objectif principal est de fournir une attention personnalis\u00e9e, avec une bonne communication et rapidit\u00e9, en r\u00e9alisant les r\u00eaves de nos clients de vivre et de vivre des exp\u00e9riences uniques.<\/p>\n<p>Nous croyons que le tourisme est <strong>la plus grande \u00e9cole du monde<\/strong>, qu&rsquo;il peut aider \u00e0 <strong>transformer des parties de nos vies<\/strong>, contribuant \u00e0 la <strong>r\u00e9g\u00e9n\u00e9ration de notre plan\u00e8te<\/strong><strong>.<\/strong> A travers des <strong>visites et des exp\u00e9riences innovantes<\/strong>, nous enseignons la connaissance, l&rsquo;appr\u00e9ciation et les alternatives pour l&rsquo;utilisation durable du <strong>patrimoine naturel et culturel.<\/strong><\/p>\n<p>Dans le but de cr\u00e9er des exp\u00e9riences \u00e0 vivre avec tous les sens, nous concevons des visites guid\u00e9es en quatre langues et nous organisons votre voyage en Castille et Le\u00f3n.<\/p>\n\t\t\t\t\t\t\t\t<\/div>\n\t\t\t\t<\/div>\n\t\t\t\t<div class=\"elementor-element elementor-element-4cf948a sc_height_small sc_fly_static elementor-widget elementor-widget-spacer\" data-id=\"4cf948a\" data-element_type=\"widget\" data-e-type=\"widget\" data-widget_type=\"spacer.default\">\n\t\t\t\t<div class=\"elementor-widget-container\">\n\t\t\t\t\t\t\t<div class=\"elementor-spacer\">\n\t\t\t<div class=\"elementor-spacer-inner\"><\/div>\n\t\t<\/div>\n\t\t\t\t\t\t<\/div>\n\t\t\t\t<\/div>\n\t\t\t\t<div class=\"elementor-element elementor-element-b53bdcf sc_fly_static elementor-widget elementor-widget-heading\" data-id=\"b53bdcf\" data-element_type=\"widget\" data-e-type=\"widget\" data-widget_type=\"heading.default\">\n\t\t\t\t<div class=\"elementor-widget-container\">\n\t\t\t\t\t<h2 class=\"elementor-heading-title elementor-size-default\">Vision<\/h2>\t\t\t\t<\/div>\n\t\t\t\t<\/div>\n\t\t\t\t<div class=\"elementor-element elementor-element-e017b48 sc_height_tiny sc_fly_static elementor-widget elementor-widget-spacer\" data-id=\"e017b48\" data-element_type=\"widget\" data-e-type=\"widget\" data-widget_type=\"spacer.default\">\n\t\t\t\t<div class=\"elementor-widget-container\">\n\t\t\t\t\t\t\t<div class=\"elementor-spacer\">\n\t\t\t<div class=\"elementor-spacer-inner\"><\/div>\n\t\t<\/div>\n\t\t\t\t\t\t<\/div>\n\t\t\t\t<\/div>\n\t\t\t\t<div class=\"elementor-element elementor-element-db1807e sc_fly_static elementor-widget elementor-widget-text-editor\" data-id=\"db1807e\" data-element_type=\"widget\" data-e-type=\"widget\" data-widget_type=\"text-editor.default\">\n\t\t\t\t<div class=\"elementor-widget-container\">\n\t\t\t\t\t\t\t\t\t<p>Notre vision est d&rsquo;\u00eatre une entreprise de r\u00e9f\u00e9rence dans le secteur du tourisme de Salamanque, offrant des visites uniques et innovantes, et \u00e9tant la pr\u00e9f\u00e9r\u00e9e des clients \u00e9trangers, des visiteurs qui ont besoin d&rsquo;un voyage sur mesure \u00e0 travers la r\u00e9gion et des touristes \u00e0 la recherche d&rsquo;exp\u00e9riences innovantes. int\u00e9ressant et \u00e9co-durable.<\/p>\n<p>Nous projetons de nous d\u00e9velopper en tant qu&rsquo;entreprise durable, en augmentant la rentabilit\u00e9 de notre entreprise, tout en travaillant d&rsquo;une mani\u00e8re \u00e9cologiquement responsable, \u00e9conomiquement \u00e9quitable et socioculturellement inclusive.<\/p>\n<p>Nous voulons \u00eatre une entreprise exemplaire pour la conception et le d\u00e9veloppement de visites touristiques durables de qualit\u00e9, surprenant continuellement notre environnement par notre innovation, notre professionnalisme et notre engagement.<\/p>\n\t\t\t\t\t\t\t\t<\/div>\n\t\t\t\t<\/div>\n\t\t\t\t<div class=\"elementor-element elementor-element-9f8cdc1 sc_height_small sc_fly_static elementor-widget elementor-widget-spacer\" data-id=\"9f8cdc1\" data-element_type=\"widget\" data-e-type=\"widget\" data-widget_type=\"spacer.default\">\n\t\t\t\t<div class=\"elementor-widget-container\">\n\t\t\t\t\t\t\t<div class=\"elementor-spacer\">\n\t\t\t<div class=\"elementor-spacer-inner\"><\/div>\n\t\t<\/div>\n\t\t\t\t\t\t<\/div>\n\t\t\t\t<\/div>\n\t\t\t\t<div class=\"elementor-element elementor-element-4f8c3b9 sc_fly_static elementor-widget elementor-widget-heading\" data-id=\"4f8c3b9\" data-element_type=\"widget\" data-e-type=\"widget\" data-widget_type=\"heading.default\">\n\t\t\t\t<div class=\"elementor-widget-container\">\n\t\t\t\t\t<h2 class=\"elementor-heading-title elementor-size-default\">Valeurs<\/h2>\t\t\t\t<\/div>\n\t\t\t\t<\/div>\n\t\t\t\t<div class=\"elementor-element elementor-element-003b6cb sc_height_tiny sc_fly_static elementor-widget elementor-widget-spacer\" data-id=\"003b6cb\" data-element_type=\"widget\" data-e-type=\"widget\" data-widget_type=\"spacer.default\">\n\t\t\t\t<div class=\"elementor-widget-container\">\n\t\t\t\t\t\t\t<div class=\"elementor-spacer\">\n\t\t\t<div class=\"elementor-spacer-inner\"><\/div>\n\t\t<\/div>\n\t\t\t\t\t\t<\/div>\n\t\t\t\t<\/div>\n\t\t\t\t<div class=\"elementor-element elementor-element-3043c45 sc_fly_static elementor-widget elementor-widget-text-editor\" data-id=\"3043c45\" data-element_type=\"widget\" data-e-type=\"widget\" data-widget_type=\"text-editor.default\">\n\t\t\t\t<div class=\"elementor-widget-container\">\n\t\t\t\t\t\t\t\t\t<p>Engag\u00e9 \u00e0 \u00eatre une \u00e9quipe avec une excellente disposition au travail, bien form\u00e9e, exp\u00e9riment\u00e9e, dynamique, efficace, avec une grande capacit\u00e9 de r\u00e9ponse, avec le m\u00eame but et un objectif de travail ax\u00e9 sur la satisfaction des touristes.<\/p>\n<ul>\n<li><strong>Qualit\u00e9<\/strong> dans nos services et attention personnalis\u00e9e \u00e0 nos clients afin d&rsquo;obtenir leur confiance et leur fid\u00e9lit\u00e9. De plus, nous offrons des <strong>tarifs comp\u00e9titifs<\/strong>, avec un rapport qualit\u00e9-prix \u00e9lev\u00e9 qui r\u00e9pondent aux exigences de nos clients.<\/li>\n<li><strong>Client \u2013 \u200b\u200bcentr\u00e9<\/strong> : La satisfaction de nos clients est essentielle pour le succ\u00e8s de TUGUIAENSALAMANCA. Nous connaissons votre int\u00e9r\u00eat lorsque nous \u00e9coutons, comprenons et anticipons vos besoins et que nous parvenons \u00e0 r\u00e9pondre \u00e0 vos attentes, ainsi qu&rsquo;au travers d&rsquo;enqu\u00eates de satisfaction, d&rsquo;avis sur Tripadvisor, site internet, et de commentaires sur les r\u00e9seaux sociaux. Nous analysons tous les commentaires, avis et critiques pour nous am\u00e9liorer jour apr\u00e8s jour.<\/li>\n<li><strong>\u00c9thique et responsabilit\u00e9 sociale<\/strong> avec nos employ\u00e9s, nos fournisseurs et nos clients. Nous nous engageons constamment \u00e0 appliquer les normes d&rsquo;int\u00e9grit\u00e9 les plus \u00e9lev\u00e9es. Nous sommes honn\u00eates, \u00e9thiques et justes dans toutes nos activit\u00e9s. Nous assumons la responsabilit\u00e9 de nos actions et traitons tout le monde avec respect, afin de rester une entreprise digne de confiance. Nous collaborons \u00e9galement avec diff\u00e9rentes ONG de la ville, associations pour handicap\u00e9s et personnes \u00e2g\u00e9es, \u00e9coles, instituts&#8230; Nous pensons que la connaissance de l&rsquo;histoire, des monuments et des espaces de Salamanque doit \u00eatre accessible et dans le domaine public, c&rsquo;est pourquoi nous faisons notre morceau de sable pour qu&rsquo;il en soit ainsi, et nous pouvons tous profiter et aimer notre ville et notre r\u00e9gion.<\/li>\n<li><strong>Durabilit\u00e9 et s\u00e9curit\u00e9<\/strong> : Nous nous engageons pour la durabilit\u00e9 \u00e0 tous les niveaux : nos activit\u00e9s sont respectueuses de l&rsquo;environnement, socioculturellement \u00e9quitables, \u00e9conomiquement justes et rentables. Nous avons une vision \u00e0 long terme, c&rsquo;est pourquoi nous impliquons \u00e0 la fois nos clients dans le processus d&rsquo;am\u00e9lioration continue, ainsi que nos fournisseurs soigneusement s\u00e9lectionn\u00e9s. Nous mettons \u00e9galement en place des mesures de s\u00e9curit\u00e9 et de protection pour pr\u00e9venir la propagation du COVID-19.<\/li>\n<li><strong>Des visites innovantes et originales<\/strong> qui impliquent des exp\u00e9riences de vie uniques. Nous sommes ouverts aux id\u00e9es qui d\u00e9fient le quotidien et l&rsquo;existant. Nous sommes constamment \u00e0 la recherche de nouveaux services, de moyens de faire conna\u00eetre quelque chose \u00e0 d\u00e9couvrir.<\/li>\n<\/ul>\n\t\t\t\t\t\t\t\t<\/div>\n\t\t\t\t<\/div>\n\t\t\t\t<div class=\"elementor-element elementor-element-71cc53c sc_height_medium sc_fly_static elementor-widget elementor-widget-spacer\" data-id=\"71cc53c\" data-element_type=\"widget\" data-e-type=\"widget\" data-widget_type=\"spacer.default\">\n\t\t\t\t<div class=\"elementor-widget-container\">\n\t\t\t\t\t\t\t<div class=\"elementor-spacer\">\n\t\t\t<div class=\"elementor-spacer-inner\"><\/div>\n\t\t<\/div>\n\t\t\t\t\t\t<\/div>\n\t\t\t\t<\/div>\n\t\t\t\t\t<\/div>\n\t\t<\/div>\n\t\t\t\t\t<\/div>\n\t\t<\/section>\n\t\t\t\t<\/div>\n\t\t","protected":false},"excerpt":{"rendered":"<p>Mission, vision et valeurs Mission La mission de TUGUIAENSALAMANCA est d&rsquo;offrir aux passagers nationaux et internationaux des visites guid\u00e9es de haute qualit\u00e9, de s\u00e9curit\u00e9 et de durabilit\u00e9 environnementale, socioculturelle et&hellip;<\/p>\n","protected":false},"author":1,"featured_media":0,"parent":0,"menu_order":0,"comment_status":"closed","ping_status":"closed","template":"elementor_header_footer","meta":{"_acf_changed":false,"rs_blank_template":"","rs_page_bg_color":"","slide_template_v7":"","footnotes":""},"categorias-de-paginas":[],"class_list":["post-23038","page","type-page","status-publish","hentry"],"acf":[],"yoast_head":"<!-- This site is optimized with the Yoast SEO plugin v27.4 - https:\/\/yoast.com\/product\/yoast-seo-wordpress\/ -->\n<title>Mission, vision et valeurs de Tu Gu\u00eda en Salamanca<\/title>\n<meta name=\"description\" content=\"Tu Gu\u00eda en Salamanca vise \u00e0 fournir des visites guid\u00e9es de haute qualit\u00e9 \u00e0 Salamanque en respectant le patrimoine culturel de la ville.\" \/>\n<meta name=\"robots\" content=\"index, follow, max-snippet:-1, max-image-preview:large, max-video-preview:-1\" \/>\n<link rel=\"canonical\" href=\"https:\/\/tuguiaensalamanca.com\/fr\/mission-vision-et-valeurs\/\" \/>\n<meta property=\"og:locale\" content=\"fr_FR\" \/>\n<meta property=\"og:type\" content=\"article\" \/>\n<meta property=\"og:title\" content=\"Mission, vision et valeurs de Tu Gu\u00eda en Salamanca\" \/>\n<meta property=\"og:description\" content=\"Tu Gu\u00eda en Salamanca vise \u00e0 fournir des visites guid\u00e9es de haute qualit\u00e9 \u00e0 Salamanque en respectant le patrimoine culturel de la ville.\" \/>\n<meta property=\"og:url\" content=\"https:\/\/tuguiaensalamanca.com\/fr\/mission-vision-et-valeurs\/\" \/>\n<meta property=\"og:site_name\" content=\"Tu gu\u00eda en Salamanca\" \/>\n<meta property=\"article:publisher\" content=\"https:\/\/www.facebook.com\/tuguiaensalamanca\/\" \/>\n<meta property=\"article:modified_time\" content=\"2023-11-03T14:05:59+00:00\" \/>\n<meta name=\"twitter:card\" content=\"summary_large_image\" \/>\n<meta name=\"twitter:label1\" content=\"Dur\u00e9e de lecture estim\u00e9e\" \/>\n\t<meta name=\"twitter:data1\" content=\"4 minutes\" \/>\n<script type=\"application\/ld+json\" class=\"yoast-schema-graph\">{\"@context\":\"https:\\\/\\\/schema.org\",\"@graph\":[{\"@type\":\"WebPage\",\"@id\":\"https:\\\/\\\/tuguiaensalamanca.com\\\/fr\\\/mission-vision-et-valeurs\\\/\",\"url\":\"https:\\\/\\\/tuguiaensalamanca.com\\\/fr\\\/mission-vision-et-valeurs\\\/\",\"name\":\"Mission, vision et valeurs de Tu Gu\u00eda en Salamanca\",\"isPartOf\":{\"@id\":\"https:\\\/\\\/tuguiaensalamanca.com\\\/fr\\\/#website\"},\"datePublished\":\"2023-02-23T12:02:37+00:00\",\"dateModified\":\"2023-11-03T14:05:59+00:00\",\"description\":\"Tu Gu\u00eda en Salamanca vise \u00e0 fournir des visites guid\u00e9es de haute qualit\u00e9 \u00e0 Salamanque en respectant le patrimoine culturel de la ville.\",\"breadcrumb\":{\"@id\":\"https:\\\/\\\/tuguiaensalamanca.com\\\/fr\\\/mission-vision-et-valeurs\\\/#breadcrumb\"},\"inLanguage\":\"fr-FR\",\"potentialAction\":[{\"@type\":\"ReadAction\",\"target\":[\"https:\\\/\\\/tuguiaensalamanca.com\\\/fr\\\/mission-vision-et-valeurs\\\/\"]}]},{\"@type\":\"BreadcrumbList\",\"@id\":\"https:\\\/\\\/tuguiaensalamanca.com\\\/fr\\\/mission-vision-et-valeurs\\\/#breadcrumb\",\"itemListElement\":[{\"@type\":\"ListItem\",\"position\":1,\"name\":\"Accueil\",\"item\":\"https:\\\/\\\/tuguiaensalamanca.com\\\/fr\\\/\"},{\"@type\":\"ListItem\",\"position\":2,\"name\":\"Mission, vision et valeurs\"}]},{\"@type\":\"WebSite\",\"@id\":\"https:\\\/\\\/tuguiaensalamanca.com\\\/fr\\\/#website\",\"url\":\"https:\\\/\\\/tuguiaensalamanca.com\\\/fr\\\/\",\"name\":\"Tu gu\u00eda en Salamanca\",\"description\":\"Especialistas en turismo de calidad\",\"publisher\":{\"@id\":\"https:\\\/\\\/tuguiaensalamanca.com\\\/fr\\\/#organization\"},\"alternateName\":\"Tu gu\u00eda en Salamanca\",\"potentialAction\":[{\"@type\":\"SearchAction\",\"target\":{\"@type\":\"EntryPoint\",\"urlTemplate\":\"https:\\\/\\\/tuguiaensalamanca.com\\\/fr\\\/?s={search_term_string}\"},\"query-input\":{\"@type\":\"PropertyValueSpecification\",\"valueRequired\":true,\"valueName\":\"search_term_string\"}}],\"inLanguage\":\"fr-FR\"},{\"@type\":\"Organization\",\"@id\":\"https:\\\/\\\/tuguiaensalamanca.com\\\/fr\\\/#organization\",\"name\":\"Tu gu\u00eda en Salamanca\",\"alternateName\":\"Tu gu\u00eda en Salamanca\",\"url\":\"https:\\\/\\\/tuguiaensalamanca.com\\\/fr\\\/\",\"logo\":{\"@type\":\"ImageObject\",\"inLanguage\":\"fr-FR\",\"@id\":\"https:\\\/\\\/tuguiaensalamanca.com\\\/fr\\\/#\\\/schema\\\/logo\\\/image\\\/\",\"url\":\"https:\\\/\\\/tuguiaensalamanca.com\\\/wp-content\\\/uploads\\\/2020\\\/06\\\/logoAlexiaGrande-1.svg\",\"contentUrl\":\"https:\\\/\\\/tuguiaensalamanca.com\\\/wp-content\\\/uploads\\\/2020\\\/06\\\/logoAlexiaGrande-1.svg\",\"width\":1779,\"height\":714,\"caption\":\"Tu gu\u00eda en Salamanca\"},\"image\":{\"@id\":\"https:\\\/\\\/tuguiaensalamanca.com\\\/fr\\\/#\\\/schema\\\/logo\\\/image\\\/\"},\"sameAs\":[\"https:\\\/\\\/www.facebook.com\\\/tuguiaensalamanca\\\/\",\"https:\\\/\\\/www.instagram.com\\\/tuguiaensalamanca\\\/\",\"https:\\\/\\\/www.youtube.com\\\/@TUGUIAENSALAMANCA-rr5be\"]}]}<\/script>\n<!-- \/ Yoast SEO plugin. -->","yoast_head_json":{"title":"Mission, vision et valeurs de Tu Gu\u00eda en Salamanca","description":"Tu Gu\u00eda en Salamanca vise \u00e0 fournir des visites guid\u00e9es de haute qualit\u00e9 \u00e0 Salamanque en respectant le patrimoine culturel de la ville.","robots":{"index":"index","follow":"follow","max-snippet":"max-snippet:-1","max-image-preview":"max-image-preview:large","max-video-preview":"max-video-preview:-1"},"canonical":"https:\/\/tuguiaensalamanca.com\/fr\/mission-vision-et-valeurs\/","og_locale":"fr_FR","og_type":"article","og_title":"Mission, vision et valeurs de Tu Gu\u00eda en Salamanca","og_description":"Tu Gu\u00eda en Salamanca vise \u00e0 fournir des visites guid\u00e9es de haute qualit\u00e9 \u00e0 Salamanque en respectant le patrimoine culturel de la ville.","og_url":"https:\/\/tuguiaensalamanca.com\/fr\/mission-vision-et-valeurs\/","og_site_name":"Tu gu\u00eda en Salamanca","article_publisher":"https:\/\/www.facebook.com\/tuguiaensalamanca\/","article_modified_time":"2023-11-03T14:05:59+00:00","twitter_card":"summary_large_image","twitter_misc":{"Dur\u00e9e de lecture estim\u00e9e":"4 minutes"},"schema":{"@context":"https:\/\/schema.org","@graph":[{"@type":"WebPage","@id":"https:\/\/tuguiaensalamanca.com\/fr\/mission-vision-et-valeurs\/","url":"https:\/\/tuguiaensalamanca.com\/fr\/mission-vision-et-valeurs\/","name":"Mission, vision et valeurs de Tu Gu\u00eda en Salamanca","isPartOf":{"@id":"https:\/\/tuguiaensalamanca.com\/fr\/#website"},"datePublished":"2023-02-23T12:02:37+00:00","dateModified":"2023-11-03T14:05:59+00:00","description":"Tu Gu\u00eda en Salamanca vise \u00e0 fournir des visites guid\u00e9es de haute qualit\u00e9 \u00e0 Salamanque en respectant le patrimoine culturel de la ville.","breadcrumb":{"@id":"https:\/\/tuguiaensalamanca.com\/fr\/mission-vision-et-valeurs\/#breadcrumb"},"inLanguage":"fr-FR","potentialAction":[{"@type":"ReadAction","target":["https:\/\/tuguiaensalamanca.com\/fr\/mission-vision-et-valeurs\/"]}]},{"@type":"BreadcrumbList","@id":"https:\/\/tuguiaensalamanca.com\/fr\/mission-vision-et-valeurs\/#breadcrumb","itemListElement":[{"@type":"ListItem","position":1,"name":"Accueil","item":"https:\/\/tuguiaensalamanca.com\/fr\/"},{"@type":"ListItem","position":2,"name":"Mission, vision et valeurs"}]},{"@type":"WebSite","@id":"https:\/\/tuguiaensalamanca.com\/fr\/#website","url":"https:\/\/tuguiaensalamanca.com\/fr\/","name":"Tu gu\u00eda en Salamanca","description":"Especialistas en turismo de calidad","publisher":{"@id":"https:\/\/tuguiaensalamanca.com\/fr\/#organization"},"alternateName":"Tu gu\u00eda en Salamanca","potentialAction":[{"@type":"SearchAction","target":{"@type":"EntryPoint","urlTemplate":"https:\/\/tuguiaensalamanca.com\/fr\/?s={search_term_string}"},"query-input":{"@type":"PropertyValueSpecification","valueRequired":true,"valueName":"search_term_string"}}],"inLanguage":"fr-FR"},{"@type":"Organization","@id":"https:\/\/tuguiaensalamanca.com\/fr\/#organization","name":"Tu gu\u00eda en Salamanca","alternateName":"Tu gu\u00eda en Salamanca","url":"https:\/\/tuguiaensalamanca.com\/fr\/","logo":{"@type":"ImageObject","inLanguage":"fr-FR","@id":"https:\/\/tuguiaensalamanca.com\/fr\/#\/schema\/logo\/image\/","url":"https:\/\/tuguiaensalamanca.com\/wp-content\/uploads\/2020\/06\/logoAlexiaGrande-1.svg","contentUrl":"https:\/\/tuguiaensalamanca.com\/wp-content\/uploads\/2020\/06\/logoAlexiaGrande-1.svg","width":1779,"height":714,"caption":"Tu gu\u00eda en Salamanca"},"image":{"@id":"https:\/\/tuguiaensalamanca.com\/fr\/#\/schema\/logo\/image\/"},"sameAs":["https:\/\/www.facebook.com\/tuguiaensalamanca\/","https:\/\/www.instagram.com\/tuguiaensalamanca\/","https:\/\/www.youtube.com\/@TUGUIAENSALAMANCA-rr5be"]}]}},"_links":{"self":[{"href":"https:\/\/tuguiaensalamanca.com\/fr\/wp-json\/wp\/v2\/pages\/23038","targetHints":{"allow":["GET"]}}],"collection":[{"href":"https:\/\/tuguiaensalamanca.com\/fr\/wp-json\/wp\/v2\/pages"}],"about":[{"href":"https:\/\/tuguiaensalamanca.com\/fr\/wp-json\/wp\/v2\/types\/page"}],"author":[{"embeddable":true,"href":"https:\/\/tuguiaensalamanca.com\/fr\/wp-json\/wp\/v2\/users\/1"}],"replies":[{"embeddable":true,"href":"https:\/\/tuguiaensalamanca.com\/fr\/wp-json\/wp\/v2\/comments?post=23038"}],"version-history":[{"count":0,"href":"https:\/\/tuguiaensalamanca.com\/fr\/wp-json\/wp\/v2\/pages\/23038\/revisions"}],"wp:attachment":[{"href":"https:\/\/tuguiaensalamanca.com\/fr\/wp-json\/wp\/v2\/media?parent=23038"}],"wp:term":[{"taxonomy":"categorias-de-paginas","embeddable":true,"href":"https:\/\/tuguiaensalamanca.com\/fr\/wp-json\/wp\/v2\/categorias-de-paginas?post=23038"}],"curies":[{"name":"wp","href":"https:\/\/api.w.org\/{rel}","templated":true}]}}