{"id":22914,"date":"2023-01-19T09:48:34","date_gmt":"2023-01-19T08:48:34","guid":{"rendered":"https:\/\/tuguiaensalamanca.com\/contact\/"},"modified":"2025-04-15T09:14:21","modified_gmt":"2025-04-15T07:14:21","slug":"contact","status":"publish","type":"page","link":"https:\/\/tuguiaensalamanca.com\/fr\/contact\/","title":{"rendered":"Contact"},"content":{"rendered":"\t\t<div data-elementor-type=\"wp-page\" data-elementor-id=\"22914\" class=\"elementor elementor-22914 elementor-18093\" data-elementor-post-type=\"page\">\n\t\t\t\t\t\t<section class=\"elementor-section elementor-top-section elementor-element elementor-element-f9e48db scheme_default elementor-section-full_width elementor-section-height-default elementor-section-height-default sc_fly_static\" data-id=\"f9e48db\" data-element_type=\"section\" data-e-type=\"section\" data-settings=\"{&quot;background_background&quot;:&quot;classic&quot;}\">\n\t\t\t\t\t\t\t<div class=\"elementor-background-overlay\"><\/div>\n\t\t\t\t\t\t\t<div class=\"elementor-container elementor-column-gap-extended\">\n\t\t\t\t\t<div class=\"elementor-column elementor-col-100 elementor-top-column elementor-element elementor-element-7b2da66 up-translateZ sc_inner_width_none sc_content_align_inherit sc_layouts_column_icons_position_left sc_fly_static\" data-id=\"7b2da66\" data-element_type=\"column\" data-e-type=\"column\" data-settings=\"{&quot;background_background&quot;:&quot;classic&quot;}\">\n\t\t\t<div class=\"elementor-widget-wrap elementor-element-populated\">\n\t\t\t\t\t\t<div class=\"elementor-element elementor-element-c287ba8 sc_fly_static elementor-widget elementor-widget-spacer\" data-id=\"c287ba8\" data-element_type=\"widget\" data-e-type=\"widget\" data-widget_type=\"spacer.default\">\n\t\t\t\t<div class=\"elementor-widget-container\">\n\t\t\t\t\t\t\t<div class=\"elementor-spacer\">\n\t\t\t<div class=\"elementor-spacer-inner\"><\/div>\n\t\t<\/div>\n\t\t\t\t\t\t<\/div>\n\t\t\t\t<\/div>\n\t\t\t\t<div class=\"elementor-element elementor-element-492b7de scheme_dark sc_fly_static elementor-widget elementor-widget-trx_sc_title\" data-id=\"492b7de\" data-element_type=\"widget\" data-e-type=\"widget\" data-widget_type=\"trx_sc_title.default\">\n\t\t\t\t<div class=\"elementor-widget-container\">\n\t\t\t\t\t<div\t\tclass=\"sc_title scheme_dark sc_title_default\" ><span class=\"sc_item_subtitle sc_title_subtitle sc_align_center sc_item_subtitle_above sc_item_title_style_default\">As-tu un doute?<\/span><h1 class=\"sc_item_title sc_title_title sc_align_center sc_item_title_style_default sc_item_title_tag\"\n\t\t\t><span class=\"sc_item_title_text\">Contactez-nous<\/span><\/h1><\/div>\t\t\t\t<\/div>\n\t\t\t\t<\/div>\n\t\t\t\t<div class=\"elementor-element elementor-element-1cb631f elementor-align-center sc_fly_static elementor-widget elementor-widget-breadcrumbs\" data-id=\"1cb631f\" data-element_type=\"widget\" data-e-type=\"widget\" data-widget_type=\"breadcrumbs.default\">\n\t\t\t\t<div class=\"elementor-widget-container\">\n\t\t\t\t\t<p id=\"breadcrumbs\"><span><span><a href=\"https:\/\/tuguiaensalamanca.com\/fr\/\">Accueil<\/a><\/span><\/span><\/p>\t\t\t\t<\/div>\n\t\t\t\t<\/div>\n\t\t\t\t<div class=\"elementor-element elementor-element-54aca9b sc_fly_static elementor-widget elementor-widget-spacer\" data-id=\"54aca9b\" data-element_type=\"widget\" data-e-type=\"widget\" data-widget_type=\"spacer.default\">\n\t\t\t\t<div class=\"elementor-widget-container\">\n\t\t\t\t\t\t\t<div class=\"elementor-spacer\">\n\t\t\t<div class=\"elementor-spacer-inner\"><\/div>\n\t\t<\/div>\n\t\t\t\t\t\t<\/div>\n\t\t\t\t<\/div>\n\t\t\t\t\t<\/div>\n\t\t<\/div>\n\t\t\t\t\t<\/div>\n\t\t<\/section>\n\t\t\t\t<section class=\"elementor-section elementor-top-section elementor-element elementor-element-7947df9 elementor-section-boxed elementor-section-height-default elementor-section-height-default sc_fly_static\" data-id=\"7947df9\" data-element_type=\"section\" data-e-type=\"section\">\n\t\t\t\t\t\t<div class=\"elementor-container elementor-column-gap-extended\">\n\t\t\t\t\t<div class=\"elementor-column elementor-col-100 elementor-top-column elementor-element elementor-element-a37b585 sc_inner_width_none sc_content_align_inherit sc_layouts_column_icons_position_left sc_fly_static\" data-id=\"a37b585\" data-element_type=\"column\" data-e-type=\"column\">\n\t\t\t<div class=\"elementor-widget-wrap elementor-element-populated\">\n\t\t\t\t\t\t<div class=\"elementor-element elementor-element-dc890ac sc_height_huge sc_fly_static elementor-widget elementor-widget-spacer\" data-id=\"dc890ac\" data-element_type=\"widget\" data-e-type=\"widget\" data-widget_type=\"spacer.default\">\n\t\t\t\t<div class=\"elementor-widget-container\">\n\t\t\t\t\t\t\t<div class=\"elementor-spacer\">\n\t\t\t<div class=\"elementor-spacer-inner\"><\/div>\n\t\t<\/div>\n\t\t\t\t\t\t<\/div>\n\t\t\t\t<\/div>\n\t\t\t\t\t<\/div>\n\t\t<\/div>\n\t\t\t\t\t<\/div>\n\t\t<\/section>\n\t\t\t\t<section class=\"elementor-section elementor-inner-section elementor-element elementor-element-2bb1ff7c elementor-section-boxed elementor-section-height-default elementor-section-height-default sc_fly_static\" data-id=\"2bb1ff7c\" data-element_type=\"section\" data-e-type=\"section\">\n\t\t\t\t\t\t<div class=\"elementor-container elementor-column-gap-no\">\n\t\t\t\t\t<div class=\"elementor-column elementor-col-50 elementor-inner-column elementor-element elementor-element-2f412136 sc_inner_width_none sc_content_align_inherit sc_layouts_column_icons_position_left sc_fly_static\" data-id=\"2f412136\" data-element_type=\"column\" data-e-type=\"column\">\n\t\t\t<div class=\"elementor-widget-wrap elementor-element-populated\">\n\t\t\t\t\t\t<div class=\"elementor-element elementor-element-1c32ae1b sc_fly_static elementor-widget elementor-widget-trx_sc_title\" data-id=\"1c32ae1b\" data-element_type=\"widget\" data-e-type=\"widget\" data-widget_type=\"trx_sc_title.default\">\n\t\t\t\t<div class=\"elementor-widget-container\">\n\t\t\t\t\t<div\t\tclass=\"sc_title sc_title_default\" ><h2 class=\"sc_item_title sc_title_title sc_item_title_style_default sc_item_title_tag\"\n\t\t\t><span class=\"sc_item_title_text\">Demandez nous <\/span><\/h2><div class=\"sc_item_descr sc_title_descr\"><p>Nos visites et activit\u00e9s sont con\u00e7ues en pensant \u00e0 vous et \u00e0 vos besoins. Notre exp\u00e9rience et des centaines de clients satisfaits nous aident \u00e0 organiser la meilleure visite. Nous savons que chaque voyageur a des int\u00e9r\u00eats et des id\u00e9es diff\u00e9rents sur la fa\u00e7on de profiter de la ville et du tourisme. Nous vous donnerons les conseils et les informations dont vous avez besoin.   <\/p>\n<\/div><\/div>\t\t\t\t<\/div>\n\t\t\t\t<\/div>\n\t\t\t\t<div class=\"elementor-element elementor-element-4e39a317 sc_fly_static elementor-widget elementor-widget-spacer\" data-id=\"4e39a317\" data-element_type=\"widget\" data-e-type=\"widget\" data-widget_type=\"spacer.default\">\n\t\t\t\t<div class=\"elementor-widget-container\">\n\t\t\t\t\t\t\t<div class=\"elementor-spacer\">\n\t\t\t<div class=\"elementor-spacer-inner\"><\/div>\n\t\t<\/div>\n\t\t\t\t\t\t<\/div>\n\t\t\t\t<\/div>\n\t\t\t\t<div class=\"elementor-element elementor-element-3cbf4173 sc_fly_static elementor-widget elementor-widget-trx_sc_icons\" data-id=\"3cbf4173\" data-element_type=\"widget\" data-e-type=\"widget\" data-widget_type=\"trx_sc_icons.default\">\n\t\t\t\t<div class=\"elementor-widget-container\">\n\t\t\t\t\t<div \tclass=\"sc_icons sc_icons_simple sc_icons_size_small sc_align_none\" ><div class=\"sc_icons_item\"><div class=\"sc_icons_icon sc_icon_type_ icon-iphone\" style=\"color: #FFC433\" ><span class=\"sc_icon_type_ icon-iphone\" style=\"color: #FFC433\"><\/span><\/div><div class=\"sc_icons_item_details\"><div class=\"sc_icons_item_description\"><span><a href=\"tel:696891702\">696 891 702<\/a><\/span><\/div><\/div><\/div><div class=\"sc_icons_item\"><div class=\"sc_icons_icon sc_icon_type_ icon-envelope-2\" style=\"color: #FFC433\" ><span class=\"sc_icon_type_ icon-envelope-2\" style=\"color: #FFC433\"><\/span><\/div><div class=\"sc_icons_item_details\"><div class=\"sc_icons_item_description\"><span><a href=\"mailto:info@tuguiaensalamanca.com\">info@tuguiaensalamanca.com<\/a><\/span><\/div><\/div><\/div><\/div><!-- \/.sc_icons -->\t\t\t\t<\/div>\n\t\t\t\t<\/div>\n\t\t\t\t\t<\/div>\n\t\t<\/div>\n\t\t\t\t<div class=\"elementor-column elementor-col-50 elementor-inner-column elementor-element elementor-element-1e51a33 sc_column_fixed formulariosWeb sc_inner_width_none sc_content_align_inherit sc_layouts_column_icons_position_left sc_fly_static\" data-id=\"1e51a33\" data-element_type=\"column\" data-e-type=\"column\" data-settings=\"{&quot;background_background&quot;:&quot;classic&quot;}\">\n\t\t\t<div class=\"elementor-widget-wrap elementor-element-populated\">\n\t\t\t\t\t\t<div class=\"elementor-element elementor-element-534d573 sc_height_small sc_fly_static elementor-widget elementor-widget-spacer\" data-id=\"534d573\" data-element_type=\"widget\" data-e-type=\"widget\" data-widget_type=\"spacer.default\">\n\t\t\t\t<div class=\"elementor-widget-container\">\n\t\t\t\t\t\t\t<div class=\"elementor-spacer\">\n\t\t\t<div class=\"elementor-spacer-inner\"><\/div>\n\t\t<\/div>\n\t\t\t\t\t\t<\/div>\n\t\t\t\t<\/div>\n\t\t\t\t<div class=\"elementor-element elementor-element-612b485 sc_fly_static elementor-widget elementor-widget-trx_sc_title\" data-id=\"612b485\" data-element_type=\"widget\" data-e-type=\"widget\" data-widget_type=\"trx_sc_title.default\">\n\t\t\t\t<div class=\"elementor-widget-container\">\n\t\t\t\t\t<div\t\tclass=\"sc_title sc_title_default\" ><span class=\"sc_item_subtitle sc_title_subtitle sc_item_subtitle_above sc_item_title_style_default\">Formulaire de contact<\/span><h2 class=\"sc_item_title sc_title_title sc_item_title_style_default sc_item_title_tag\"\n\t\t\t><span class=\"sc_item_title_text\">Contactez-nous<\/span><\/h2><\/div>\t\t\t\t<\/div>\n\t\t\t\t<\/div>\n\t\t\t\t<div class=\"elementor-element elementor-element-2e27743 sc_height_small sc_fly_static elementor-widget elementor-widget-spacer\" data-id=\"2e27743\" data-element_type=\"widget\" data-e-type=\"widget\" data-widget_type=\"spacer.default\">\n\t\t\t\t<div class=\"elementor-widget-container\">\n\t\t\t\t\t\t\t<div class=\"elementor-spacer\">\n\t\t\t<div class=\"elementor-spacer-inner\"><\/div>\n\t\t<\/div>\n\t\t\t\t\t\t<\/div>\n\t\t\t\t<\/div>\n\t\t\t\t<div class=\"elementor-element elementor-element-6592468 sc_fly_static elementor-widget elementor-widget-trx_sc_contact_form_7\" data-id=\"6592468\" data-element_type=\"widget\" data-e-type=\"widget\" data-widget_type=\"trx_sc_contact_form_7.default\">\n\t\t\t\t<div class=\"elementor-widget-container\">\n\t\t\t\t\t\n<div class=\"wpcf7 no-js\" id=\"wpcf7-f23142-o1\" lang=\"fr-FR\" dir=\"ltr\" data-wpcf7-id=\"23142\">\n<div class=\"screen-reader-response\"><p role=\"status\" aria-live=\"polite\" aria-atomic=\"true\"><\/p> <ul><\/ul><\/div>\n<form action=\"\/fr\/wp-json\/wp\/v2\/pages\/22914#wpcf7-f23142-o1\" method=\"post\" class=\"wpcf7-form init\" aria-label=\"Formulaire de contact\" novalidate=\"novalidate\" data-status=\"init\">\n<fieldset class=\"hidden-fields-container\"><input type=\"hidden\" name=\"_wpcf7\" value=\"23142\" \/><input type=\"hidden\" name=\"_wpcf7_version\" value=\"6.1.5\" \/><input type=\"hidden\" name=\"_wpcf7_locale\" value=\"fr_FR\" \/><input type=\"hidden\" name=\"_wpcf7_unit_tag\" value=\"wpcf7-f23142-o1\" \/><input type=\"hidden\" name=\"_wpcf7_container_post\" value=\"0\" \/><input type=\"hidden\" name=\"_wpcf7_posted_data_hash\" value=\"\" \/><input type=\"hidden\" name=\"_wpcf7_recaptcha_response\" value=\"\" \/>\n<\/fieldset>\n<div class=\"form-style-1\">\n\t<div class=\"columns_wrap\">\n\t\t<div class=\"column-1_2\">\n\t\t\t<p><span class=\"style-line\"><span class=\"wpcf7-form-control-wrap\" data-name=\"your-name\"><input size=\"40\" maxlength=\"400\" class=\"wpcf7-form-control wpcf7-text wpcf7-validates-as-required\" aria-required=\"true\" aria-invalid=\"false\" placeholder=\"Nom\" value=\"\" type=\"text\" name=\"your-name\" \/><\/span><\/span>\n\t\t\t<\/p>\n\t\t<\/div>\n\t\t<div class=\"column-1_2\">\n\t\t\t<p><span class=\"style-line\"><span class=\"wpcf7-form-control-wrap\" data-name=\"subject\"><input size=\"40\" maxlength=\"400\" class=\"wpcf7-form-control wpcf7-text wpcf7-validates-as-required\" aria-required=\"true\" aria-invalid=\"false\" placeholder=\"Noms de famille\" value=\"\" type=\"text\" name=\"subject\" \/><\/span><\/span>\n\t\t\t<\/p>\n\t\t<\/div>\n\t<\/div>\n\t<div class=\"columns_wrap\">\n\t\t<div class=\"column-1_2\">\n\t\t\t<p><span class=\"style-line\"><span class=\"wpcf7-form-control-wrap\" data-name=\"phone\"><input size=\"40\" maxlength=\"400\" class=\"wpcf7-form-control wpcf7-tel wpcf7-validates-as-required wpcf7-text wpcf7-validates-as-tel\" aria-required=\"true\" aria-invalid=\"false\" placeholder=\"T\u00e9l\u00e9phone\" value=\"\" type=\"tel\" name=\"phone\" \/><\/span><\/span>\n\t\t\t<\/p>\n\t\t<\/div>\n\t\t<div class=\"column-1_2\">\n\t\t\t<p><span class=\"style-line\"><span class=\"wpcf7-form-control-wrap\" data-name=\"your-email\"><input size=\"40\" maxlength=\"400\" class=\"wpcf7-form-control wpcf7-email wpcf7-validates-as-required wpcf7-text wpcf7-validates-as-email\" aria-required=\"true\" aria-invalid=\"false\" placeholder=\"Email\" value=\"\" type=\"email\" name=\"your-email\" \/><\/span><\/span>\n\t\t\t<\/p>\n\t\t<\/div>\n\t<\/div>\n\t<div class=\"columns_wrap margin-bottom\">\n\t\t<div class=\"column-1_1\">\n\t\t\t<p><span class=\"style-line\"><span class=\"wpcf7-form-control-wrap\" data-name=\"your-message\"><textarea cols=\"40\" rows=\"10\" maxlength=\"2000\" class=\"wpcf7-form-control wpcf7-textarea wpcf7-validates-as-required\" aria-required=\"true\" aria-invalid=\"false\" placeholder=\"laissez nous votre message\" name=\"your-message\"><\/textarea><\/span><\/span>\n\t\t\t<\/p>\n\t\t<\/div>\n\t<\/div>\n\t<p><span class=\"wpcf7-form-control-wrap\" data-name=\"acceptance\"><span class=\"wpcf7-form-control wpcf7-acceptance\"><span class=\"wpcf7-list-item\"><label><input type=\"checkbox\" name=\"acceptance\" value=\"1\" aria-invalid=\"false\" \/><span class=\"wpcf7-list-item-label\">J'ai lu et j'accepte la <a href=\"\/politica-de-privacidad\/\" target=\"_blank\">politique de confidentialit\u00e9<\/a>.<\/span><\/label><\/span><\/span><\/span><br \/>\n<input class=\"wpcf7-form-control wpcf7-submit has-spinner\" type=\"submit\" value=\"Envoyer\" \/>\n\t<\/p>\n<\/div><div class=\"wpcf7-response-output\" aria-hidden=\"true\"><\/div>\n<\/form>\n<\/div>\n\t\t\t\t<\/div>\n\t\t\t\t<\/div>\n\t\t\t\t<div class=\"elementor-element elementor-element-a96e711 sc_height_small sc_fly_static elementor-widget elementor-widget-spacer\" data-id=\"a96e711\" data-element_type=\"widget\" data-e-type=\"widget\" data-widget_type=\"spacer.default\">\n\t\t\t\t<div class=\"elementor-widget-container\">\n\t\t\t\t\t\t\t<div class=\"elementor-spacer\">\n\t\t\t<div class=\"elementor-spacer-inner\"><\/div>\n\t\t<\/div>\n\t\t\t\t\t\t<\/div>\n\t\t\t\t<\/div>\n\t\t\t\t\t<\/div>\n\t\t<\/div>\n\t\t\t\t\t<\/div>\n\t\t<\/section>\n\t\t\t\t<section class=\"elementor-section elementor-top-section elementor-element elementor-element-dc863bd elementor-section-boxed elementor-section-height-default elementor-section-height-default sc_fly_static\" data-id=\"dc863bd\" data-element_type=\"section\" data-e-type=\"section\">\n\t\t\t\t\t\t<div class=\"elementor-container elementor-column-gap-extended\">\n\t\t\t\t\t<div class=\"elementor-column elementor-col-100 elementor-top-column elementor-element elementor-element-22fa9c0 sc_inner_width_none sc_content_align_inherit sc_layouts_column_icons_position_left sc_fly_static\" data-id=\"22fa9c0\" data-element_type=\"column\" data-e-type=\"column\">\n\t\t\t<div class=\"elementor-widget-wrap elementor-element-populated\">\n\t\t\t\t\t\t<div class=\"elementor-element elementor-element-f7958c1 sc_height_huge sc_fly_static elementor-widget elementor-widget-spacer\" data-id=\"f7958c1\" data-element_type=\"widget\" data-e-type=\"widget\" data-widget_type=\"spacer.default\">\n\t\t\t\t<div class=\"elementor-widget-container\">\n\t\t\t\t\t\t\t<div class=\"elementor-spacer\">\n\t\t\t<div class=\"elementor-spacer-inner\"><\/div>\n\t\t<\/div>\n\t\t\t\t\t\t<\/div>\n\t\t\t\t<\/div>\n\t\t\t\t\t<\/div>\n\t\t<\/div>\n\t\t\t\t\t<\/div>\n\t\t<\/section>\n\t\t\t\t<\/div>\n\t\t","protected":false},"excerpt":{"rendered":"<p>As-tu un doute? Contactez-nous Demandez nous Nos visites et activit\u00e9s sont con\u00e7ues en pensant \u00e0 vous et \u00e0 vos besoins. Notre exp\u00e9rience et des centaines de clients satisfaits nous aident&hellip;<\/p>\n","protected":false},"author":1,"featured_media":0,"parent":0,"menu_order":0,"comment_status":"closed","ping_status":"closed","template":"elementor_header_footer","meta":{"_acf_changed":false,"rs_blank_template":"","rs_page_bg_color":"","slide_template_v7":"","footnotes":""},"categorias-de-paginas":[],"class_list":["post-22914","page","type-page","status-publish","hentry"],"acf":[],"yoast_head":"<!-- This site is optimized with the Yoast SEO plugin v27.4 - https:\/\/yoast.com\/product\/yoast-seo-wordpress\/ -->\n<title>Contactez Tu Gu\u00eda en Salamanca. R\u00e9servez votre visite !<\/title>\n<meta name=\"description\" content=\"Contactez l&#039;\u00e9quipe de Tu Gu\u00eda en Salamanca et r\u00e9servez votre excursion pour d\u00e9couvrir tous les secrets de la ville. Appelez-nous au +34 696 891 702 !\" \/>\n<meta name=\"robots\" content=\"index, follow, max-snippet:-1, max-image-preview:large, max-video-preview:-1\" \/>\n<link rel=\"canonical\" href=\"https:\/\/tuguiaensalamanca.com\/fr\/contact\/\" \/>\n<meta property=\"og:locale\" content=\"fr_FR\" \/>\n<meta property=\"og:type\" content=\"article\" \/>\n<meta property=\"og:title\" content=\"Contactez Tu Gu\u00eda en Salamanca. R\u00e9servez votre visite !\" \/>\n<meta property=\"og:description\" content=\"Contactez l&#039;\u00e9quipe de Tu Gu\u00eda en Salamanca et r\u00e9servez votre excursion pour d\u00e9couvrir tous les secrets de la ville. Appelez-nous au +34 696 891 702 !\" \/>\n<meta property=\"og:url\" content=\"https:\/\/tuguiaensalamanca.com\/fr\/contact\/\" \/>\n<meta property=\"og:site_name\" content=\"Tu gu\u00eda en Salamanca\" \/>\n<meta property=\"article:publisher\" content=\"https:\/\/www.facebook.com\/tuguiaensalamanca\/\" \/>\n<meta property=\"article:modified_time\" content=\"2025-04-15T07:14:21+00:00\" \/>\n<meta name=\"twitter:card\" content=\"summary_large_image\" \/>\n<meta name=\"twitter:label1\" content=\"Dur\u00e9e de lecture estim\u00e9e\" \/>\n\t<meta name=\"twitter:data1\" content=\"1 minute\" \/>\n<script type=\"application\/ld+json\" class=\"yoast-schema-graph\">{\"@context\":\"https:\\\/\\\/schema.org\",\"@graph\":[{\"@type\":\"WebPage\",\"@id\":\"https:\\\/\\\/tuguiaensalamanca.com\\\/fr\\\/contact\\\/\",\"url\":\"https:\\\/\\\/tuguiaensalamanca.com\\\/fr\\\/contact\\\/\",\"name\":\"Contactez Tu Gu\u00eda en Salamanca. R\u00e9servez votre visite !\",\"isPartOf\":{\"@id\":\"https:\\\/\\\/tuguiaensalamanca.com\\\/fr\\\/#website\"},\"datePublished\":\"2023-01-19T08:48:34+00:00\",\"dateModified\":\"2025-04-15T07:14:21+00:00\",\"description\":\"Contactez l'\u00e9quipe de Tu Gu\u00eda en Salamanca et r\u00e9servez votre excursion pour d\u00e9couvrir tous les secrets de la ville. Appelez-nous au +34 696 891 702 !\",\"breadcrumb\":{\"@id\":\"https:\\\/\\\/tuguiaensalamanca.com\\\/fr\\\/contact\\\/#breadcrumb\"},\"inLanguage\":\"fr-FR\",\"potentialAction\":[{\"@type\":\"ReadAction\",\"target\":[\"https:\\\/\\\/tuguiaensalamanca.com\\\/fr\\\/contact\\\/\"]}]},{\"@type\":\"BreadcrumbList\",\"@id\":\"https:\\\/\\\/tuguiaensalamanca.com\\\/fr\\\/contact\\\/#breadcrumb\",\"itemListElement\":[{\"@type\":\"ListItem\",\"position\":1,\"name\":\"Accueil\",\"item\":\"https:\\\/\\\/tuguiaensalamanca.com\\\/fr\\\/\"},{\"@type\":\"ListItem\",\"position\":2,\"name\":\"Contact\"}]},{\"@type\":\"WebSite\",\"@id\":\"https:\\\/\\\/tuguiaensalamanca.com\\\/fr\\\/#website\",\"url\":\"https:\\\/\\\/tuguiaensalamanca.com\\\/fr\\\/\",\"name\":\"Tu gu\u00eda en Salamanca\",\"description\":\"Especialistas en turismo de calidad\",\"publisher\":{\"@id\":\"https:\\\/\\\/tuguiaensalamanca.com\\\/fr\\\/#organization\"},\"alternateName\":\"Tu gu\u00eda en Salamanca\",\"potentialAction\":[{\"@type\":\"SearchAction\",\"target\":{\"@type\":\"EntryPoint\",\"urlTemplate\":\"https:\\\/\\\/tuguiaensalamanca.com\\\/fr\\\/?s={search_term_string}\"},\"query-input\":{\"@type\":\"PropertyValueSpecification\",\"valueRequired\":true,\"valueName\":\"search_term_string\"}}],\"inLanguage\":\"fr-FR\"},{\"@type\":\"Organization\",\"@id\":\"https:\\\/\\\/tuguiaensalamanca.com\\\/fr\\\/#organization\",\"name\":\"Tu gu\u00eda en Salamanca\",\"alternateName\":\"Tu gu\u00eda en Salamanca\",\"url\":\"https:\\\/\\\/tuguiaensalamanca.com\\\/fr\\\/\",\"logo\":{\"@type\":\"ImageObject\",\"inLanguage\":\"fr-FR\",\"@id\":\"https:\\\/\\\/tuguiaensalamanca.com\\\/fr\\\/#\\\/schema\\\/logo\\\/image\\\/\",\"url\":\"https:\\\/\\\/tuguiaensalamanca.com\\\/wp-content\\\/uploads\\\/2020\\\/06\\\/logoAlexiaGrande-1.svg\",\"contentUrl\":\"https:\\\/\\\/tuguiaensalamanca.com\\\/wp-content\\\/uploads\\\/2020\\\/06\\\/logoAlexiaGrande-1.svg\",\"width\":1779,\"height\":714,\"caption\":\"Tu gu\u00eda en Salamanca\"},\"image\":{\"@id\":\"https:\\\/\\\/tuguiaensalamanca.com\\\/fr\\\/#\\\/schema\\\/logo\\\/image\\\/\"},\"sameAs\":[\"https:\\\/\\\/www.facebook.com\\\/tuguiaensalamanca\\\/\",\"https:\\\/\\\/www.instagram.com\\\/tuguiaensalamanca\\\/\",\"https:\\\/\\\/www.youtube.com\\\/@TUGUIAENSALAMANCA-rr5be\"]}]}<\/script>\n<!-- \/ Yoast SEO plugin. -->","yoast_head_json":{"title":"Contactez Tu Gu\u00eda en Salamanca. R\u00e9servez votre visite !","description":"Contactez l'\u00e9quipe de Tu Gu\u00eda en Salamanca et r\u00e9servez votre excursion pour d\u00e9couvrir tous les secrets de la ville. Appelez-nous au +34 696 891 702 !","robots":{"index":"index","follow":"follow","max-snippet":"max-snippet:-1","max-image-preview":"max-image-preview:large","max-video-preview":"max-video-preview:-1"},"canonical":"https:\/\/tuguiaensalamanca.com\/fr\/contact\/","og_locale":"fr_FR","og_type":"article","og_title":"Contactez Tu Gu\u00eda en Salamanca. R\u00e9servez votre visite !","og_description":"Contactez l'\u00e9quipe de Tu Gu\u00eda en Salamanca et r\u00e9servez votre excursion pour d\u00e9couvrir tous les secrets de la ville. Appelez-nous au +34 696 891 702 !","og_url":"https:\/\/tuguiaensalamanca.com\/fr\/contact\/","og_site_name":"Tu gu\u00eda en Salamanca","article_publisher":"https:\/\/www.facebook.com\/tuguiaensalamanca\/","article_modified_time":"2025-04-15T07:14:21+00:00","twitter_card":"summary_large_image","twitter_misc":{"Dur\u00e9e de lecture estim\u00e9e":"1 minute"},"schema":{"@context":"https:\/\/schema.org","@graph":[{"@type":"WebPage","@id":"https:\/\/tuguiaensalamanca.com\/fr\/contact\/","url":"https:\/\/tuguiaensalamanca.com\/fr\/contact\/","name":"Contactez Tu Gu\u00eda en Salamanca. R\u00e9servez votre visite !","isPartOf":{"@id":"https:\/\/tuguiaensalamanca.com\/fr\/#website"},"datePublished":"2023-01-19T08:48:34+00:00","dateModified":"2025-04-15T07:14:21+00:00","description":"Contactez l'\u00e9quipe de Tu Gu\u00eda en Salamanca et r\u00e9servez votre excursion pour d\u00e9couvrir tous les secrets de la ville. Appelez-nous au +34 696 891 702 !","breadcrumb":{"@id":"https:\/\/tuguiaensalamanca.com\/fr\/contact\/#breadcrumb"},"inLanguage":"fr-FR","potentialAction":[{"@type":"ReadAction","target":["https:\/\/tuguiaensalamanca.com\/fr\/contact\/"]}]},{"@type":"BreadcrumbList","@id":"https:\/\/tuguiaensalamanca.com\/fr\/contact\/#breadcrumb","itemListElement":[{"@type":"ListItem","position":1,"name":"Accueil","item":"https:\/\/tuguiaensalamanca.com\/fr\/"},{"@type":"ListItem","position":2,"name":"Contact"}]},{"@type":"WebSite","@id":"https:\/\/tuguiaensalamanca.com\/fr\/#website","url":"https:\/\/tuguiaensalamanca.com\/fr\/","name":"Tu gu\u00eda en Salamanca","description":"Especialistas en turismo de calidad","publisher":{"@id":"https:\/\/tuguiaensalamanca.com\/fr\/#organization"},"alternateName":"Tu gu\u00eda en Salamanca","potentialAction":[{"@type":"SearchAction","target":{"@type":"EntryPoint","urlTemplate":"https:\/\/tuguiaensalamanca.com\/fr\/?s={search_term_string}"},"query-input":{"@type":"PropertyValueSpecification","valueRequired":true,"valueName":"search_term_string"}}],"inLanguage":"fr-FR"},{"@type":"Organization","@id":"https:\/\/tuguiaensalamanca.com\/fr\/#organization","name":"Tu gu\u00eda en Salamanca","alternateName":"Tu gu\u00eda en Salamanca","url":"https:\/\/tuguiaensalamanca.com\/fr\/","logo":{"@type":"ImageObject","inLanguage":"fr-FR","@id":"https:\/\/tuguiaensalamanca.com\/fr\/#\/schema\/logo\/image\/","url":"https:\/\/tuguiaensalamanca.com\/wp-content\/uploads\/2020\/06\/logoAlexiaGrande-1.svg","contentUrl":"https:\/\/tuguiaensalamanca.com\/wp-content\/uploads\/2020\/06\/logoAlexiaGrande-1.svg","width":1779,"height":714,"caption":"Tu gu\u00eda en Salamanca"},"image":{"@id":"https:\/\/tuguiaensalamanca.com\/fr\/#\/schema\/logo\/image\/"},"sameAs":["https:\/\/www.facebook.com\/tuguiaensalamanca\/","https:\/\/www.instagram.com\/tuguiaensalamanca\/","https:\/\/www.youtube.com\/@TUGUIAENSALAMANCA-rr5be"]}]}},"_links":{"self":[{"href":"https:\/\/tuguiaensalamanca.com\/fr\/wp-json\/wp\/v2\/pages\/22914","targetHints":{"allow":["GET"]}}],"collection":[{"href":"https:\/\/tuguiaensalamanca.com\/fr\/wp-json\/wp\/v2\/pages"}],"about":[{"href":"https:\/\/tuguiaensalamanca.com\/fr\/wp-json\/wp\/v2\/types\/page"}],"author":[{"embeddable":true,"href":"https:\/\/tuguiaensalamanca.com\/fr\/wp-json\/wp\/v2\/users\/1"}],"replies":[{"embeddable":true,"href":"https:\/\/tuguiaensalamanca.com\/fr\/wp-json\/wp\/v2\/comments?post=22914"}],"version-history":[{"count":0,"href":"https:\/\/tuguiaensalamanca.com\/fr\/wp-json\/wp\/v2\/pages\/22914\/revisions"}],"wp:attachment":[{"href":"https:\/\/tuguiaensalamanca.com\/fr\/wp-json\/wp\/v2\/media?parent=22914"}],"wp:term":[{"taxonomy":"categorias-de-paginas","embeddable":true,"href":"https:\/\/tuguiaensalamanca.com\/fr\/wp-json\/wp\/v2\/categorias-de-paginas?post=22914"}],"curies":[{"name":"wp","href":"https:\/\/api.w.org\/{rel}","templated":true}]}}