{"id":22885,"date":"2023-03-10T10:20:51","date_gmt":"2023-03-10T09:20:51","guid":{"rendered":"https:\/\/tuguiaensalamanca.com\/universite-de-salamanque\/"},"modified":"2025-11-04T17:18:55","modified_gmt":"2025-11-04T16:18:55","slug":"universite-de-salamanque","status":"publish","type":"page","link":"https:\/\/tuguiaensalamanca.com\/fr\/visites\/visites-privees\/universite-de-salamanque\/","title":{"rendered":"Universit\u00e9 de Salamanque"},"content":{"rendered":"","protected":false},"excerpt":{"rendered":"","protected":false},"author":1,"featured_media":21761,"parent":22897,"menu_order":0,"comment_status":"closed","ping_status":"closed","template":"","meta":{"_acf_changed":false,"rs_blank_template":"","rs_page_bg_color":"","slide_template_v7":"","footnotes":""},"categorias-de-paginas":[282,267,264],"class_list":["post-22885","page","type-page","status-publish","has-post-thumbnail","hentry","categorias-de-paginas-groupe-prive","categorias-de-paginas-tour-privado-fr","categorias-de-paginas-visitas-fr"],"acf":[],"yoast_head":"<!-- This site is optimized with the Yoast SEO plugin v27.4 - https:\/\/yoast.com\/product\/yoast-seo-wordpress\/ -->\n<title>Salamanque Universitaire : le meilleur tour guid\u00e9 priv\u00e9<\/title>\n<meta name=\"description\" content=\"Entrez dans la vie universitaire de Salamanque et d\u00e9couvrez son universit\u00e9 et ses residences universitaires lors de la visite guid\u00e9e priv\u00e9e\" \/>\n<meta name=\"robots\" content=\"index, follow, max-snippet:-1, max-image-preview:large, max-video-preview:-1\" \/>\n<link rel=\"canonical\" href=\"https:\/\/tuguiaensalamanca.com\/fr\/visites\/visites-privees\/universite-de-salamanque\/\" \/>\n<meta property=\"og:locale\" content=\"fr_FR\" \/>\n<meta property=\"og:type\" content=\"article\" \/>\n<meta property=\"og:title\" content=\"Salamanque Universitaire : le meilleur tour guid\u00e9 priv\u00e9\" \/>\n<meta property=\"og:description\" content=\"Entrez dans la vie universitaire de Salamanque et d\u00e9couvrez son universit\u00e9 et ses residences universitaires lors de la visite guid\u00e9e priv\u00e9e\" \/>\n<meta property=\"og:url\" content=\"https:\/\/tuguiaensalamanca.com\/fr\/visites\/visites-privees\/universite-de-salamanque\/\" \/>\n<meta property=\"og:site_name\" content=\"Tu gu\u00eda en Salamanca\" \/>\n<meta property=\"article:publisher\" content=\"https:\/\/www.facebook.com\/tuguiaensalamanca\/\" \/>\n<meta property=\"article:modified_time\" content=\"2025-11-04T16:18:55+00:00\" \/>\n<meta property=\"og:image\" content=\"https:\/\/tuguiaensalamanca.com\/wp-content\/uploads\/2023\/04\/DSC0289-1-1.webp\" \/>\n\t<meta property=\"og:image:width\" content=\"1000\" \/>\n\t<meta property=\"og:image:height\" content=\"676\" \/>\n\t<meta property=\"og:image:type\" content=\"image\/webp\" \/>\n<meta name=\"twitter:card\" content=\"summary_large_image\" \/>\n<meta name=\"twitter:label1\" content=\"Dur\u00e9e de lecture estim\u00e9e\" \/>\n\t<meta name=\"twitter:data1\" content=\"1 minute\" \/>\n<script type=\"application\/ld+json\" class=\"yoast-schema-graph\">{\"@context\":\"https:\\\/\\\/schema.org\",\"@graph\":[{\"@type\":\"WebPage\",\"@id\":\"https:\\\/\\\/tuguiaensalamanca.com\\\/fr\\\/visites\\\/visites-privees\\\/universite-de-salamanque\\\/\",\"url\":\"https:\\\/\\\/tuguiaensalamanca.com\\\/fr\\\/visites\\\/visites-privees\\\/universite-de-salamanque\\\/\",\"name\":\"Salamanque Universitaire : le meilleur tour guid\u00e9 priv\u00e9\",\"isPartOf\":{\"@id\":\"https:\\\/\\\/tuguiaensalamanca.com\\\/fr\\\/#website\"},\"primaryImageOfPage\":{\"@id\":\"https:\\\/\\\/tuguiaensalamanca.com\\\/fr\\\/visites\\\/visites-privees\\\/universite-de-salamanque\\\/#primaryimage\"},\"image\":{\"@id\":\"https:\\\/\\\/tuguiaensalamanca.com\\\/fr\\\/visites\\\/visites-privees\\\/universite-de-salamanque\\\/#primaryimage\"},\"thumbnailUrl\":\"https:\\\/\\\/tuguiaensalamanca.com\\\/wp-content\\\/uploads\\\/2023\\\/04\\\/DSC0289-1-1.webp\",\"datePublished\":\"2023-03-10T09:20:51+00:00\",\"dateModified\":\"2025-11-04T16:18:55+00:00\",\"description\":\"Entrez dans la vie universitaire de Salamanque et d\u00e9couvrez son universit\u00e9 et ses residences universitaires lors de la visite guid\u00e9e priv\u00e9e\",\"breadcrumb\":{\"@id\":\"https:\\\/\\\/tuguiaensalamanca.com\\\/fr\\\/visites\\\/visites-privees\\\/universite-de-salamanque\\\/#breadcrumb\"},\"inLanguage\":\"fr-FR\",\"potentialAction\":[{\"@type\":\"ReadAction\",\"target\":[\"https:\\\/\\\/tuguiaensalamanca.com\\\/fr\\\/visites\\\/visites-privees\\\/universite-de-salamanque\\\/\"]}]},{\"@type\":\"ImageObject\",\"inLanguage\":\"fr-FR\",\"@id\":\"https:\\\/\\\/tuguiaensalamanca.com\\\/fr\\\/visites\\\/visites-privees\\\/universite-de-salamanque\\\/#primaryimage\",\"url\":\"https:\\\/\\\/tuguiaensalamanca.com\\\/wp-content\\\/uploads\\\/2023\\\/04\\\/DSC0289-1-1.webp\",\"contentUrl\":\"https:\\\/\\\/tuguiaensalamanca.com\\\/wp-content\\\/uploads\\\/2023\\\/04\\\/DSC0289-1-1.webp\",\"width\":1000,\"height\":676,\"caption\":\"DSC0289 1 1\"},{\"@type\":\"BreadcrumbList\",\"@id\":\"https:\\\/\\\/tuguiaensalamanca.com\\\/fr\\\/visites\\\/visites-privees\\\/universite-de-salamanque\\\/#breadcrumb\",\"itemListElement\":[{\"@type\":\"ListItem\",\"position\":1,\"name\":\"Accueil\",\"item\":\"https:\\\/\\\/tuguiaensalamanca.com\\\/fr\\\/\"},{\"@type\":\"ListItem\",\"position\":2,\"name\":\"Visites\",\"item\":\"https:\\\/\\\/tuguiaensalamanca.com\\\/fr\\\/visites\\\/\"},{\"@type\":\"ListItem\",\"position\":3,\"name\":\"visites priv\u00e9es\",\"item\":\"https:\\\/\\\/tuguiaensalamanca.com\\\/fr\\\/visites\\\/visites-privees\\\/\"},{\"@type\":\"ListItem\",\"position\":4,\"name\":\"Universit\u00e9 de Salamanque\"}]},{\"@type\":\"WebSite\",\"@id\":\"https:\\\/\\\/tuguiaensalamanca.com\\\/fr\\\/#website\",\"url\":\"https:\\\/\\\/tuguiaensalamanca.com\\\/fr\\\/\",\"name\":\"Tu gu\u00eda en Salamanca\",\"description\":\"Especialistas en turismo de calidad\",\"publisher\":{\"@id\":\"https:\\\/\\\/tuguiaensalamanca.com\\\/fr\\\/#organization\"},\"alternateName\":\"Tu gu\u00eda en Salamanca\",\"potentialAction\":[{\"@type\":\"SearchAction\",\"target\":{\"@type\":\"EntryPoint\",\"urlTemplate\":\"https:\\\/\\\/tuguiaensalamanca.com\\\/fr\\\/?s={search_term_string}\"},\"query-input\":{\"@type\":\"PropertyValueSpecification\",\"valueRequired\":true,\"valueName\":\"search_term_string\"}}],\"inLanguage\":\"fr-FR\"},{\"@type\":\"Organization\",\"@id\":\"https:\\\/\\\/tuguiaensalamanca.com\\\/fr\\\/#organization\",\"name\":\"Tu gu\u00eda en Salamanca\",\"alternateName\":\"Tu gu\u00eda en Salamanca\",\"url\":\"https:\\\/\\\/tuguiaensalamanca.com\\\/fr\\\/\",\"logo\":{\"@type\":\"ImageObject\",\"inLanguage\":\"fr-FR\",\"@id\":\"https:\\\/\\\/tuguiaensalamanca.com\\\/fr\\\/#\\\/schema\\\/logo\\\/image\\\/\",\"url\":\"https:\\\/\\\/tuguiaensalamanca.com\\\/wp-content\\\/uploads\\\/2020\\\/06\\\/logoAlexiaGrande-1.svg\",\"contentUrl\":\"https:\\\/\\\/tuguiaensalamanca.com\\\/wp-content\\\/uploads\\\/2020\\\/06\\\/logoAlexiaGrande-1.svg\",\"width\":1779,\"height\":714,\"caption\":\"Tu gu\u00eda en Salamanca\"},\"image\":{\"@id\":\"https:\\\/\\\/tuguiaensalamanca.com\\\/fr\\\/#\\\/schema\\\/logo\\\/image\\\/\"},\"sameAs\":[\"https:\\\/\\\/www.facebook.com\\\/tuguiaensalamanca\\\/\",\"https:\\\/\\\/www.instagram.com\\\/tuguiaensalamanca\\\/\",\"https:\\\/\\\/www.youtube.com\\\/@TUGUIAENSALAMANCA-rr5be\"]}]}<\/script>\n<!-- \/ Yoast SEO plugin. -->","yoast_head_json":{"title":"Salamanque Universitaire : le meilleur tour guid\u00e9 priv\u00e9","description":"Entrez dans la vie universitaire de Salamanque et d\u00e9couvrez son universit\u00e9 et ses residences universitaires lors de la visite guid\u00e9e priv\u00e9e","robots":{"index":"index","follow":"follow","max-snippet":"max-snippet:-1","max-image-preview":"max-image-preview:large","max-video-preview":"max-video-preview:-1"},"canonical":"https:\/\/tuguiaensalamanca.com\/fr\/visites\/visites-privees\/universite-de-salamanque\/","og_locale":"fr_FR","og_type":"article","og_title":"Salamanque Universitaire : le meilleur tour guid\u00e9 priv\u00e9","og_description":"Entrez dans la vie universitaire de Salamanque et d\u00e9couvrez son universit\u00e9 et ses residences universitaires lors de la visite guid\u00e9e priv\u00e9e","og_url":"https:\/\/tuguiaensalamanca.com\/fr\/visites\/visites-privees\/universite-de-salamanque\/","og_site_name":"Tu gu\u00eda en Salamanca","article_publisher":"https:\/\/www.facebook.com\/tuguiaensalamanca\/","article_modified_time":"2025-11-04T16:18:55+00:00","og_image":[{"width":1000,"height":676,"url":"https:\/\/tuguiaensalamanca.com\/wp-content\/uploads\/2023\/04\/DSC0289-1-1.webp","type":"image\/webp"}],"twitter_card":"summary_large_image","twitter_misc":{"Dur\u00e9e de lecture estim\u00e9e":"1 minute"},"schema":{"@context":"https:\/\/schema.org","@graph":[{"@type":"WebPage","@id":"https:\/\/tuguiaensalamanca.com\/fr\/visites\/visites-privees\/universite-de-salamanque\/","url":"https:\/\/tuguiaensalamanca.com\/fr\/visites\/visites-privees\/universite-de-salamanque\/","name":"Salamanque Universitaire : le meilleur tour guid\u00e9 priv\u00e9","isPartOf":{"@id":"https:\/\/tuguiaensalamanca.com\/fr\/#website"},"primaryImageOfPage":{"@id":"https:\/\/tuguiaensalamanca.com\/fr\/visites\/visites-privees\/universite-de-salamanque\/#primaryimage"},"image":{"@id":"https:\/\/tuguiaensalamanca.com\/fr\/visites\/visites-privees\/universite-de-salamanque\/#primaryimage"},"thumbnailUrl":"https:\/\/tuguiaensalamanca.com\/wp-content\/uploads\/2023\/04\/DSC0289-1-1.webp","datePublished":"2023-03-10T09:20:51+00:00","dateModified":"2025-11-04T16:18:55+00:00","description":"Entrez dans la vie universitaire de Salamanque et d\u00e9couvrez son universit\u00e9 et ses residences universitaires lors de la visite guid\u00e9e priv\u00e9e","breadcrumb":{"@id":"https:\/\/tuguiaensalamanca.com\/fr\/visites\/visites-privees\/universite-de-salamanque\/#breadcrumb"},"inLanguage":"fr-FR","potentialAction":[{"@type":"ReadAction","target":["https:\/\/tuguiaensalamanca.com\/fr\/visites\/visites-privees\/universite-de-salamanque\/"]}]},{"@type":"ImageObject","inLanguage":"fr-FR","@id":"https:\/\/tuguiaensalamanca.com\/fr\/visites\/visites-privees\/universite-de-salamanque\/#primaryimage","url":"https:\/\/tuguiaensalamanca.com\/wp-content\/uploads\/2023\/04\/DSC0289-1-1.webp","contentUrl":"https:\/\/tuguiaensalamanca.com\/wp-content\/uploads\/2023\/04\/DSC0289-1-1.webp","width":1000,"height":676,"caption":"DSC0289 1 1"},{"@type":"BreadcrumbList","@id":"https:\/\/tuguiaensalamanca.com\/fr\/visites\/visites-privees\/universite-de-salamanque\/#breadcrumb","itemListElement":[{"@type":"ListItem","position":1,"name":"Accueil","item":"https:\/\/tuguiaensalamanca.com\/fr\/"},{"@type":"ListItem","position":2,"name":"Visites","item":"https:\/\/tuguiaensalamanca.com\/fr\/visites\/"},{"@type":"ListItem","position":3,"name":"visites priv\u00e9es","item":"https:\/\/tuguiaensalamanca.com\/fr\/visites\/visites-privees\/"},{"@type":"ListItem","position":4,"name":"Universit\u00e9 de Salamanque"}]},{"@type":"WebSite","@id":"https:\/\/tuguiaensalamanca.com\/fr\/#website","url":"https:\/\/tuguiaensalamanca.com\/fr\/","name":"Tu gu\u00eda en Salamanca","description":"Especialistas en turismo de calidad","publisher":{"@id":"https:\/\/tuguiaensalamanca.com\/fr\/#organization"},"alternateName":"Tu gu\u00eda en Salamanca","potentialAction":[{"@type":"SearchAction","target":{"@type":"EntryPoint","urlTemplate":"https:\/\/tuguiaensalamanca.com\/fr\/?s={search_term_string}"},"query-input":{"@type":"PropertyValueSpecification","valueRequired":true,"valueName":"search_term_string"}}],"inLanguage":"fr-FR"},{"@type":"Organization","@id":"https:\/\/tuguiaensalamanca.com\/fr\/#organization","name":"Tu gu\u00eda en Salamanca","alternateName":"Tu gu\u00eda en Salamanca","url":"https:\/\/tuguiaensalamanca.com\/fr\/","logo":{"@type":"ImageObject","inLanguage":"fr-FR","@id":"https:\/\/tuguiaensalamanca.com\/fr\/#\/schema\/logo\/image\/","url":"https:\/\/tuguiaensalamanca.com\/wp-content\/uploads\/2020\/06\/logoAlexiaGrande-1.svg","contentUrl":"https:\/\/tuguiaensalamanca.com\/wp-content\/uploads\/2020\/06\/logoAlexiaGrande-1.svg","width":1779,"height":714,"caption":"Tu gu\u00eda en Salamanca"},"image":{"@id":"https:\/\/tuguiaensalamanca.com\/fr\/#\/schema\/logo\/image\/"},"sameAs":["https:\/\/www.facebook.com\/tuguiaensalamanca\/","https:\/\/www.instagram.com\/tuguiaensalamanca\/","https:\/\/www.youtube.com\/@TUGUIAENSALAMANCA-rr5be"]}]}},"_links":{"self":[{"href":"https:\/\/tuguiaensalamanca.com\/fr\/wp-json\/wp\/v2\/pages\/22885","targetHints":{"allow":["GET"]}}],"collection":[{"href":"https:\/\/tuguiaensalamanca.com\/fr\/wp-json\/wp\/v2\/pages"}],"about":[{"href":"https:\/\/tuguiaensalamanca.com\/fr\/wp-json\/wp\/v2\/types\/page"}],"author":[{"embeddable":true,"href":"https:\/\/tuguiaensalamanca.com\/fr\/wp-json\/wp\/v2\/users\/1"}],"replies":[{"embeddable":true,"href":"https:\/\/tuguiaensalamanca.com\/fr\/wp-json\/wp\/v2\/comments?post=22885"}],"version-history":[{"count":0,"href":"https:\/\/tuguiaensalamanca.com\/fr\/wp-json\/wp\/v2\/pages\/22885\/revisions"}],"up":[{"embeddable":true,"href":"https:\/\/tuguiaensalamanca.com\/fr\/wp-json\/wp\/v2\/pages\/22897"}],"wp:featuredmedia":[{"embeddable":true,"href":"https:\/\/tuguiaensalamanca.com\/fr\/wp-json\/wp\/v2\/media\/21761"}],"wp:attachment":[{"href":"https:\/\/tuguiaensalamanca.com\/fr\/wp-json\/wp\/v2\/media?parent=22885"}],"wp:term":[{"taxonomy":"categorias-de-paginas","embeddable":true,"href":"https:\/\/tuguiaensalamanca.com\/fr\/wp-json\/wp\/v2\/categorias-de-paginas?post=22885"}],"curies":[{"name":"wp","href":"https:\/\/api.w.org\/{rel}","templated":true}]}}