{"id":22867,"date":"2023-04-28T06:37:22","date_gmt":"2023-04-28T06:37:22","guid":{"rendered":"https:\/\/tuguiaensalamanca.com\/accessibilite\/"},"modified":"2023-05-26T09:06:19","modified_gmt":"2023-05-26T09:06:19","slug":"accessibilite","status":"publish","type":"page","link":"https:\/\/tuguiaensalamanca.com\/fr\/accessibilite\/","title":{"rendered":"Accessibilit\u00e9"},"content":{"rendered":"\t\t<div data-elementor-type=\"wp-page\" data-elementor-id=\"22867\" class=\"elementor elementor-22867 elementor-22139\" data-elementor-post-type=\"page\">\n\t\t\t\t\t\t<section class=\"elementor-section elementor-top-section elementor-element elementor-element-b1a6d2e elementor-section-boxed elementor-section-height-default elementor-section-height-default sc_fly_static\" data-id=\"b1a6d2e\" data-element_type=\"section\" data-e-type=\"section\">\n\t\t\t\t\t\t<div class=\"elementor-container elementor-column-gap-extended\">\n\t\t\t\t\t<div class=\"elementor-column elementor-col-100 elementor-top-column elementor-element elementor-element-b19bac2 sc_inner_width_none sc_content_align_inherit sc_layouts_column_icons_position_left sc_fly_static\" data-id=\"b19bac2\" data-element_type=\"column\" data-e-type=\"column\">\n\t\t\t<div class=\"elementor-widget-wrap elementor-element-populated\">\n\t\t\t\t\t\t<div class=\"elementor-element elementor-element-7cd7371 sc_fly_static elementor-widget elementor-widget-text-editor\" data-id=\"7cd7371\" data-element_type=\"widget\" data-e-type=\"widget\" data-widget_type=\"text-editor.default\">\n\t\t\t\t<div class=\"elementor-widget-container\">\n\t\t\t\t\t\t\t\t\t<p><strong><span style=\"font-size: 20px;\">Accessibilit\u00e9<\/span><\/strong><br \/>Cette d\u00e9claration d&rsquo;accessibilit\u00e9 s&rsquo;applique au site Web https:\/\/tuguiaensalamanca.com<\/p>\n<p><strong>\u00c9tat de conformit\u00e9<\/strong><br \/>Ce site Web est partiellement conforme au RD 1112\/2018 en raison des exceptions et du d\u00e9faut de conformit\u00e9 des aspects indiqu\u00e9s au point suivant.<\/p>\n<p><strong>Contenu non accessible<\/strong><br \/>Le contenu r\u00e9pertori\u00e9 ci-dessous n&rsquo;est pas accessible pour les raisons suivantes :<\/p>\n<p>Non-respect du RD 1112\/2018<\/p>\n<p>Certains documents bureautiques au format PDF et autres formats publi\u00e9s apr\u00e8s le 20 septembre 2018 pourraient ne pas r\u00e9pondre enti\u00e8rement aux exigences d&rsquo;accessibilit\u00e9. Des documents enti\u00e8rement accessibles peuvent \u00eatre demand\u00e9s \u00e0 partir du formulaire de contact pour formaliser les r\u00e9clamations et les requ\u00eates.<\/p>\n<p>Il peut y avoir des erreurs de code d&rsquo;\u00e9dition sp\u00e9cifiques sur certaines pages Web. [4 .1.1 Procesamiento]<\/p>\n<p>Il se peut que certains aspects du contraste ne respectent pas le minimum requis, 3:1, par rapport aux couleurs adjacentes de l&rsquo;arri\u00e8re-plan de la section du site Web en question. [9 .1.4.11 Contraste no textual]<\/p>\n<p>Il se peut que certains \u00e9l\u00e9ments non textuels ne soient pas balis\u00e9s correctement[2 .5.3 Etiqueta en el nombre] et [4 .1.2 Nombre funci\u00f3n y valor]<\/p>\n<p>Les moteurs de recherche recherchent automatiquement sans qu&rsquo;il soit n\u00e9cessaire d&rsquo;ordonner une action de l&rsquo;utilisateur [3 .2.2 Al recibir entradas]<\/p>\n<p><strong>fardeau disproportionn\u00e9<\/strong><\/p>\n<p>Ne s&rsquo;applique pas.<\/p>\n<p>Le contenu n&rsquo;entre pas dans le champ d&rsquo;application de la loi applicable<\/p>\n<p>Il peut y avoir des fichiers de bureau au format PDF ou d&rsquo;autres formats qui ne r\u00e9pondent pas enti\u00e8rement \u00e0 toutes les exigences d&rsquo;accessibilit\u00e9. Bien que des efforts aient \u00e9t\u00e9 faits pour s&rsquo;assurer que la plupart d&rsquo;entre eux se conforment.<\/p>\n<p><strong>Pr\u00e9parez-vous \u00e0 la d\u00e9claration d&rsquo;accessibilit\u00e9 suivante<\/strong><br \/>Cette d\u00e9claration a \u00e9t\u00e9 pr\u00e9par\u00e9e le 18 d\u00e9cembre 2022.<\/p>\n<p>La m\u00e9thode utilis\u00e9e pour pr\u00e9parer la d\u00e9claration a \u00e9t\u00e9 une auto-\u00e9valuation effectu\u00e9e par l&rsquo;organisme lui-m\u00eame.<\/p>\n<p><strong>Observations et coordonn\u00e9es<\/strong><br \/>Vous pouvez faire des communications sur les exigences d&rsquo;accessibilit\u00e9 (article 10.2.a du RD 1112\/2018) telles que :<\/p>\n<p>Signaler toute violation possible par ce site Web<br \/>Transmettre d&rsquo;autres difficult\u00e9s d&rsquo;acc\u00e8s au contenu<br \/>Formuler toute autre question ou suggestion d&rsquo;am\u00e9lioration li\u00e9e \u00e0 l&rsquo;accessibilit\u00e9 du site Web via le formulaire de contact de ce site Web<\/p>\n<p><strong>peut pr\u00e9senter<\/strong><br \/>R\u00e9clamation concernant le respect des exigences du RD 1112\/2018 ou<br \/>Demande d&rsquo;informations accessibles concernant :<br \/>Contenus exclus du champ d&rsquo;application du RD 1112\/2018 tel qu&rsquo;\u00e9tabli par l&rsquo;article 3, section 4<br \/>Contenu exempt\u00e9 du respect des exigences d&rsquo;accessibilit\u00e9 pour imposer une charge disproportionn\u00e9e<br \/>Dans la Demande d&rsquo;informations accessibles, les faits, motifs et demande permettant de v\u00e9rifier qu&rsquo;il s&rsquo;agit d&rsquo;une demande raisonnable et l\u00e9gitime doivent \u00eatre clairement pr\u00e9cis\u00e9s.<br \/>Les plaintes et r\u00e9clamations concernant les informations accessibles seront faites via le formulaire de contact sur ce site Web.<\/p>\n<p><strong>contenu facultatif<\/strong><br \/>Ce portail est con\u00e7u pour pouvoir modifier la taille du texte et la couleur, ainsi que l&rsquo;arri\u00e8re-plan de la page via les options de configuration standard des navigateurs.<\/p>\n<p>Si vous souhaitez modifier la taille de la police du texte dans les principaux navigateurs graphiques, utilisez les menus suivants :<\/p>\n<p>Internet Explorer, Mozilla et Firefox : Afficher &gt; taille du texte<br \/>Op\u00e9ra : Voir &gt;Zoom<br \/>Safari : Voir &gt; Agrandir le texte<br \/>Chrome : Contr\u00f4ler la page actuelle &gt; Taille du texte<br \/>Pour tout redimensionner sur la page :<br \/>Ctrl + + pour l&rsquo;augmenter<br \/>Ctrl + \u2013 pour le diminuer<br \/>Ctrl + 0 restaure la taille d&rsquo;origine du texte<br \/>Si vous voulez annuler la feuille de style ou modifier la couleur du texte, vous pouvez consulter la page Comment changer la taille du texte ou les couleurs du WAI, qui peut \u00eatre lue traduite en espagnol dans Comment changer la taille du texte ou couleurs?<\/p>\n\t\t\t\t\t\t\t\t<\/div>\n\t\t\t\t<\/div>\n\t\t\t\t\t<\/div>\n\t\t<\/div>\n\t\t\t\t\t<\/div>\n\t\t<\/section>\n\t\t\t\t<\/div>\n\t\t","protected":false},"excerpt":{"rendered":"<p>Accessibilit\u00e9Cette d\u00e9claration d&rsquo;accessibilit\u00e9 s&rsquo;applique au site Web https:\/\/tuguiaensalamanca.com \u00c9tat de conformit\u00e9Ce site Web est partiellement conforme au RD 1112\/2018 en raison des exceptions et du d\u00e9faut de conformit\u00e9 des aspects&hellip;<\/p>\n","protected":false},"author":1,"featured_media":0,"parent":0,"menu_order":0,"comment_status":"closed","ping_status":"closed","template":"elementor_header_footer","meta":{"_acf_changed":false,"rs_blank_template":"","rs_page_bg_color":"","slide_template_v7":"","footnotes":""},"categorias-de-paginas":[],"class_list":["post-22867","page","type-page","status-publish","hentry"],"acf":[],"yoast_head":"<!-- This site is optimized with the Yoast SEO plugin v27.4 - https:\/\/yoast.com\/product\/yoast-seo-wordpress\/ -->\n<title>Accessibilit\u00e9 - Tu gu\u00eda en Salamanca<\/title>\n<meta name=\"robots\" content=\"noindex, nofollow\" \/>\n<meta property=\"og:locale\" content=\"fr_FR\" \/>\n<meta property=\"og:type\" content=\"article\" \/>\n<meta property=\"og:title\" content=\"Accessibilit\u00e9 - Tu gu\u00eda en Salamanca\" \/>\n<meta property=\"og:description\" content=\"Accessibilit\u00e9Cette d\u00e9claration d&rsquo;accessibilit\u00e9 s&rsquo;applique au site Web https:\/\/tuguiaensalamanca.com \u00c9tat de conformit\u00e9Ce site Web est partiellement conforme au RD 1112\/2018 en raison des exceptions et du d\u00e9faut de conformit\u00e9 des aspects&hellip;\" \/>\n<meta property=\"og:url\" content=\"https:\/\/tuguiaensalamanca.com\/fr\/accessibilite\/\" \/>\n<meta property=\"og:site_name\" content=\"Tu gu\u00eda en Salamanca\" \/>\n<meta property=\"article:publisher\" content=\"https:\/\/www.facebook.com\/tuguiaensalamanca\/\" \/>\n<meta property=\"article:modified_time\" content=\"2023-05-26T09:06:19+00:00\" \/>\n<meta name=\"twitter:card\" content=\"summary_large_image\" \/>\n<meta name=\"twitter:label1\" content=\"Dur\u00e9e de lecture estim\u00e9e\" \/>\n\t<meta name=\"twitter:data1\" content=\"3 minutes\" \/>\n<script type=\"application\/ld+json\" class=\"yoast-schema-graph\">{\"@context\":\"https:\\\/\\\/schema.org\",\"@graph\":[{\"@type\":\"WebPage\",\"@id\":\"https:\\\/\\\/tuguiaensalamanca.com\\\/fr\\\/accessibilite\\\/\",\"url\":\"https:\\\/\\\/tuguiaensalamanca.com\\\/fr\\\/accessibilite\\\/\",\"name\":\"Accessibilit\u00e9 - Tu gu\u00eda en Salamanca\",\"isPartOf\":{\"@id\":\"https:\\\/\\\/tuguiaensalamanca.com\\\/fr\\\/#website\"},\"datePublished\":\"2023-04-28T06:37:22+00:00\",\"dateModified\":\"2023-05-26T09:06:19+00:00\",\"breadcrumb\":{\"@id\":\"https:\\\/\\\/tuguiaensalamanca.com\\\/fr\\\/accessibilite\\\/#breadcrumb\"},\"inLanguage\":\"fr-FR\",\"potentialAction\":[{\"@type\":\"ReadAction\",\"target\":[\"https:\\\/\\\/tuguiaensalamanca.com\\\/fr\\\/accessibilite\\\/\"]}]},{\"@type\":\"BreadcrumbList\",\"@id\":\"https:\\\/\\\/tuguiaensalamanca.com\\\/fr\\\/accessibilite\\\/#breadcrumb\",\"itemListElement\":[{\"@type\":\"ListItem\",\"position\":1,\"name\":\"Accueil\",\"item\":\"https:\\\/\\\/tuguiaensalamanca.com\\\/fr\\\/\"},{\"@type\":\"ListItem\",\"position\":2,\"name\":\"Accessibilit\u00e9\"}]},{\"@type\":\"WebSite\",\"@id\":\"https:\\\/\\\/tuguiaensalamanca.com\\\/fr\\\/#website\",\"url\":\"https:\\\/\\\/tuguiaensalamanca.com\\\/fr\\\/\",\"name\":\"Tu gu\u00eda en Salamanca\",\"description\":\"Especialistas en turismo de calidad\",\"publisher\":{\"@id\":\"https:\\\/\\\/tuguiaensalamanca.com\\\/fr\\\/#organization\"},\"alternateName\":\"Tu gu\u00eda en Salamanca\",\"potentialAction\":[{\"@type\":\"SearchAction\",\"target\":{\"@type\":\"EntryPoint\",\"urlTemplate\":\"https:\\\/\\\/tuguiaensalamanca.com\\\/fr\\\/?s={search_term_string}\"},\"query-input\":{\"@type\":\"PropertyValueSpecification\",\"valueRequired\":true,\"valueName\":\"search_term_string\"}}],\"inLanguage\":\"fr-FR\"},{\"@type\":\"Organization\",\"@id\":\"https:\\\/\\\/tuguiaensalamanca.com\\\/fr\\\/#organization\",\"name\":\"Tu gu\u00eda en Salamanca\",\"alternateName\":\"Tu gu\u00eda en Salamanca\",\"url\":\"https:\\\/\\\/tuguiaensalamanca.com\\\/fr\\\/\",\"logo\":{\"@type\":\"ImageObject\",\"inLanguage\":\"fr-FR\",\"@id\":\"https:\\\/\\\/tuguiaensalamanca.com\\\/fr\\\/#\\\/schema\\\/logo\\\/image\\\/\",\"url\":\"https:\\\/\\\/tuguiaensalamanca.com\\\/wp-content\\\/uploads\\\/2020\\\/06\\\/logoAlexiaGrande-1.svg\",\"contentUrl\":\"https:\\\/\\\/tuguiaensalamanca.com\\\/wp-content\\\/uploads\\\/2020\\\/06\\\/logoAlexiaGrande-1.svg\",\"width\":1779,\"height\":714,\"caption\":\"Tu gu\u00eda en Salamanca\"},\"image\":{\"@id\":\"https:\\\/\\\/tuguiaensalamanca.com\\\/fr\\\/#\\\/schema\\\/logo\\\/image\\\/\"},\"sameAs\":[\"https:\\\/\\\/www.facebook.com\\\/tuguiaensalamanca\\\/\",\"https:\\\/\\\/www.instagram.com\\\/tuguiaensalamanca\\\/\",\"https:\\\/\\\/www.youtube.com\\\/@TUGUIAENSALAMANCA-rr5be\"]}]}<\/script>\n<!-- \/ Yoast SEO plugin. -->","yoast_head_json":{"title":"Accessibilit\u00e9 - Tu gu\u00eda en Salamanca","robots":{"index":"noindex","follow":"nofollow"},"og_locale":"fr_FR","og_type":"article","og_title":"Accessibilit\u00e9 - Tu gu\u00eda en Salamanca","og_description":"Accessibilit\u00e9Cette d\u00e9claration d&rsquo;accessibilit\u00e9 s&rsquo;applique au site Web https:\/\/tuguiaensalamanca.com \u00c9tat de conformit\u00e9Ce site Web est partiellement conforme au RD 1112\/2018 en raison des exceptions et du d\u00e9faut de conformit\u00e9 des aspects&hellip;","og_url":"https:\/\/tuguiaensalamanca.com\/fr\/accessibilite\/","og_site_name":"Tu gu\u00eda en Salamanca","article_publisher":"https:\/\/www.facebook.com\/tuguiaensalamanca\/","article_modified_time":"2023-05-26T09:06:19+00:00","twitter_card":"summary_large_image","twitter_misc":{"Dur\u00e9e de lecture estim\u00e9e":"3 minutes"},"schema":{"@context":"https:\/\/schema.org","@graph":[{"@type":"WebPage","@id":"https:\/\/tuguiaensalamanca.com\/fr\/accessibilite\/","url":"https:\/\/tuguiaensalamanca.com\/fr\/accessibilite\/","name":"Accessibilit\u00e9 - Tu gu\u00eda en Salamanca","isPartOf":{"@id":"https:\/\/tuguiaensalamanca.com\/fr\/#website"},"datePublished":"2023-04-28T06:37:22+00:00","dateModified":"2023-05-26T09:06:19+00:00","breadcrumb":{"@id":"https:\/\/tuguiaensalamanca.com\/fr\/accessibilite\/#breadcrumb"},"inLanguage":"fr-FR","potentialAction":[{"@type":"ReadAction","target":["https:\/\/tuguiaensalamanca.com\/fr\/accessibilite\/"]}]},{"@type":"BreadcrumbList","@id":"https:\/\/tuguiaensalamanca.com\/fr\/accessibilite\/#breadcrumb","itemListElement":[{"@type":"ListItem","position":1,"name":"Accueil","item":"https:\/\/tuguiaensalamanca.com\/fr\/"},{"@type":"ListItem","position":2,"name":"Accessibilit\u00e9"}]},{"@type":"WebSite","@id":"https:\/\/tuguiaensalamanca.com\/fr\/#website","url":"https:\/\/tuguiaensalamanca.com\/fr\/","name":"Tu gu\u00eda en Salamanca","description":"Especialistas en turismo de calidad","publisher":{"@id":"https:\/\/tuguiaensalamanca.com\/fr\/#organization"},"alternateName":"Tu gu\u00eda en Salamanca","potentialAction":[{"@type":"SearchAction","target":{"@type":"EntryPoint","urlTemplate":"https:\/\/tuguiaensalamanca.com\/fr\/?s={search_term_string}"},"query-input":{"@type":"PropertyValueSpecification","valueRequired":true,"valueName":"search_term_string"}}],"inLanguage":"fr-FR"},{"@type":"Organization","@id":"https:\/\/tuguiaensalamanca.com\/fr\/#organization","name":"Tu gu\u00eda en Salamanca","alternateName":"Tu gu\u00eda en Salamanca","url":"https:\/\/tuguiaensalamanca.com\/fr\/","logo":{"@type":"ImageObject","inLanguage":"fr-FR","@id":"https:\/\/tuguiaensalamanca.com\/fr\/#\/schema\/logo\/image\/","url":"https:\/\/tuguiaensalamanca.com\/wp-content\/uploads\/2020\/06\/logoAlexiaGrande-1.svg","contentUrl":"https:\/\/tuguiaensalamanca.com\/wp-content\/uploads\/2020\/06\/logoAlexiaGrande-1.svg","width":1779,"height":714,"caption":"Tu gu\u00eda en Salamanca"},"image":{"@id":"https:\/\/tuguiaensalamanca.com\/fr\/#\/schema\/logo\/image\/"},"sameAs":["https:\/\/www.facebook.com\/tuguiaensalamanca\/","https:\/\/www.instagram.com\/tuguiaensalamanca\/","https:\/\/www.youtube.com\/@TUGUIAENSALAMANCA-rr5be"]}]}},"_links":{"self":[{"href":"https:\/\/tuguiaensalamanca.com\/fr\/wp-json\/wp\/v2\/pages\/22867","targetHints":{"allow":["GET"]}}],"collection":[{"href":"https:\/\/tuguiaensalamanca.com\/fr\/wp-json\/wp\/v2\/pages"}],"about":[{"href":"https:\/\/tuguiaensalamanca.com\/fr\/wp-json\/wp\/v2\/types\/page"}],"author":[{"embeddable":true,"href":"https:\/\/tuguiaensalamanca.com\/fr\/wp-json\/wp\/v2\/users\/1"}],"replies":[{"embeddable":true,"href":"https:\/\/tuguiaensalamanca.com\/fr\/wp-json\/wp\/v2\/comments?post=22867"}],"version-history":[{"count":0,"href":"https:\/\/tuguiaensalamanca.com\/fr\/wp-json\/wp\/v2\/pages\/22867\/revisions"}],"wp:attachment":[{"href":"https:\/\/tuguiaensalamanca.com\/fr\/wp-json\/wp\/v2\/media?parent=22867"}],"wp:term":[{"taxonomy":"categorias-de-paginas","embeddable":true,"href":"https:\/\/tuguiaensalamanca.com\/fr\/wp-json\/wp\/v2\/categorias-de-paginas?post=22867"}],"curies":[{"name":"wp","href":"https:\/\/api.w.org\/{rel}","templated":true}]}}